{"id":24295,"date":"2016-02-01T13:35:32","date_gmt":"2016-02-01T12:35:32","guid":{"rendered":"http:\/\/www.libraria-occitana.org\/all-products\/adiu-miladiu?lang=en"},"modified":"2026-04-08T08:51:50","modified_gmt":"2026-04-08T06:51:50","slug":"adiu-miladiu","status":"publish","type":"product","link":"https:\/\/www.libraria-occitana.org\/en\/product\/adiu-miladiu\/","title":{"rendered":"Adiu Miladiu !"},"content":{"rendered":"<p><strong>Cyrille Brotto :<\/strong> Accord\u00e9on diatonique, tustaf\u00f2na<br \/>\n<strong>Guillaume Lopez :<\/strong> Chant, fl\u00fbte, cornemuse<\/p>\n<p>Un duo \u00e0 l\u2019\u00e9nergie d\u00e9bordante, enivrante, pour un moment de complicit\u00e9 musicale et sc\u00e9nique incomparable.<br \/>\nLeur style unique est aujourd\u2019hui reconnu de tous. Quand l\u2019efficacit\u00e9, la finesse et la virtuosit\u00e9 de Cyrille, s\u2019allient \u00e0 la voix unique de Guillaume, ses fl\u00fbtes vagabondes, son autod\u00e9rision, cela donne un cocktail d\u00e9tonnant !<\/p>\n<p><strong>Titres :<\/strong><br \/>\n1. Adiu Miladiu ! [Scottish] 3&#8217;25&#8221;<br \/>\n2. C\u00f2r adobat (feat. Les Ogres de Barback) [Mazurka] 4&#8217;25&#8221;<br \/>\n3. Quand io me&#8217;n vau per las b\u00f2rdas [Rondeau de Gamatan] 2&#8217;59&#8221;<br \/>\n4. F\u00e8sta d&#8217;u\u00e8i [Valse] 3&#8217;32&#8221;<br \/>\n5. Suite de rondes [Ronde du Quercy] 2&#8217;25&#8221;<br \/>\n6. La dansarem pas pus [Bourr\u00e9e 2 temps] 3&#8217;36&#8221;<br \/>\n7. Sons et soufflets [Rondeau] 3&#8217;28&#8221;<br \/>\n8. Se totes cocuts [Polka] 2&#8217;24&#8221;<br \/>\n9. Lo galant [Branle] 3&#8217;09&#8221;<br \/>\n10. Lo cocut es m\u00f2rt [Scottish valse] 2&#8217;23&#8221;<br \/>\n11. Suite de congos 2&#8217;19&#8221;<br \/>\n12. Pastorel de del\u00e0 l&#8217;aiga 1&#8217;10&#8221;<br \/>\n13. Passat deman (feat. Alexandra Lacouchie) [Bourr\u00e9e] 1&#8217;55&#8221;<br \/>\n14. Suite bour\u00e9es du Limousin (feat. Alexandra Lacouchie) [Bourr\u00e9e] 2&#8217;12&#8221;<br \/>\n15. Pastorel de del\u00e0 l&#8217;aiga 2 1&#8217;37&#8221;<br \/>\n16. Le Bal kessec\u00e9 ? (feat. Bernard Cauhap\u00e9) 5&#8217;44&#8221;<br \/>\n17. Ombreta per ombreta 3&#8217;41&#8221;<\/p>\n","protected":false},"excerpt":{"rendered":"<p>Cyrille Brotto : Accord\u00e9on diatonique, tustaf\u00f2na Guillaume Lopez : Chant, fl\u00fbte, cornemuse Un duo \u00e0 l\u2019\u00e9nergie d\u00e9bordante, enivrante, pour un moment de complicit\u00e9 musicale et sc\u00e9nique incomparable. Leur style unique est aujourd\u2019hui reconnu de tous. Quand l\u2019efficacit\u00e9, la finesse et la virtuosit\u00e9 de Cyrille, s\u2019allient \u00e0 la voix unique de Guillaume, ses fl\u00fbtes vagabondes, son [&hellip;]<\/p>\n","protected":false},"featured_media":36649,"template":"","meta":{"_acf_changed":false,"_genesis_hide_title":false,"_genesis_hide_breadcrumbs":false,"_genesis_hide_singular_image":false,"_genesis_hide_footer_widgets":false,"_genesis_custom_body_class":"","_genesis_custom_post_class":"","_genesis_layout":""},"product_brand":[],"product_cat":[7228,7216],"product_tag":[],"class_list":{"0":"post-24295","1":"product","2":"type-product","3":"status-publish","4":"has-post-thumbnail","6":"product_cat-modern-folk-en","7":"product_cat-music-en","8":"pa_auteur-duo-brotto-lopez-en","9":"pa_editeur-c-a-m-o-m-en","10":"pa_langue-occitan-en","11":"pa_langue-occitan-lengadocian-en","12":"entry","14":"first","15":"outofstock","16":"shipping-taxable","17":"purchasable","18":"product-type-simple"},"acf":[],"_links":{"self":[{"href":"https:\/\/www.libraria-occitana.org\/en\/wp-json\/wp\/v2\/product\/24295","targetHints":{"allow":["GET"]}}],"collection":[{"href":"https:\/\/www.libraria-occitana.org\/en\/wp-json\/wp\/v2\/product"}],"about":[{"href":"https:\/\/www.libraria-occitana.org\/en\/wp-json\/wp\/v2\/types\/product"}],"wp:featuredmedia":[{"embeddable":true,"href":"https:\/\/www.libraria-occitana.org\/en\/wp-json\/wp\/v2\/media\/36649"}],"wp:attachment":[{"href":"https:\/\/www.libraria-occitana.org\/en\/wp-json\/wp\/v2\/media?parent=24295"}],"wp:term":[{"taxonomy":"product_brand","embeddable":true,"href":"https:\/\/www.libraria-occitana.org\/en\/wp-json\/wp\/v2\/product_brand?post=24295"},{"taxonomy":"product_cat","embeddable":true,"href":"https:\/\/www.libraria-occitana.org\/en\/wp-json\/wp\/v2\/product_cat?post=24295"},{"taxonomy":"product_tag","embeddable":true,"href":"https:\/\/www.libraria-occitana.org\/en\/wp-json\/wp\/v2\/product_tag?post=24295"}],"curies":[{"name":"wp","href":"https:\/\/api.w.org\/{rel}","templated":true}]}}