{"id":24300,"date":"2016-01-01T15:46:44","date_gmt":"2016-01-01T14:46:44","guid":{"rendered":"http:\/\/www.libraria-occitana.org\/all-products\/enfachinaires?lang=en"},"modified":"2026-04-29T02:36:22","modified_gmt":"2026-04-29T00:36:22","slug":"enfachinaires","status":"publish","type":"product","link":"https:\/\/www.libraria-occitana.org\/en\/product\/enfachinaires\/","title":{"rendered":"Enfachinaires"},"content":{"rendered":"<p><strong>Laurence Dupr\u00e9 :<\/strong> violons, voix<br \/>\n<strong>Olivier Wely :<\/strong> violons, alto, voix<\/p>\n<p>Le r\u00e9pertoire des musiques traditionnelles d\u2019Auvergne et du Limousin et quelques vagabondages p\u00e9riph\u00e9riques que nous avons choisis pour ce disque est au promeneur ce que le sable est \u00e0 la plage. De loin, elle donne l\u2019impression d\u2019une surface unie, presque uniforme, mais de pr\u00e8s, elle s\u2019av\u00e8re compos\u00e9e de milliers de grains, tous diff\u00e9rents les uns des autres, et constitu\u00e9e d\u2019autant de mati\u00e8res composites.<br \/>\nDans cette diversit\u00e9 nous nous sommes \u00e0 nouveau gliss\u00e9s. Et plut\u00f4t que de vouloir la narrer telle qu\u2019elle appara\u00eet, nous avons voulu faire corps avec elle. Nous apercevoir qu\u2019au moment de jouer, une voix, des voix, sans nom, nous pr\u00e9c\u00e9daient et que peut-\u00eatre, il nous suffisait d\u2019encha\u00eener \u00e0 leur suite, sans y prendre garde, comme si elles nous avaient fait un signe en se tenant, en suspens, \u00e0 nos c\u00f4t\u00e9s.<br \/>\nSi, comme le dit Edmund Husserl, la tradition est \u00ab l\u2019oubli des origines \u00bb, la recherche des fragments perdus, oubli\u00e9s de cette histoire nous a permis de construire un autre r\u00e9cit, de \u00ab r\u00e9nover le pass\u00e9\u00bb, et d\u2019en avoir une lecture vivante. En ce sens chaque m\u00e9lodie et leurs interpr\u00e8tes t\u00e9moignent \u00e0 leur mani\u00e8re d\u2019une profonde modernit\u00e9 dans la mesure o\u00f9 se joue ici une rupture. Elle confronte deux mondes, celui des violoneux, les vrais \u00ab Modernes \u00bb, et nous, leurs \u00e9ternels d\u00e9biteurs. La mati\u00e8re qui nous a \u00e9t\u00e9 livr\u00e9e est riche de complexit\u00e9, de cr\u00e9ativit\u00e9 et de libert\u00e9. Elle est profond\u00e9ment inscrite dans un quotidien qui r\u00e9v\u00e8le un r\u00e9el d\u00e9barrass\u00e9 des oripeaux de l\u2019imaginaire. \u00ab Le r\u00e9el n\u2019est jamais \u00ab ce qu\u2019on pourrait croire \u00bb mais il est toujours ce qu\u2019on aurait d\u00fb penser \u00bb.<br \/>\nDans ce nouvel opus, nous avons voulu jouer avec l\u2019\u00e9nergie, la cadence, en laissant certaines m\u00e9lodies nous ensorceler. Nous les avons orn\u00e9es des diverses influences musicales avec lesquelles nous cheminons depuis que nous nous sommes engag\u00e9s dans cette aventure.<br \/>\nQue l\u2019auditeur se laisse envo\u00fbter par le plaisir que nous avons eu autant \u00e0 \u00e9crire cet album qu\u2019\u00e0 l\u2019interpr\u00e9ter \u00ab et qu\u2019il estime perdue toute journ\u00e9e o\u00f9 il n\u2019aura pas dans\u00e9 au moins une fois \u00bb.<\/p>\n<p style=\"text-align: right;\">Extrait du livret<\/p>\n<p><strong>Titres :<\/strong><br \/>\n1. Ont menarem gardar (Bourr\u00e9e, Auvergne-Limousin) 2&#8217;34&#8221;<br \/>\n2. Bourr\u00e9e de Lanla \/ Bourr\u00e9e \u00e0 Solomagne (Bourr\u00e9es, Auvergne-Limousin) 3&#8217;32&#8221;<br \/>\n3. R\u00eave de Valse, R\u00eave d&#8217;un Jour \/ Or et Argent (Valses, R\u00e9pertoire Joseph Perrier, Auvergne) 4&#8217;18&#8221;<br \/>\n4. Bourr\u00e9e du KB \/ Vers chez Soutou (Bourr\u00e9es, O. Wely) 3&#8217;18&#8221;<br \/>\n5. Scottish \u00e0 Michel P\u00e9chadre \/ L&#8217;estre (Scottishs, Auvergne) 2&#8217;21&#8221;<br \/>\n6. Polka \u00e0 Chabrier (Polka, Auvergne) 2&#8217;51&#8221;<br \/>\n7. Mazurka de Jean Chabaud \/ Souvenirs de Villefort (Mazurkas, Auvergne) 3&#8217;22&#8221;<br \/>\n8. Bourr\u00e9es \u00e0 Gustave Ythier (Bourr\u00e9es, Auvergne) 3&#8217;34&#8221;<br \/>\n9. La fille d&#8217;un fermier \/ Lo Pastro (Valses, Rouergue-Auvergne) 4&#8217;13&#8221;<br \/>\n10. Bourr\u00e9e de Trenou (Bourr\u00e9e, Auvergne) 2&#8217;37&#8221;<br \/>\n11. Se t&#8217;as paur que lo lop s&#8217;espine \/ Pinton \/ Le Pas piqu\u00e9 (Polkas piqu\u00e9es, Limousin-Auvergne) 2&#8217;34&#8221;<br \/>\n12. Mazurka \u00e0 Gaston Pouget \/ Polonaise du premier concerto Brandebourgeois (Mazurka, Limousin \/ J.-S. Bach) 3&#8217;24&#8221;<br \/>\n13. Bourr\u00e9es \u00e0 Jean Ribeyrolle (Bourr\u00e9es, Auvergne) 2&#8217;46&#8221;<br \/>\n14. Scottish \u00e0 Gaston Pouget (Scottish, Limousin) 3&#8217;10&#8221;<br \/>\n15. Les enfachinaires \/ Bourr\u00e9e d&#8217;Igny (Bourr\u00e9es, O. Wely \/ L. Dupr\u00e9) 3&#8217;08&#8221;<\/p>\n","protected":false},"excerpt":{"rendered":"<p>Laurence Dupr\u00e9 : violons, voix Olivier Wely : violons, alto, voix Le r\u00e9pertoire des musiques traditionnelles d\u2019Auvergne et du Limousin et quelques vagabondages p\u00e9riph\u00e9riques que nous avons choisis pour ce disque est au promeneur ce que le sable est \u00e0 la plage. De loin, elle donne l\u2019impression d\u2019une surface unie, presque uniforme, mais de pr\u00e8s, [&hellip;]<\/p>\n","protected":false},"featured_media":17577,"template":"","meta":{"_acf_changed":false,"_genesis_hide_title":false,"_genesis_hide_breadcrumbs":false,"_genesis_hide_singular_image":false,"_genesis_hide_footer_widgets":false,"_genesis_custom_body_class":"","_genesis_custom_post_class":"","_genesis_layout":""},"product_brand":[],"product_cat":[7228,7216],"product_tag":[],"class_list":{"0":"post-24300","1":"product","2":"type-product","3":"status-publish","4":"has-post-thumbnail","6":"product_cat-modern-folk-en","7":"product_cat-music-en","8":"pa_auteur-dzouga-en","9":"pa_editeur-aepem-en","10":"entry","12":"first","13":"instock","14":"shipping-taxable","15":"purchasable","16":"product-type-simple"},"acf":[],"_links":{"self":[{"href":"https:\/\/www.libraria-occitana.org\/en\/wp-json\/wp\/v2\/product\/24300","targetHints":{"allow":["GET"]}}],"collection":[{"href":"https:\/\/www.libraria-occitana.org\/en\/wp-json\/wp\/v2\/product"}],"about":[{"href":"https:\/\/www.libraria-occitana.org\/en\/wp-json\/wp\/v2\/types\/product"}],"wp:featuredmedia":[{"embeddable":true,"href":"https:\/\/www.libraria-occitana.org\/en\/wp-json\/wp\/v2\/media\/17577"}],"wp:attachment":[{"href":"https:\/\/www.libraria-occitana.org\/en\/wp-json\/wp\/v2\/media?parent=24300"}],"wp:term":[{"taxonomy":"product_brand","embeddable":true,"href":"https:\/\/www.libraria-occitana.org\/en\/wp-json\/wp\/v2\/product_brand?post=24300"},{"taxonomy":"product_cat","embeddable":true,"href":"https:\/\/www.libraria-occitana.org\/en\/wp-json\/wp\/v2\/product_cat?post=24300"},{"taxonomy":"product_tag","embeddable":true,"href":"https:\/\/www.libraria-occitana.org\/en\/wp-json\/wp\/v2\/product_tag?post=24300"}],"curies":[{"name":"wp","href":"https:\/\/api.w.org\/{rel}","templated":true}]}}