{"id":25200,"date":"2016-02-25T19:44:47","date_gmt":"2016-02-25T18:44:47","guid":{"rendered":"http:\/\/www.libraria-occitana.org\/all-products\/les-aventures-du-chevalier-jaufre?lang=en"},"modified":"2026-04-29T10:17:47","modified_gmt":"2026-04-29T08:17:47","slug":"les-aventures-du-chevalier-jaufre","status":"publish","type":"product","link":"https:\/\/www.libraria-occitana.org\/en\/product\/les-aventures-du-chevalier-jaufre\/","title":{"rendered":"Les Aventures du chevalier Jaufr\u00e9"},"content":{"rendered":"<p>Que l\u2019on se figure un kiosque de Smyrne ou de Grenade aux colonnettes de marbre blanc, sveltes et gracieuses comme celles du palais de l\u2019Alhambra aux tr\u00e8fles \u00e9l\u00e9gants, aux vitraux colori\u00e9s et radieux de toutes parts des clart\u00e9s d\u2019un soleil de mai\u2026 voil\u00e0 le roman de Jaufr\u00e9 !&#8230; Rien de plus piquant, de plus neuf, de plus fantastique et qui refl\u00e8te mieux les caprices charmants de l\u2019imagination m\u00e9ridionale au Moyen \u00c2ge.<br \/>\nLa soci\u00e9t\u00e9 f\u00e9odale revit tout enti\u00e8re dans ce roman compos\u00e9 \u00e0 la fin du XIIe ou au d\u00e9but du XIIIe si\u00e8cle avec ses f\u00e9eries, ses fictions chevaleresques, ses m\u0153urs et ses grands coups de lance ; et tel est l&#8217;int\u00e9r\u00eat du r\u00e9cit, qu\u2019on s\u2019y abandonne avec autant de plaisir que nos a\u00efeux, quand il \u00e9tait cont\u00e9 aux sons de la viole du jongleur, dans la grande salle des ch\u00e2teaux ou sous les tentes.<\/p>\n<p>Traduit de l&#8217;occitan.<\/p>\n","protected":false},"excerpt":{"rendered":"<p>Que l\u2019on se figure un kiosque de Smyrne ou de Grenade aux colonnettes de marbre blanc, sveltes et gracieuses comme celles du palais de l\u2019Alhambra aux tr\u00e8fles \u00e9l\u00e9gants, aux vitraux colori\u00e9s et radieux de toutes parts des clart\u00e9s d\u2019un soleil de mai\u2026 voil\u00e0 le roman de Jaufr\u00e9 !&#8230; Rien de plus piquant, de plus neuf, [&hellip;]<\/p>\n","protected":false},"featured_media":17602,"template":"","meta":{"_acf_changed":false,"_genesis_hide_title":false,"_genesis_hide_breadcrumbs":false,"_genesis_hide_singular_image":false,"_genesis_hide_footer_widgets":false,"_genesis_custom_body_class":"","_genesis_custom_post_class":"","_genesis_layout":""},"product_brand":[],"product_cat":[7132,7174,7182],"product_tag":[],"class_list":{"0":"post-25200","1":"product","2":"type-product","3":"status-publish","4":"has-post-thumbnail","6":"product_cat-books","7":"product_cat-literature-en","8":"product_cat-novels-short-stories-en","9":"pa_auteur-anonime-en","10":"pa_editeur-libretto-en","11":"pa_illustrateur-mary-lafon-jean-bernard-en","12":"pa_langue-francais-en","13":"entry","15":"first","16":"outofstock","17":"shipping-taxable","18":"purchasable","19":"product-type-simple"},"acf":[],"_links":{"self":[{"href":"https:\/\/www.libraria-occitana.org\/en\/wp-json\/wp\/v2\/product\/25200","targetHints":{"allow":["GET"]}}],"collection":[{"href":"https:\/\/www.libraria-occitana.org\/en\/wp-json\/wp\/v2\/product"}],"about":[{"href":"https:\/\/www.libraria-occitana.org\/en\/wp-json\/wp\/v2\/types\/product"}],"wp:featuredmedia":[{"embeddable":true,"href":"https:\/\/www.libraria-occitana.org\/en\/wp-json\/wp\/v2\/media\/17602"}],"wp:attachment":[{"href":"https:\/\/www.libraria-occitana.org\/en\/wp-json\/wp\/v2\/media?parent=25200"}],"wp:term":[{"taxonomy":"product_brand","embeddable":true,"href":"https:\/\/www.libraria-occitana.org\/en\/wp-json\/wp\/v2\/product_brand?post=25200"},{"taxonomy":"product_cat","embeddable":true,"href":"https:\/\/www.libraria-occitana.org\/en\/wp-json\/wp\/v2\/product_cat?post=25200"},{"taxonomy":"product_tag","embeddable":true,"href":"https:\/\/www.libraria-occitana.org\/en\/wp-json\/wp\/v2\/product_tag?post=25200"}],"curies":[{"name":"wp","href":"https:\/\/api.w.org\/{rel}","templated":true}]}}