{"id":27727,"date":"2016-03-25T17:52:06","date_gmt":"2016-03-25T16:52:06","guid":{"rendered":"http:\/\/www.libraria-occitana.org\/all-products\/4-saisons-en-montagne-quate-sasons-en-montagne-dvd-libreton?lang=en"},"modified":"2024-07-05T00:02:10","modified_gmt":"2024-07-04T22:02:10","slug":"4-saisons-en-montagne-quate-sasons-en-montagne-dvd-libreton","status":"publish","type":"product","link":"https:\/\/www.libraria-occitana.org\/en\/product\/4-saisons-en-montagne-quate-sasons-en-montagne-dvd-libreton\/","title":{"rendered":"4 saisons en montagne &#8211; Quate sasons en montagne (DVD + libreton)"},"content":{"rendered":"<p><strong>[oc]<\/strong><br \/>\nAqu\u00e8th proj\u00e8cte d&#8217;edicion, vad\u00f3 de l&#8217;encontra d&#8217;amor\u00f3s de la montanha e de \u00ab\u00a0la lenga deu pa\u00eds \u00bb, au parat de la H\u00e8ra de las associacions de la vila de Tarba de 2008. Apr\u00e8s mantunas esitacions sus lo son contiengut, que son centenats d&#8217;\u00f2ras passadas en montanha a esperar e estar pacient, per tots temps e sus las quata sasons, t\u00e0 suspr\u00e9ner e filmar actors caprici\u00f3s.<br \/>\nE enco\u00e8ra centenats d&#8217;\u00f2ras en estudi\u00f2 a amechar l&#8217;engibana caprici\u00f3s eth tanben, seleccionar imatges las mes ber\u00f2ias, escr\u00edver t\u00e8xtes e enregistrar lo comentari.<br \/>\nUn tribalh d&#8217;apassionats qui s&#8217;acaba dab lo DVD e lo liberet qui com ac esperam, e v&#8217;s haran descovrir las Quate sasons en montanha dab autant de plas\u00e9r com nosautes en los preparar.<\/p>\n<p><strong>[fr]<\/strong><br \/>\nCe projet d&#8217;\u00e9dition est n\u00e9 de la rencontre d&#8217;amoureux de la montagne et de \u00ab\u00a0la langue du pays\u00a0\u00bb, lors du Forum des associations de la ville de Tarbes en 2009. Apr\u00e8s avoir h\u00e9sit\u00e9 sur son contenu, ce sont des centaines d&#8217;heures d&#8217;attente et de patience pass\u00e9es en montagne, par tous les temps et sur les quatre saisons, pour surprendre et filmer des acteurs capricieux. Puis, ce sont encore des centaines d&#8217;heures suppl\u00e9mentaires pass\u00e9es en studio pour tenter d&#8217;apprivoiser l&#8217;ordinateur tout aussi capricieux, s\u00e9lectionner les plus belles images, \u00e9crire les textes et enregistrer le commentaire. Un travail de passionn\u00e9s qui a abouti \u00e0 ce DVD et son livret qui, nous l&#8217;esp\u00e9rons, vous feront d\u00e9couvrir les Quatre saisons en montagne avec autant de plaisir que nous avons eu \u00e0 le r\u00e9aliser.<\/p>\n","protected":false},"excerpt":{"rendered":"<p>[oc] Aqu\u00e8th proj\u00e8cte d&#8217;edicion, vad\u00f3 de l&#8217;encontra d&#8217;amor\u00f3s de la montanha e de \u00ab\u00a0la lenga deu pa\u00eds \u00bb, au parat de la H\u00e8ra de las associacions de la vila de Tarba de 2008. Apr\u00e8s mantunas esitacions sus lo son contiengut, que son centenats d&#8217;\u00f2ras passadas en montanha a esperar e estar pacient, per tots temps [&hellip;]<\/p>\n","protected":false},"featured_media":17597,"template":"","meta":{"_acf_changed":false,"_genesis_hide_title":false,"_genesis_hide_breadcrumbs":false,"_genesis_hide_singular_image":false,"_genesis_hide_footer_widgets":false,"_genesis_custom_body_class":"","_genesis_custom_post_class":"","_genesis_layout":""},"product_brand":[],"product_cat":[7241,7249],"product_tag":[],"class_list":{"0":"post-27727","1":"product","2":"type-product","3":"status-publish","4":"has-post-thumbnail","6":"product_cat-documentary-en","7":"product_cat-videos-3-en","8":"pa_auteur-clos-versaille-serge-en","9":"pa_editeur-maison-de-la-cultura-occitana-en","10":"pa_illustrateur-bissey-paul-en","11":"pa_illustrateur-david-myriam-en","12":"entry","14":"first","15":"outofstock","16":"shipping-taxable","17":"purchasable","18":"product-type-simple"},"acf":[],"_links":{"self":[{"href":"https:\/\/www.libraria-occitana.org\/en\/wp-json\/wp\/v2\/product\/27727","targetHints":{"allow":["GET"]}}],"collection":[{"href":"https:\/\/www.libraria-occitana.org\/en\/wp-json\/wp\/v2\/product"}],"about":[{"href":"https:\/\/www.libraria-occitana.org\/en\/wp-json\/wp\/v2\/types\/product"}],"wp:featuredmedia":[{"embeddable":true,"href":"https:\/\/www.libraria-occitana.org\/en\/wp-json\/wp\/v2\/media\/17597"}],"wp:attachment":[{"href":"https:\/\/www.libraria-occitana.org\/en\/wp-json\/wp\/v2\/media?parent=27727"}],"wp:term":[{"taxonomy":"product_brand","embeddable":true,"href":"https:\/\/www.libraria-occitana.org\/en\/wp-json\/wp\/v2\/product_brand?post=27727"},{"taxonomy":"product_cat","embeddable":true,"href":"https:\/\/www.libraria-occitana.org\/en\/wp-json\/wp\/v2\/product_cat?post=27727"},{"taxonomy":"product_tag","embeddable":true,"href":"https:\/\/www.libraria-occitana.org\/en\/wp-json\/wp\/v2\/product_tag?post=27727"}],"curies":[{"name":"wp","href":"https:\/\/api.w.org\/{rel}","templated":true}]}}