{"id":27891,"date":"2013-12-01T10:35:21","date_gmt":"2013-12-01T09:35:21","guid":{"rendered":"http:\/\/www.libraria-occitana.org\/all-products\/lo-secret-daus-boscs-de-lascaus?lang=en"},"modified":"2026-04-18T06:31:07","modified_gmt":"2026-04-18T04:31:07","slug":"lo-secret-daus-boscs-de-lascaus","status":"publish","type":"product","link":"https:\/\/www.libraria-occitana.org\/en\/product\/lo-secret-daus-boscs-de-lascaus\/","title":{"rendered":"Lo secret daus b\u00f2scs de Lascaus"},"content":{"rendered":"<p>Traduccion de la benda dessenhada <em>Le secret des bois de Lascaux<\/em> de Thierry F\u00e9lix e Philippe Bigotto.<\/p>\n<p>Setembre 1940 : Quatre j\u00f2unes goiats descruben la famosa cag\u00f2rna de Lascaus.<br \/>\nQu&#8217;es a partir de lor tesmonhatge direct e de lor garantida que Thierry F\u00e9lix, lo scenarista, e Philippe Bigotto, lo dessenhator, an entrepres de contar la pus brava ist\u00f2ria de la preist\u00f2ria.<br \/>\nLo dessenh de&#8217;n prumier negre e blanc, puei enrichit de colors per restituir l&#8217;esplandor de las pinturas preist\u00f2ricas, nos t\u00f2rna pla\u00e7ar visualament dins l&#8217;ambiant dau moment. Boirats au scenari\u00f2, daus documents originaus inedits apoden una dimension didactica au plaser de la lectura.<br \/>\nAqueste album se leg\u00eds coma una aventura dont l&#8217;exactituda ist\u00f2rica li permet de servir de refer\u00e9ncia. Se podi\u00e1 pas mai saludar questa descruberta subrebela onte la realitat a despassat la ficcion au punh de venir un plan bon scenari\u00f2 de BD !<\/p>\n<p>Expleitacion pedagogica interdisciplin\u00e0ria : lectura, arts visuaus, ist\u00f2ria, patrim\u00f2ni&#8230;<br \/>\nCicle 3, coll\u00e8gi. Libreton pedagogic de venir <a href=\"http:\/\/capoc.crdp-aquitaine.fr\/articles.php?lng=en&amp;pg=450&amp;mnuid=304&amp;tconfig=0\">sus lo site dau CAP&#8217;\u00d2C<\/a>.<\/p>\n","protected":false},"excerpt":{"rendered":"<p>Traduccion de la benda dessenhada Le secret des bois de Lascaux de Thierry F\u00e9lix e Philippe Bigotto. Setembre 1940 : Quatre j\u00f2unes goiats descruben la famosa cag\u00f2rna de Lascaus. Qu&#8217;es a partir de lor tesmonhatge direct e de lor garantida que Thierry F\u00e9lix, lo scenarista, e Philippe Bigotto, lo dessenhator, an entrepres de contar la [&hellip;]<\/p>\n","protected":false},"featured_media":27892,"template":"","meta":{"_acf_changed":false,"_genesis_hide_title":false,"_genesis_hide_breadcrumbs":false,"_genesis_hide_singular_image":false,"_genesis_hide_footer_widgets":false,"_genesis_custom_body_class":"","_genesis_custom_post_class":"","_genesis_layout":""},"product_brand":[],"product_cat":[7132,7168,7164],"product_tag":[],"class_list":{"0":"post-27891","1":"product","2":"type-product","3":"status-publish","4":"has-post-thumbnail","6":"product_cat-books","7":"product_cat-comics-en","8":"product_cat-juvenile-and-teen-comics-humour-en","9":"pa_auteur-felix-thierry-en","10":"pa_editeur-canope-editions-en","11":"pa_illustrateur-bigotto-philippe-en","12":"pa_illustrateur-peyrouny-martial-en","13":"pa_langue-occitan-en","14":"pa_langue-occitan-lemosin-en","15":"entry","17":"first","18":"instock","19":"shipping-taxable","20":"purchasable","21":"product-type-simple"},"acf":[],"_links":{"self":[{"href":"https:\/\/www.libraria-occitana.org\/en\/wp-json\/wp\/v2\/product\/27891","targetHints":{"allow":["GET"]}}],"collection":[{"href":"https:\/\/www.libraria-occitana.org\/en\/wp-json\/wp\/v2\/product"}],"about":[{"href":"https:\/\/www.libraria-occitana.org\/en\/wp-json\/wp\/v2\/types\/product"}],"wp:featuredmedia":[{"embeddable":true,"href":"https:\/\/www.libraria-occitana.org\/en\/wp-json\/wp\/v2\/media\/27892"}],"wp:attachment":[{"href":"https:\/\/www.libraria-occitana.org\/en\/wp-json\/wp\/v2\/media?parent=27891"}],"wp:term":[{"taxonomy":"product_brand","embeddable":true,"href":"https:\/\/www.libraria-occitana.org\/en\/wp-json\/wp\/v2\/product_brand?post=27891"},{"taxonomy":"product_cat","embeddable":true,"href":"https:\/\/www.libraria-occitana.org\/en\/wp-json\/wp\/v2\/product_cat?post=27891"},{"taxonomy":"product_tag","embeddable":true,"href":"https:\/\/www.libraria-occitana.org\/en\/wp-json\/wp\/v2\/product_tag?post=27891"}],"curies":[{"name":"wp","href":"https:\/\/api.w.org\/{rel}","templated":true}]}}