{"id":27899,"date":"2013-11-01T16:42:07","date_gmt":"2013-11-01T15:42:07","guid":{"rendered":"http:\/\/www.libraria-occitana.org\/all-products\/cancons-songs?lang=en"},"modified":"2026-04-27T01:01:45","modified_gmt":"2026-04-26T23:01:45","slug":"cancons-songs","status":"publish","type":"product","link":"https:\/\/www.libraria-occitana.org\/en\/product\/cancons-songs\/","title":{"rendered":"Can\u00e7ons &#8211; Songs"},"content":{"rendered":"<p><strong>[fr]<\/strong><br \/>\nToutes les chansons de Moussu T e lei Jovents (de \u00ab\u00a0Mademoiselle Marseille \u00bb\u00a0\u00e0 \u00ab\u00a0Art\u00e9mis\u00a0\u00bb) en un recueil \u00e9dit\u00e9 par l&#8217;Auc\u00e8u Libre. Plus de 160 pages avec traduction anglaise et illustrations de Blu. Magnifique cadeau.<\/p>\n<p><strong>[en]<\/strong><br \/>\nAll Moussu T e lei Jovents&#8217; songs with english translation and Blu&#8217;s paintings.<\/p>\n","protected":false},"excerpt":{"rendered":"<p>[fr] Toutes les chansons de Moussu T e lei Jovents (de \u00ab\u00a0Mademoiselle Marseille \u00bb\u00a0\u00e0 \u00ab\u00a0Art\u00e9mis\u00a0\u00bb) en un recueil \u00e9dit\u00e9 par l&#8217;Auc\u00e8u Libre. Plus de 160 pages avec traduction anglaise et illustrations de Blu. Magnifique cadeau. [en] All Moussu T e lei Jovents&#8217; songs with english translation and Blu&#8217;s paintings.<\/p>\n","protected":false},"featured_media":27900,"template":"","meta":{"_acf_changed":false,"_genesis_hide_title":false,"_genesis_hide_breadcrumbs":false,"_genesis_hide_singular_image":false,"_genesis_hide_footer_widgets":false,"_genesis_custom_body_class":"","_genesis_custom_post_class":"","_genesis_layout":""},"product_brand":[],"product_cat":[7132,7190,7192],"product_tag":[],"class_list":{"0":"post-27899","1":"product","2":"type-product","3":"status-publish","4":"has-post-thumbnail","6":"product_cat-books","7":"product_cat-music-dances-en","8":"product_cat-scores-lyrics-en","9":"pa_auteur-moussu-t-e-lei-jovents-en","10":"pa_editeur-lauceu-libre-en","11":"pa_illustrateur-blu-en","12":"pa_langue-autras-lingas-en","13":"pa_langue-francais-en","14":"pa_langue-occitan-en","15":"pa_langue-occitan-provencau-en","16":"entry","18":"first","19":"instock","20":"shipping-taxable","21":"purchasable","22":"product-type-simple"},"acf":[],"_links":{"self":[{"href":"https:\/\/www.libraria-occitana.org\/en\/wp-json\/wp\/v2\/product\/27899","targetHints":{"allow":["GET"]}}],"collection":[{"href":"https:\/\/www.libraria-occitana.org\/en\/wp-json\/wp\/v2\/product"}],"about":[{"href":"https:\/\/www.libraria-occitana.org\/en\/wp-json\/wp\/v2\/types\/product"}],"wp:featuredmedia":[{"embeddable":true,"href":"https:\/\/www.libraria-occitana.org\/en\/wp-json\/wp\/v2\/media\/27900"}],"wp:attachment":[{"href":"https:\/\/www.libraria-occitana.org\/en\/wp-json\/wp\/v2\/media?parent=27899"}],"wp:term":[{"taxonomy":"product_brand","embeddable":true,"href":"https:\/\/www.libraria-occitana.org\/en\/wp-json\/wp\/v2\/product_brand?post=27899"},{"taxonomy":"product_cat","embeddable":true,"href":"https:\/\/www.libraria-occitana.org\/en\/wp-json\/wp\/v2\/product_cat?post=27899"},{"taxonomy":"product_tag","embeddable":true,"href":"https:\/\/www.libraria-occitana.org\/en\/wp-json\/wp\/v2\/product_tag?post=27899"}],"curies":[{"name":"wp","href":"https:\/\/api.w.org\/{rel}","templated":true}]}}