{"id":27913,"date":"2013-11-01T09:21:03","date_gmt":"2013-11-01T08:21:03","guid":{"rendered":"http:\/\/www.libraria-occitana.org\/all-products\/poletoneta-libre-cd?lang=en"},"modified":"2026-04-29T06:26:28","modified_gmt":"2026-04-29T04:26:28","slug":"poletoneta-libre-cd","status":"publish","type":"product","link":"https:\/\/www.libraria-occitana.org\/en\/product\/poletoneta-libre-cd\/","title":{"rendered":"Poletoneta (libre + CD)"},"content":{"rendered":"<p>Il \u00e9tait une fois, une poule, qui \u00e0 force de gratter la terre, d\u00e9couvrit une bourse de pi\u00e8ces d&#8217;or. Elle la confia \u00e0 un homme bien habill\u00e9, qui ne la lui rendait jamais. Un jour, elle d\u00e9cida de se mettre en route pour aller chercher sa bourse. Elle rencontre un renard, un loup, un ruisseau&#8230;<\/p>\n<p>Adaptation par le CAP&#8217;\u00d2C d&#8217;un conte traditionnel. Album de lecture pour le cycle 1 ; une histoire qui s&#8217;appuie sur des constructions syntaxiques r\u00e9p\u00e9titives qui permettent une exploitation langagi\u00e8re pour les cycles 1 et 2.<\/p>\n<p>Livret p\u00e9dagogique <a href=\"http:\/\/capoc.crdp-aquitaine.fr\/articles.php?lng=en&amp;pg=450&amp;mnuid=304&amp;tconfig=0\">sur le site du CAP&#8217;\u00d2C<\/a>.<\/p>\n","protected":false},"excerpt":{"rendered":"<p>Il \u00e9tait une fois, une poule, qui \u00e0 force de gratter la terre, d\u00e9couvrit une bourse de pi\u00e8ces d&#8217;or. Elle la confia \u00e0 un homme bien habill\u00e9, qui ne la lui rendait jamais. Un jour, elle d\u00e9cida de se mettre en route pour aller chercher sa bourse. Elle rencontre un renard, un loup, un ruisseau&#8230; [&hellip;]<\/p>\n","protected":false},"featured_media":27914,"template":"","meta":{"_acf_changed":false,"_genesis_hide_title":false,"_genesis_hide_breadcrumbs":false,"_genesis_hide_singular_image":false,"_genesis_hide_footer_widgets":false,"_genesis_custom_body_class":"","_genesis_custom_post_class":"","_genesis_layout":""},"product_brand":[],"product_cat":[7132,7170,7174],"product_tag":[],"class_list":{"0":"post-27913","1":"product","2":"type-product","3":"status-publish","4":"has-post-thumbnail","6":"product_cat-books","7":"product_cat-juvenile-en","8":"product_cat-literature-en","9":"pa_auteur-capoc-en","10":"pa_auteur-tradicionau-en","11":"pa_editeur-canope-editions-en","12":"pa_illustrateur-jelinska-danuta-en","13":"pa_illustrateur-ratinaud-patrick-ratineaud-patrick-en","14":"pa_langue-occitan-lemosin-en","15":"pa_langue-occitan-francais-en","16":"entry","18":"first","19":"outofstock","20":"shipping-taxable","21":"purchasable","22":"product-type-simple"},"acf":[],"_links":{"self":[{"href":"https:\/\/www.libraria-occitana.org\/en\/wp-json\/wp\/v2\/product\/27913","targetHints":{"allow":["GET"]}}],"collection":[{"href":"https:\/\/www.libraria-occitana.org\/en\/wp-json\/wp\/v2\/product"}],"about":[{"href":"https:\/\/www.libraria-occitana.org\/en\/wp-json\/wp\/v2\/types\/product"}],"wp:featuredmedia":[{"embeddable":true,"href":"https:\/\/www.libraria-occitana.org\/en\/wp-json\/wp\/v2\/media\/27914"}],"wp:attachment":[{"href":"https:\/\/www.libraria-occitana.org\/en\/wp-json\/wp\/v2\/media?parent=27913"}],"wp:term":[{"taxonomy":"product_brand","embeddable":true,"href":"https:\/\/www.libraria-occitana.org\/en\/wp-json\/wp\/v2\/product_brand?post=27913"},{"taxonomy":"product_cat","embeddable":true,"href":"https:\/\/www.libraria-occitana.org\/en\/wp-json\/wp\/v2\/product_cat?post=27913"},{"taxonomy":"product_tag","embeddable":true,"href":"https:\/\/www.libraria-occitana.org\/en\/wp-json\/wp\/v2\/product_tag?post=27913"}],"curies":[{"name":"wp","href":"https:\/\/api.w.org\/{rel}","templated":true}]}}