{"id":27923,"date":"2013-10-01T17:51:23","date_gmt":"2013-10-01T16:51:23","guid":{"rendered":"http:\/\/www.libraria-occitana.org\/all-products\/fetes-en-cuisine-menus-recettes-et-histoires-dune-fete-a-lautre?lang=en"},"modified":"2026-04-29T11:07:22","modified_gmt":"2026-04-29T09:07:22","slug":"fetes-en-cuisine-menus-recettes-et-histoires-dune-fete-a-lautre","status":"publish","type":"product","link":"https:\/\/www.libraria-occitana.org\/en\/product\/fetes-en-cuisine-menus-recettes-et-histoires-dune-fete-a-lautre\/","title":{"rendered":"F\u00eates en cuisine : Menus, recettes et histoires d&#8217;une f\u00eate \u00e0 l&#8217;autre"},"content":{"rendered":"<p>Les f\u00eates, qui s&#8217;\u00e9grainent au long de l&#8217;ann\u00e9e, rythment notre vie. Traditionnelles ou simplement familiales : un anniversaire, un succ\u00e8s, des retrouvailles&#8230; elles sont toujours l&#8217;occasion d&#8217;un repas joyeux et extra-ordinaire. Quoi de plus charmant alors que de cuisiner en famille avec :<br \/>\n<strong>1. Le livre des cuisiniers.<\/strong><\/p>\n<p>Mais pour tourner la p\u00e2te, les petits sont toujours l\u00e0 :<br \/>\n<strong>2. Le livre des marmitons<\/strong>,<br \/>\nr\u00e9uni sous jaquette avec son grand fr\u00e8re, est pour eux.<\/p>\n<p>Apr\u00e8s les plats limousins de la tradition (<a title=\"Bouligou et farcidure : Le cahier d\u2019une gourmande en Limousin\" href=\"http:\/\/www.libraria-occitana.org\/all-products\/bouligou-et-farcidure-le-cahier-dune-gourmande-en-limousin\"><em>Bouligou et farcidure<\/em><\/a>, <a title=\"Brejaude et clafoutis \u2013 Brejauda e clafotis\" href=\"http:\/\/www.libraria-occitana.org\/all-products\/brejaude-et-clafoutis-brejauda-e-clafotis\"><em>Br\u00e9jaude et clafoutis<\/em><\/a>), puis la cuisine \u00e0 th\u00e8me (L\u00e9gumes, desserts, soupes et confitures), R\u00e9gine Rossi-Lagorce vous pr\u00e9sente, dans ces deux livrets, les recettes de base de nos f\u00eates traditionnelles : les Rois, les Rameaux, la Toussaint&#8230;, 10 f\u00eates. Chacune d&#8217;elles est introduite par des souvenirs ou des histoires, suivie de suggestions, et accompagn\u00e9e de quelques lignes plus savantes.<\/p>\n<p>Pas moins de 90 recettes illustr\u00e9es de plus de 100 photos (ingr\u00e9dients, plats ou gestes pour les r\u00e9aliser) et de joyeuses peintures, et suivies de jeux qui permettront \u00e0 toute la famille de tester ses connaissances.<\/p>\n<p>Des recettes de f\u00eates, des photos, des histoires, des jeux&#8230; illustr\u00e9s par Ginette Aubert.<\/p>\n","protected":false},"excerpt":{"rendered":"<p>Les f\u00eates, qui s&#8217;\u00e9grainent au long de l&#8217;ann\u00e9e, rythment notre vie. Traditionnelles ou simplement familiales : un anniversaire, un succ\u00e8s, des retrouvailles&#8230; elles sont toujours l&#8217;occasion d&#8217;un repas joyeux et extra-ordinaire. Quoi de plus charmant alors que de cuisiner en famille avec : 1. Le livre des cuisiniers. Mais pour tourner la p\u00e2te, les petits [&hellip;]<\/p>\n","protected":false},"featured_media":27924,"template":"","meta":{"_acf_changed":false,"_genesis_hide_title":false,"_genesis_hide_breadcrumbs":false,"_genesis_hide_singular_image":false,"_genesis_hide_footer_widgets":false,"_genesis_custom_body_class":"","_genesis_custom_post_class":"","_genesis_layout":""},"product_brand":[],"product_cat":[7132,7210,7206],"product_tag":[],"class_list":{"0":"post-27923","1":"product","2":"type-product","3":"status-publish","4":"has-post-thumbnail","6":"product_cat-books","7":"product_cat-cooking-cuisine-en","8":"product_cat-traditions-heritage-en","9":"pa_auteur-rossi-lagorce-regine-en","10":"pa_editeur-maiade-en","11":"pa_illustrateur-aubert-ginette-en","12":"pa_langue-francais-en","13":"entry","15":"first","16":"instock","17":"shipping-taxable","18":"purchasable","19":"product-type-simple"},"acf":[],"_links":{"self":[{"href":"https:\/\/www.libraria-occitana.org\/en\/wp-json\/wp\/v2\/product\/27923","targetHints":{"allow":["GET"]}}],"collection":[{"href":"https:\/\/www.libraria-occitana.org\/en\/wp-json\/wp\/v2\/product"}],"about":[{"href":"https:\/\/www.libraria-occitana.org\/en\/wp-json\/wp\/v2\/types\/product"}],"wp:featuredmedia":[{"embeddable":true,"href":"https:\/\/www.libraria-occitana.org\/en\/wp-json\/wp\/v2\/media\/27924"}],"wp:attachment":[{"href":"https:\/\/www.libraria-occitana.org\/en\/wp-json\/wp\/v2\/media?parent=27923"}],"wp:term":[{"taxonomy":"product_brand","embeddable":true,"href":"https:\/\/www.libraria-occitana.org\/en\/wp-json\/wp\/v2\/product_brand?post=27923"},{"taxonomy":"product_cat","embeddable":true,"href":"https:\/\/www.libraria-occitana.org\/en\/wp-json\/wp\/v2\/product_cat?post=27923"},{"taxonomy":"product_tag","embeddable":true,"href":"https:\/\/www.libraria-occitana.org\/en\/wp-json\/wp\/v2\/product_tag?post=27923"}],"curies":[{"name":"wp","href":"https:\/\/api.w.org\/{rel}","templated":true}]}}