{"id":27945,"date":"2011-10-01T18:41:59","date_gmt":"2011-10-01T16:41:59","guid":{"rendered":"http:\/\/www.libraria-occitana.org\/all-products\/vignes-et-vignerons-de-la-correze-dhier-a-aujourdhui-lemouzi-n198-bis?lang=en"},"modified":"2026-04-25T03:51:22","modified_gmt":"2026-04-25T01:51:22","slug":"vignes-et-vignerons-de-la-correze-dhier-a-aujourdhui-lemouzi-n198-bis","status":"publish","type":"product","link":"https:\/\/www.libraria-occitana.org\/en\/product\/vignes-et-vignerons-de-la-correze-dhier-a-aujourdhui-lemouzi-n198-bis\/","title":{"rendered":"Vignes et vignerons de la Corr\u00e8ze d&#8217;hier \u00e0 aujourd&#8217;hui \/ Lemouzi N\u00b0198 bis"},"content":{"rendered":"<p>C&#8217;est au VIe si\u00e8cle apr\u00e8s J.-C. que les premiers vignobles ont \u00e9t\u00e9 \u00e9tablis en Bas-Limousin par des moines, imit\u00e9s ensuite par les seigneurs, puis par les bourgeois et les vignerons eux-m\u00eames. Le vin est transport\u00e9 dans tout le Limousin pendant des si\u00e8cles. La superficie occup\u00e9e par la vigne atteint 17.000 ha vers 1875 : c&#8217;est alors l&#8217;\u00e2ge d&#8217;or du vignoble de la Basse-Corr\u00e8ze.<\/p>\n<p>Mais le phyllox\u00e9ra, puceron des racines, d\u00e9truit alors le vignoble corr\u00e9zien. Gr\u00e2ce au d\u00e9veloppement des voies ferr\u00e9es qui rendent possible le transport des fruits et des l\u00e9gumes, l&#8217;agriculture et l&#8217;\u00e9levage se transforment. Au d\u00e9but du XXe si\u00e8cle, le vignoble a perdu 75% de sa superficie, au profit des cultures mara\u00eech\u00e8res, fruiti\u00e8res et fourrag\u00e8res. Apr\u00e8s un lent d\u00e9clin durant tout le XXe si\u00e8cle, le vignoble corr\u00e9zien se maintient actuellement autour de 400ha.<\/p>\n<p>Mais, depuis quelques ann\u00e9es, un renouveau se manifeste avec le d\u00e9veloppement des vignobles de Branceilles, du Saillant et du vin paill\u00e9 de la r\u00e9gion de Beaulieu-Meyssac.<\/p>\n<p><strong>Ensenhador :<\/strong><br \/>\nPr\u00e9face limousine de Robert Joudoux, majoral du F\u00e9librige<br \/>\n1. Histoire du vignoble corr\u00e9zien<br \/>\n2. Le vignoble de la Basse-Corr\u00e8ze \u00e0 son apog\u00e9e au XIXe si\u00e8cle<br \/>\n3. Le phyllox\u00e9ra d\u00e9truit le vignoble \u00e0 la fin du XIXe si\u00e8cle<br \/>\n4. Le vignoble corr\u00e9zien perd 75% de sa superficie<br \/>\n5. Le d\u00e9clin du vignoble<br \/>\n6. Le renouveau de la vigne en Corr\u00e8ze<br \/>\n7. Lexique limousin de la vigne et du vin<br \/>\n8. Le floril\u00e8ge de la vigne et du vin<br \/>\nAnnexes : Ch\u00e2teau-Lascamps ; Le Baco ; Le Noah<br \/>\nNombreuses illustrations en couleurs<\/p>\n","protected":false},"excerpt":{"rendered":"<p>C&#8217;est au VIe si\u00e8cle apr\u00e8s J.-C. que les premiers vignobles ont \u00e9t\u00e9 \u00e9tablis en Bas-Limousin par des moines, imit\u00e9s ensuite par les seigneurs, puis par les bourgeois et les vignerons eux-m\u00eames. Le vin est transport\u00e9 dans tout le Limousin pendant des si\u00e8cles. La superficie occup\u00e9e par la vigne atteint 17.000 ha vers 1875 : c&#8217;est [&hellip;]<\/p>\n","protected":false},"featured_media":27946,"template":"","meta":{"_acf_changed":false,"_genesis_hide_title":false,"_genesis_hide_breadcrumbs":false,"_genesis_hide_singular_image":false,"_genesis_hide_footer_widgets":false,"_genesis_custom_body_class":"","_genesis_custom_post_class":"","_genesis_layout":""},"product_brand":[],"product_cat":[7132,7156,7148],"product_tag":[],"class_list":{"0":"post-27945","1":"product","2":"type-product","3":"status-publish","4":"has-post-thumbnail","6":"product_cat-books","7":"product_cat-general-history-en","8":"product_cat-history-geography-en","9":"pa_auteur-pouget-roger-en","10":"pa_editeur-lemouzi-en","11":"pa_langue-francais-en","12":"entry","14":"first","15":"instock","16":"shipping-taxable","17":"purchasable","18":"product-type-simple"},"acf":[],"_links":{"self":[{"href":"https:\/\/www.libraria-occitana.org\/en\/wp-json\/wp\/v2\/product\/27945","targetHints":{"allow":["GET"]}}],"collection":[{"href":"https:\/\/www.libraria-occitana.org\/en\/wp-json\/wp\/v2\/product"}],"about":[{"href":"https:\/\/www.libraria-occitana.org\/en\/wp-json\/wp\/v2\/types\/product"}],"wp:featuredmedia":[{"embeddable":true,"href":"https:\/\/www.libraria-occitana.org\/en\/wp-json\/wp\/v2\/media\/27946"}],"wp:attachment":[{"href":"https:\/\/www.libraria-occitana.org\/en\/wp-json\/wp\/v2\/media?parent=27945"}],"wp:term":[{"taxonomy":"product_brand","embeddable":true,"href":"https:\/\/www.libraria-occitana.org\/en\/wp-json\/wp\/v2\/product_brand?post=27945"},{"taxonomy":"product_cat","embeddable":true,"href":"https:\/\/www.libraria-occitana.org\/en\/wp-json\/wp\/v2\/product_cat?post=27945"},{"taxonomy":"product_tag","embeddable":true,"href":"https:\/\/www.libraria-occitana.org\/en\/wp-json\/wp\/v2\/product_tag?post=27945"}],"curies":[{"name":"wp","href":"https:\/\/api.w.org\/{rel}","templated":true}]}}