{"id":27955,"date":"2011-10-01T12:04:54","date_gmt":"2011-10-01T10:04:54","guid":{"rendered":"http:\/\/www.libraria-occitana.org\/all-products\/les-chemins-creux-une-enfance-limousine?lang=en"},"modified":"2026-04-02T21:16:28","modified_gmt":"2026-04-02T19:16:28","slug":"les-chemins-creux-une-enfance-limousine","status":"publish","type":"product","link":"https:\/\/www.libraria-occitana.org\/en\/product\/les-chemins-creux-une-enfance-limousine\/","title":{"rendered":"Les chemins creux : Une enfance limousine"},"content":{"rendered":"<p>\u00c0\u00a0la ferme de Germont, dans le pays d&#8217;Oc, c&#8217;est elle qui m\u00e8ne le tracteur, laboure, s\u00e8me, herse, bottelle, soigne les b\u00eates. Mais sous le masque de la paysanne se cache le po\u00e8te. Devant l&#8217;\u00e2tre, elle conte les bruits \u00e9ph\u00e9m\u00e8res du quotidien, la grand-m\u00e8re, les cousins, une enfance o\u00f9 les sourires fondent, o\u00f9 les t\u00eates d\u00e9bordent de m\u00e9moire, o\u00f9 l&#8217;on regarde tomber les \u00e9toiles et la lune se baigner sans pudeur&#8230;<\/p>\n<p>Un \u00e0 un, Marcelle Delpastre \u00e9gr\u00e8ne ses souvenirs dans un parler paysan, vivant, parfois musical, toujours po\u00e9tique.<\/p>\n<p>&#8220;Les contes que j&#8217;ai recueillis, on les racontait \u00e0 la maison, presque tous, souvent devant la chemin\u00e9e, parfois dehors dans les cours, par les chemins ou dans les champs, en fanant, en r\u00e2telant, en sarclant, en cassant la terre autour des plantes&#8230; Tout moment \u00e9tait bienvenu, mais plus que tout autre la nuit&#8230; chacun se laissait aller, au hasard, dodelinant de la t\u00eate. Mais la t\u00eate ne dormait pas ; les yeux gu\u00e8re, que la flamme emportait, en haut, en bas, entre lueur et cendre, entre braise et fum\u00e9e, de la suie aux ombres qui bougent sur les visages, les murs, la nuit qui n&#8217;est pas seulement dehors.&#8221;<\/p>\n","protected":false},"excerpt":{"rendered":"<p>\u00c0\u00a0la ferme de Germont, dans le pays d&#8217;Oc, c&#8217;est elle qui m\u00e8ne le tracteur, laboure, s\u00e8me, herse, bottelle, soigne les b\u00eates. Mais sous le masque de la paysanne se cache le po\u00e8te. Devant l&#8217;\u00e2tre, elle conte les bruits \u00e9ph\u00e9m\u00e8res du quotidien, la grand-m\u00e8re, les cousins, une enfance o\u00f9 les sourires fondent, o\u00f9 les t\u00eates d\u00e9bordent [&hellip;]<\/p>\n","protected":false},"featured_media":27956,"template":"","meta":{"_acf_changed":false,"_genesis_hide_title":false,"_genesis_hide_breadcrumbs":false,"_genesis_hide_singular_image":false,"_genesis_hide_footer_widgets":false,"_genesis_custom_body_class":"","_genesis_custom_post_class":"","_genesis_layout":""},"product_brand":[],"product_cat":[7132,7174,7186],"product_tag":[],"class_list":{"0":"post-27955","1":"product","2":"type-product","3":"status-publish","4":"has-post-thumbnail","6":"product_cat-books","7":"product_cat-literature-en","8":"product_cat-personal-narratives-memoirs-en","9":"pa_auteur-delpastre-marcela-en","10":"pa_editeur-de-boree-en","11":"pa_langue-francais-en","12":"entry","14":"first","15":"outofstock","16":"shipping-taxable","17":"purchasable","18":"product-type-simple"},"acf":[],"_links":{"self":[{"href":"https:\/\/www.libraria-occitana.org\/en\/wp-json\/wp\/v2\/product\/27955","targetHints":{"allow":["GET"]}}],"collection":[{"href":"https:\/\/www.libraria-occitana.org\/en\/wp-json\/wp\/v2\/product"}],"about":[{"href":"https:\/\/www.libraria-occitana.org\/en\/wp-json\/wp\/v2\/types\/product"}],"wp:featuredmedia":[{"embeddable":true,"href":"https:\/\/www.libraria-occitana.org\/en\/wp-json\/wp\/v2\/media\/27956"}],"wp:attachment":[{"href":"https:\/\/www.libraria-occitana.org\/en\/wp-json\/wp\/v2\/media?parent=27955"}],"wp:term":[{"taxonomy":"product_brand","embeddable":true,"href":"https:\/\/www.libraria-occitana.org\/en\/wp-json\/wp\/v2\/product_brand?post=27955"},{"taxonomy":"product_cat","embeddable":true,"href":"https:\/\/www.libraria-occitana.org\/en\/wp-json\/wp\/v2\/product_cat?post=27955"},{"taxonomy":"product_tag","embeddable":true,"href":"https:\/\/www.libraria-occitana.org\/en\/wp-json\/wp\/v2\/product_tag?post=27955"}],"curies":[{"name":"wp","href":"https:\/\/api.w.org\/{rel}","templated":true}]}}