{"id":27961,"date":"2011-09-01T18:33:02","date_gmt":"2011-09-01T16:33:02","guid":{"rendered":"http:\/\/www.libraria-occitana.org\/all-products\/le-secret-de-la-rouelle-vol-2-le-feu-nouveau?lang=en"},"modified":"2026-04-02T23:31:28","modified_gmt":"2026-04-02T21:31:28","slug":"le-secret-de-la-rouelle-vol-2-le-feu-nouveau","status":"publish","type":"product","link":"https:\/\/www.libraria-occitana.org\/en\/product\/le-secret-de-la-rouelle-vol-2-le-feu-nouveau\/","title":{"rendered":"Le secret de la rouelle vol. 2 : Le feu nouveau"},"content":{"rendered":"<p>&#8220;Enfants venus du temps d&#8217;apr\u00e8s les temps pour conna\u00eetre le secret des origines, le moment du grand jugement est arriv\u00e9. Si vous y r\u00e9pondez d&#8217;une fa\u00e7on juste et \u00e9clair\u00e9e, vous serez jug\u00e9s dignes de repartir dans votre temps pour rapporter notre message. Sinon vous resterez \u00e0 errer&#8230; continuellement&#8230;&#8221;<\/p>\n<p>Si Anna et L\u00e9o, que vous avez suivis dans <em>L&#8217;\u0152il mauvais<\/em>, avaient pu penser que la d\u00e9couverte d&#8217;un petit objet rond dans un ruisseau les entra\u00eenerait dans des aventures aussi inimaginables !<\/p>\n<p>Guid\u00e9s par le fabuleux petit Chien blanc et par la magie de cette \u00e9trange petite roue, ils vous ont men\u00e9 de si\u00e8cle en si\u00e8cle \u00e0 la d\u00e9couverte de la vie inimaginable men\u00e9e par leurs anc\u00eatres. Mais pour trouver le secret oubli\u00e9, qui seul pourra d\u00e9livrer le pays de la mal\u00e9diction qui l&#8217;accable, ils doivent remonter plus loin encore. &#8220;Enfants, faites vite !&#8221; avait dit la Dame Blanche.<\/p>\n<p>Les voici plong\u00e9s en plein Moyen \u00c2ge. Chevaliers, troubadours, croisades, b\u00fbchers, invasions, Papes&#8230; ils ne sont pas au bout de leurs peines. Et puis, par-del\u00e0 le temps des puissants Romains, voici celui des Celtes, nos tr\u00e8s c\u00e9l\u00e8bres anc\u00eatres avec leur chaudron magique et leurs terribles trompettes \u00e0 t\u00eate de sanglier ! Car ce sont bien eux qui d\u00e9tiennent <em>Le Secret de la rouelle<\/em> !<\/p>\n<p>Au-del\u00e0 de cette invraisemblable aventure, Marie-France Houdart poursuit l&#8217;histoire v\u00e9ridique d&#8217;un village perdu, dont les enfants d\u00e9couvriront, en m\u00eame temps que le secret, le brillant pass\u00e9.<\/p>\n<p><a title=\"Le secret de la rouelle vol. 1 : L\u2019\u0153il mauvais\" href=\"http:\/\/www.libraria-occitana.org\/all-products\/le-secret-de-la-rouelle-vol-1-loeil-mauvais\"><em>Le secret de la rouelle<\/em> vol. 1 : <em>L&#8217;\u0152il mauvais<\/em><\/a><\/p>\n","protected":false},"excerpt":{"rendered":"<p>&#8220;Enfants venus du temps d&#8217;apr\u00e8s les temps pour conna\u00eetre le secret des origines, le moment du grand jugement est arriv\u00e9. Si vous y r\u00e9pondez d&#8217;une fa\u00e7on juste et \u00e9clair\u00e9e, vous serez jug\u00e9s dignes de repartir dans votre temps pour rapporter notre message. Sinon vous resterez \u00e0 errer&#8230; continuellement&#8230;&#8221; Si Anna et L\u00e9o, que vous avez [&hellip;]<\/p>\n","protected":false},"featured_media":27962,"template":"","meta":{"_acf_changed":false,"_genesis_hide_title":false,"_genesis_hide_breadcrumbs":false,"_genesis_hide_singular_image":false,"_genesis_hide_footer_widgets":false,"_genesis_custom_body_class":"","_genesis_custom_post_class":"","_genesis_layout":""},"product_brand":[],"product_cat":[7132,7174,7182],"product_tag":[],"class_list":{"0":"post-27961","1":"product","2":"type-product","3":"status-publish","4":"has-post-thumbnail","6":"product_cat-books","7":"product_cat-literature-en","8":"product_cat-novels-short-stories-en","9":"pa_auteur-houdart-marie-france-en","10":"pa_editeur-maiade-en","11":"pa_illustrateur-bournazel-diane-de-en","12":"pa_langue-francais-en","13":"entry","15":"first","16":"instock","17":"shipping-taxable","18":"purchasable","19":"product-type-simple"},"acf":[],"_links":{"self":[{"href":"https:\/\/www.libraria-occitana.org\/en\/wp-json\/wp\/v2\/product\/27961","targetHints":{"allow":["GET"]}}],"collection":[{"href":"https:\/\/www.libraria-occitana.org\/en\/wp-json\/wp\/v2\/product"}],"about":[{"href":"https:\/\/www.libraria-occitana.org\/en\/wp-json\/wp\/v2\/types\/product"}],"wp:featuredmedia":[{"embeddable":true,"href":"https:\/\/www.libraria-occitana.org\/en\/wp-json\/wp\/v2\/media\/27962"}],"wp:attachment":[{"href":"https:\/\/www.libraria-occitana.org\/en\/wp-json\/wp\/v2\/media?parent=27961"}],"wp:term":[{"taxonomy":"product_brand","embeddable":true,"href":"https:\/\/www.libraria-occitana.org\/en\/wp-json\/wp\/v2\/product_brand?post=27961"},{"taxonomy":"product_cat","embeddable":true,"href":"https:\/\/www.libraria-occitana.org\/en\/wp-json\/wp\/v2\/product_cat?post=27961"},{"taxonomy":"product_tag","embeddable":true,"href":"https:\/\/www.libraria-occitana.org\/en\/wp-json\/wp\/v2\/product_tag?post=27961"}],"curies":[{"name":"wp","href":"https:\/\/api.w.org\/{rel}","templated":true}]}}