{"id":27965,"date":"2011-09-01T13:43:24","date_gmt":"2011-09-01T11:43:24","guid":{"rendered":"http:\/\/www.libraria-occitana.org\/all-products\/cinq-heures-du-soir?lang=en"},"modified":"2026-04-02T21:16:30","modified_gmt":"2026-04-02T19:16:30","slug":"cinq-heures-du-soir","status":"publish","type":"product","link":"https:\/\/www.libraria-occitana.org\/en\/product\/cinq-heures-du-soir\/","title":{"rendered":"Cinq heures du soir"},"content":{"rendered":"<p>Ces textes courts \u2013 contes, nouvelles, souvenirs \u2013 sont inspir\u00e9s par l&#8217;univers de Marcelle Delpastre. Ses m\u00e9ditations invitent le lecteur \u00e0 s&#8217;attacher aux \u00ab tr\u00e8s secr\u00e8tes connivences \u00bb et aux \u00ab contacts constants \u00bb avec tout ce qui l&#8217;entoure. Ce perp\u00e9tuel \u00e9loge des plus petites choses de la vie, des animaux, des saisons et de la nature, ne n\u00e9glige pas le lourd poids d&#8217;une vie de solitude, de fatigues, de longs hivers rigoureux et d&#8217;\u00e9t\u00e9s arides. Depuis la parution de son premier livre, <a title=\"Les chemins creux : Une enfance limousine\" href=\"http:\/\/www.libraria-occitana.org\/all-products\/les-chemins-creux-une-enfance-limousine\"><em>Les Chemins creux<\/em><\/a>, on sait Marcelle Delpastre \u00e9crivain, m\u00e9morialiste et ethnographe. Mais elle se voyait, avant tout po\u00e8te. Ce volume r\u00e9unit ses recueils <em>Proses pour l&#8217;apr\u00e8s-midi<\/em> et <em>Cinq heures du soir<\/em>.<br \/>\nDes textes d&#8217;une beaut\u00e9 qui \u00e9l\u00e8ve le c\u0153ur.<\/p>\n<blockquote>\n<p>Il est loin, le jardin de l&#8217;\u00c9den, encore plus loin qu&#8217;aucune \u00e9toile, m\u00eame la plus lointaine et m\u00eame celle qui n&#8217;existe plus. L&#8217;enfant le sait.<br \/>\nC&#8217;est pourquoi si tu veux le retrouver, le jardin de l&#8217;\u00c9den, cherche-le dans ton c\u0153ur. Cherche dans ta m\u00e9moire. Il est l\u00e0. Comme un parfum de fruits dans la voix de l&#8217;oiseau, la couleur des cerises. Il est l\u00e0 dans ton sang ; dans ta chair, il est l\u00e0 ! Aux saveurs des ros\u00e9es de la terre, il est l\u00e0. Il est dans la m\u00e9moire de la terre. Les arbres le boivent \u00e0 longs traits de s\u00e8ve. Il est la m\u00e9moire des herbes.<br \/>\nEt dans ton c\u0153ur la nostalgie.<\/p>\n<\/blockquote>\n","protected":false},"excerpt":{"rendered":"<p>Ces textes courts \u2013 contes, nouvelles, souvenirs \u2013 sont inspir\u00e9s par l&#8217;univers de Marcelle Delpastre. Ses m\u00e9ditations invitent le lecteur \u00e0 s&#8217;attacher aux \u00ab tr\u00e8s secr\u00e8tes connivences \u00bb et aux \u00ab contacts constants \u00bb avec tout ce qui l&#8217;entoure. Ce perp\u00e9tuel \u00e9loge des plus petites choses de la vie, des animaux, des saisons et de [&hellip;]<\/p>\n","protected":false},"featured_media":27966,"template":"","meta":{"_acf_changed":false,"_genesis_hide_title":false,"_genesis_hide_breadcrumbs":false,"_genesis_hide_singular_image":false,"_genesis_hide_footer_widgets":false,"_genesis_custom_body_class":"","_genesis_custom_post_class":"","_genesis_layout":""},"product_brand":[],"product_cat":[7132,7174,7180],"product_tag":[],"class_list":{"0":"post-27965","1":"product","2":"type-product","3":"status-publish","4":"has-post-thumbnail","6":"product_cat-books","7":"product_cat-literature-en","8":"product_cat-poetry-en","9":"pa_auteur-delpastre-marcela-en","10":"pa_editeur-de-boree-en","11":"pa_langue-francais-en","12":"entry","14":"first","15":"instock","16":"shipping-taxable","17":"purchasable","18":"product-type-simple"},"acf":[],"_links":{"self":[{"href":"https:\/\/www.libraria-occitana.org\/en\/wp-json\/wp\/v2\/product\/27965","targetHints":{"allow":["GET"]}}],"collection":[{"href":"https:\/\/www.libraria-occitana.org\/en\/wp-json\/wp\/v2\/product"}],"about":[{"href":"https:\/\/www.libraria-occitana.org\/en\/wp-json\/wp\/v2\/types\/product"}],"wp:featuredmedia":[{"embeddable":true,"href":"https:\/\/www.libraria-occitana.org\/en\/wp-json\/wp\/v2\/media\/27966"}],"wp:attachment":[{"href":"https:\/\/www.libraria-occitana.org\/en\/wp-json\/wp\/v2\/media?parent=27965"}],"wp:term":[{"taxonomy":"product_brand","embeddable":true,"href":"https:\/\/www.libraria-occitana.org\/en\/wp-json\/wp\/v2\/product_brand?post=27965"},{"taxonomy":"product_cat","embeddable":true,"href":"https:\/\/www.libraria-occitana.org\/en\/wp-json\/wp\/v2\/product_cat?post=27965"},{"taxonomy":"product_tag","embeddable":true,"href":"https:\/\/www.libraria-occitana.org\/en\/wp-json\/wp\/v2\/product_tag?post=27965"}],"curies":[{"name":"wp","href":"https:\/\/api.w.org\/{rel}","templated":true}]}}