{"id":27973,"date":"2011-07-01T10:59:48","date_gmt":"2011-07-01T09:59:48","guid":{"rendered":"http:\/\/www.libraria-occitana.org\/all-products\/per-sesclafar-un-felibre-tulliste-valeureux-alfred-marpillat-1857-1917?lang=en"},"modified":"2026-04-29T03:32:02","modified_gmt":"2026-04-29T01:32:02","slug":"per-sesclafar-un-felibre-tulliste-valeureux-alfred-marpillat-1857-1917","status":"publish","type":"product","link":"https:\/\/www.libraria-occitana.org\/en\/product\/per-sesclafar-un-felibre-tulliste-valeureux-alfred-marpillat-1857-1917\/","title":{"rendered":"Per s&#8217;esclafar &#8211; Un f\u00e9libre tulliste valeureux : Alfred Marpillat (1857-1917) \/ Lemouzi N\u00b0199"},"content":{"rendered":"<p>19 \u00ab nh\u00f2rlas\u00a0\u00bb ou histoires pour rire en vers, pr\u00e9c\u00e9d\u00e9es d&#8217;une pr\u00e9sentation d&#8217;Alfred Marpillat et de son \u0153uvre par Robert Joudoux.<\/p>\n","protected":false},"excerpt":{"rendered":"<p>19 \u00ab nh\u00f2rlas\u00a0\u00bb ou histoires pour rire en vers, pr\u00e9c\u00e9d\u00e9es d&#8217;une pr\u00e9sentation d&#8217;Alfred Marpillat et de son \u0153uvre par Robert Joudoux.<\/p>\n","protected":false},"featured_media":27974,"template":"","meta":{"_acf_changed":false,"_genesis_hide_title":false,"_genesis_hide_breadcrumbs":false,"_genesis_hide_singular_image":false,"_genesis_hide_footer_widgets":false,"_genesis_custom_body_class":"","_genesis_custom_post_class":"","_genesis_layout":""},"product_brand":[],"product_cat":[7132,7174,7176],"product_tag":[],"class_list":{"0":"post-27973","1":"product","2":"type-product","3":"status-publish","4":"has-post-thumbnail","6":"product_cat-books","7":"product_cat-literature-en","8":"product_cat-tales-fables-en","9":"pa_auteur-marpillat-alfred-en","10":"pa_editeur-lemouzi-en","11":"pa_langue-occitan-lemosin-en","12":"pa_langue-occitan-francais-en","13":"entry","15":"first","16":"instock","17":"shipping-taxable","18":"purchasable","19":"product-type-simple"},"acf":[],"_links":{"self":[{"href":"https:\/\/www.libraria-occitana.org\/en\/wp-json\/wp\/v2\/product\/27973","targetHints":{"allow":["GET"]}}],"collection":[{"href":"https:\/\/www.libraria-occitana.org\/en\/wp-json\/wp\/v2\/product"}],"about":[{"href":"https:\/\/www.libraria-occitana.org\/en\/wp-json\/wp\/v2\/types\/product"}],"wp:featuredmedia":[{"embeddable":true,"href":"https:\/\/www.libraria-occitana.org\/en\/wp-json\/wp\/v2\/media\/27974"}],"wp:attachment":[{"href":"https:\/\/www.libraria-occitana.org\/en\/wp-json\/wp\/v2\/media?parent=27973"}],"wp:term":[{"taxonomy":"product_brand","embeddable":true,"href":"https:\/\/www.libraria-occitana.org\/en\/wp-json\/wp\/v2\/product_brand?post=27973"},{"taxonomy":"product_cat","embeddable":true,"href":"https:\/\/www.libraria-occitana.org\/en\/wp-json\/wp\/v2\/product_cat?post=27973"},{"taxonomy":"product_tag","embeddable":true,"href":"https:\/\/www.libraria-occitana.org\/en\/wp-json\/wp\/v2\/product_tag?post=27973"}],"curies":[{"name":"wp","href":"https:\/\/api.w.org\/{rel}","templated":true}]}}