{"id":27977,"date":"2011-06-01T11:51:52","date_gmt":"2011-06-01T09:51:52","guid":{"rendered":"http:\/\/www.libraria-occitana.org\/all-products\/lo-reibeinit-libre-cd?lang=en"},"modified":"2026-04-29T06:26:11","modified_gmt":"2026-04-29T04:26:11","slug":"lo-reibeinit-libre-cd","status":"publish","type":"product","link":"https:\/\/www.libraria-occitana.org\/en\/product\/lo-reibeinit-libre-cd\/","title":{"rendered":"Lo reibeinit (libre + CD)"},"content":{"rendered":"<p><strong>[oc]<\/strong><br \/>\nUn jorn, rasis la chalor, n\u00f2stre auseu s&#8217;endurmiguet e lo fu\u00f2c se tuet.<br \/>\nLo ser, la chalor era m\u00f2rta e lo vent freg tornet comen\u00e7ar de los nhacar.<br \/>\nTots se planhan : coma far, aura ?<br \/>\n&#8211; I\u00f2, sabe !<\/p>\n<p>Cicle 2 e 3. Libreton d&#8217;acompanhament pedagogic <a href=\"http:\/\/capoc.crdp-aquitaine.fr\/articles.php?lng=en&#038;pg=450&#038;mnuid=304&#038;tconfig=0\">sus lo site dau Cap&#8217;Oc<\/a>.<\/p>\n<p><strong>[fr]<\/strong><br \/>\nUn jour, pr\u00e8s de la chaleur, l&#8217;oiseau s&#8217;endormit et le feu s&#8217;\u00e9teint. Le soir, la chaleur \u00e9tait morte et le vent recommen\u00e7a \u00e0 mordre.<br \/>\nEt les oiseaux se plaignaient : comment faire maintenant ?<br \/>\nMais l&#8217;un dit :<br \/>\n&#8211; Moi je sais !<\/p>\n<p>Cycle 2 et 3. Livret d&#8217;accompagnement p\u00e9dagogique <a href=\"http:\/\/capoc.crdp-aquitaine.fr\/articles.php?lng=en&#038;pg=450&#038;mnuid=304&#038;tconfig=0\">sur le site du Cap&#8217;Oc<\/a>.<\/p>\n","protected":false},"excerpt":{"rendered":"<p>[oc] Un jorn, rasis la chalor, n\u00f2stre auseu s&#8217;endurmiguet e lo fu\u00f2c se tuet. Lo ser, la chalor era m\u00f2rta e lo vent freg tornet comen\u00e7ar de los nhacar. Tots se planhan : coma far, aura ? &#8211; I\u00f2, sabe ! Cicle 2 e 3. Libreton d&#8217;acompanhament pedagogic sus lo site dau Cap&#8217;Oc. [fr] Un [&hellip;]<\/p>\n","protected":false},"featured_media":27978,"template":"","meta":{"_acf_changed":false,"_genesis_hide_title":false,"_genesis_hide_breadcrumbs":false,"_genesis_hide_singular_image":false,"_genesis_hide_footer_widgets":false,"_genesis_custom_body_class":"","_genesis_custom_post_class":"","_genesis_layout":""},"product_brand":[],"product_cat":[7132,7170,7164],"product_tag":[],"class_list":{"0":"post-27977","1":"product","2":"type-product","3":"status-publish","4":"has-post-thumbnail","6":"product_cat-books","7":"product_cat-juvenile-en","8":"product_cat-juvenile-and-teen-comics-humour-en","9":"pa_auteur-mauhorat-sergi-en","10":"pa_auteur-tradicionau-en","11":"pa_editeur-canope-editions-en","12":"pa_illustrateur-hateau-coline-en","13":"pa_illustrateur-ratinaud-patrick-ratineaud-patrick-en","14":"pa_langue-occitan-lemosin-en","15":"pa_langue-occitan-francais-en","16":"entry","18":"first","19":"instock","20":"shipping-taxable","21":"purchasable","22":"product-type-simple"},"acf":[],"_links":{"self":[{"href":"https:\/\/www.libraria-occitana.org\/en\/wp-json\/wp\/v2\/product\/27977","targetHints":{"allow":["GET"]}}],"collection":[{"href":"https:\/\/www.libraria-occitana.org\/en\/wp-json\/wp\/v2\/product"}],"about":[{"href":"https:\/\/www.libraria-occitana.org\/en\/wp-json\/wp\/v2\/types\/product"}],"wp:featuredmedia":[{"embeddable":true,"href":"https:\/\/www.libraria-occitana.org\/en\/wp-json\/wp\/v2\/media\/27978"}],"wp:attachment":[{"href":"https:\/\/www.libraria-occitana.org\/en\/wp-json\/wp\/v2\/media?parent=27977"}],"wp:term":[{"taxonomy":"product_brand","embeddable":true,"href":"https:\/\/www.libraria-occitana.org\/en\/wp-json\/wp\/v2\/product_brand?post=27977"},{"taxonomy":"product_cat","embeddable":true,"href":"https:\/\/www.libraria-occitana.org\/en\/wp-json\/wp\/v2\/product_cat?post=27977"},{"taxonomy":"product_tag","embeddable":true,"href":"https:\/\/www.libraria-occitana.org\/en\/wp-json\/wp\/v2\/product_tag?post=27977"}],"curies":[{"name":"wp","href":"https:\/\/api.w.org\/{rel}","templated":true}]}}