{"id":28375,"date":"2016-04-15T12:30:42","date_gmt":"2016-04-15T11:30:42","guid":{"rendered":"http:\/\/www.libraria-occitana.org\/all-products\/las-mila-e-una-proesas-de-pepin-trespomas-vol-2?lang=en"},"modified":"2026-04-09T04:31:22","modified_gmt":"2026-04-09T02:31:22","slug":"las-mila-e-una-proesas-de-pepin-trespomas-vol-2","status":"publish","type":"product","link":"https:\/\/www.libraria-occitana.org\/en\/product\/las-mila-e-una-proesas-de-pepin-trespomas-vol-2\/","title":{"rendered":"Las mila e una proesas de Pepin Trespomas vol 2"},"content":{"rendered":"<p>Version occitane de la s\u00e9rie d&#8217;animation P\u00e9pin Troispommes (Les Cartooneurs Associ\u00e9s \/ France 3 \/ Canal J)<\/p>\n<p>Il \u00e9tait une fois, un petit, tout petit chevalier qui parcourait le vaste monde en compagnie de Grosbec, son fid\u00e8le cuisinier et Picanier, le fou du roi. Vaillant, tol\u00e9rant et curieux, P\u00e9pin Troispommes trouvera toujours la solution aux probl\u00e8mes que rencontreront les trois amis.<\/p>\n<p>Avec les voix de Ives Durand, Lauren\u00e7 Labadia, P\u00e8ir Arnaut Grosclaude\u2013Lapl\u00e9ch\u00e8re, Caroline Dufau, Cecila Chapduelh, Olivier Pijasson, Monica Burg, Guilhem Surpas, Emilie Esquerr\u00e9, Violette Labadie, Philippe Neyrat, Eliane Tourtet, Marie-H\u00e9l\u00e8ne Peyresaubes, J\u00f2rdi Besombes.<\/p>\n<p><a title=\"Las mila e una proesas de Pepin Trespomas vol 1\" href=\"http:\/\/www.libraria-occitana.org\/all-products\/las-mila-e-una-proesas-de-pepin-trespomas-vol-1\"><em>Las mila e una proesas de Pepin Trespomas<\/em>\u00a0vol\u00a01<\/a><br \/>\n<a href=\"http:\/\/www.libraria-occitana.org\/produit\/las-mila-e-una-proesas-de-pepin-trespomas-vol-3\/\"><em>Las mila e una proesas de Pepin Trespomas<\/em> vol 3<\/a><br \/>\n<em>Las mila e una proesas de Pepin Trespomas<\/em> vol 4<br \/>\n<em>Las mila e una proesas de Pepin Trespomas<\/em> vol 5<\/p>\n","protected":false},"excerpt":{"rendered":"<p>Version occitane de la s\u00e9rie d&#8217;animation P\u00e9pin Troispommes (Les Cartooneurs Associ\u00e9s \/ France 3 \/ Canal J) Il \u00e9tait une fois, un petit, tout petit chevalier qui parcourait le vaste monde en compagnie de Grosbec, son fid\u00e8le cuisinier et Picanier, le fou du roi. Vaillant, tol\u00e9rant et curieux, P\u00e9pin Troispommes trouvera toujours la solution aux [&hellip;]<\/p>\n","protected":false},"featured_media":28238,"template":"","meta":{"_acf_changed":false,"_genesis_hide_title":false,"_genesis_hide_breadcrumbs":false,"_genesis_hide_singular_image":false,"_genesis_hide_footer_widgets":false,"_genesis_custom_body_class":"","_genesis_custom_post_class":"","_genesis_layout":""},"product_brand":[],"product_cat":[7245,7249],"product_tag":[],"class_list":{"0":"post-28375","1":"product","2":"type-product","3":"status-publish","4":"has-post-thumbnail","6":"product_cat-juvenile-and-teen-videos-2-en","7":"product_cat-videos-3-en","8":"pa_auteur-bretaudeau-jacky-en","9":"pa_auteur-vinciguerra-luc-en","10":"pa_editeur-contam-en","11":"pa_editeur-les-cartooneurs-associes-en","12":"pa_langue-occitan-en","13":"entry","15":"first","16":"instock","17":"shipping-taxable","18":"purchasable","19":"product-type-simple"},"acf":[],"_links":{"self":[{"href":"https:\/\/www.libraria-occitana.org\/en\/wp-json\/wp\/v2\/product\/28375","targetHints":{"allow":["GET"]}}],"collection":[{"href":"https:\/\/www.libraria-occitana.org\/en\/wp-json\/wp\/v2\/product"}],"about":[{"href":"https:\/\/www.libraria-occitana.org\/en\/wp-json\/wp\/v2\/types\/product"}],"wp:featuredmedia":[{"embeddable":true,"href":"https:\/\/www.libraria-occitana.org\/en\/wp-json\/wp\/v2\/media\/28238"}],"wp:attachment":[{"href":"https:\/\/www.libraria-occitana.org\/en\/wp-json\/wp\/v2\/media?parent=28375"}],"wp:term":[{"taxonomy":"product_brand","embeddable":true,"href":"https:\/\/www.libraria-occitana.org\/en\/wp-json\/wp\/v2\/product_brand?post=28375"},{"taxonomy":"product_cat","embeddable":true,"href":"https:\/\/www.libraria-occitana.org\/en\/wp-json\/wp\/v2\/product_cat?post=28375"},{"taxonomy":"product_tag","embeddable":true,"href":"https:\/\/www.libraria-occitana.org\/en\/wp-json\/wp\/v2\/product_tag?post=28375"}],"curies":[{"name":"wp","href":"https:\/\/api.w.org\/{rel}","templated":true}]}}