{"id":28435,"date":"2016-05-01T09:45:36","date_gmt":"2016-05-01T07:45:36","guid":{"rendered":"http:\/\/www.libraria-occitana.org\/all-products\/vint-e-una-faulas-de-jan-de-la-font-reviradas-per-melhau?lang=en"},"modified":"2026-04-29T11:01:50","modified_gmt":"2026-04-29T09:01:50","slug":"vint-e-una-faulas-de-jan-de-la-font-reviradas-per-melhau","status":"publish","type":"product","link":"https:\/\/www.libraria-occitana.org\/en\/product\/vint-e-una-faulas-de-jan-de-la-font-reviradas-per-melhau\/","title":{"rendered":"Vint-e-una faulas de Jan de la Font reviradas per Melhau"},"content":{"rendered":"<p><strong>[oc]<\/strong><br \/>\nSe compten pas las reviradas fachas en totas lengas, per n&#8217;autres en occitan &#8211; dins quau dialecte sia &#8211; de las faulas de Jan de la Font. Per \u00e7\u00f2 que n&#8217;es dau lemosin : Casa, Richard, Focaud mai que mai. Valen \u00e7\u00f2 que valen. E be, mancava mas Melhau ! Chalia be que quauqu&#8217;un c\u00f2p l-i se &#8216;trapessa, se que, de faulas soas, n&#8217;avia publijat un libreton. N&#8217;avetz &#8216;qu\u00ed vint-e-una, d&#8217;entre las mai conegudas. E plan imatjadas per Simeonin. A dos, n&#8217;aguessan fach un libre de bon dreibir&#8230;<\/p>\n<p><strong>[fr]<\/strong><br \/>\nEn occitan. 21 fables de La Fontaine traduites par Jan dau Melhau et illustr\u00e9es de linogravures de Jan-Marc Simeonin.<\/p>\n","protected":false},"excerpt":{"rendered":"<p>[oc] Se compten pas las reviradas fachas en totas lengas, per n&#8217;autres en occitan &#8211; dins quau dialecte sia &#8211; de las faulas de Jan de la Font. Per \u00e7\u00f2 que n&#8217;es dau lemosin : Casa, Richard, Focaud mai que mai. Valen \u00e7\u00f2 que valen. E be, mancava mas Melhau ! Chalia be que quauqu&#8217;un [&hellip;]<\/p>\n","protected":false},"featured_media":28433,"template":"","meta":{"_acf_changed":false,"_genesis_hide_title":false,"_genesis_hide_breadcrumbs":false,"_genesis_hide_singular_image":false,"_genesis_hide_footer_widgets":false,"_genesis_custom_body_class":"","_genesis_custom_post_class":"","_genesis_layout":""},"product_brand":[],"product_cat":[7132,7174,7176],"product_tag":[],"class_list":{"0":"post-28435","1":"product","2":"type-product","3":"status-publish","4":"has-post-thumbnail","6":"product_cat-books","7":"product_cat-literature-en","8":"product_cat-tales-fables-en","9":"pa_auteur-melhau-jan-dau-fr-en","10":"pa_editeur-lo-chamin-de-sent-jaume-en","11":"pa_illustrateur-simeonin-jan-marc-en","12":"pa_langue-occitan-en","13":"pa_langue-occitan-lemosin-en","14":"entry","16":"first","17":"instock","18":"shipping-taxable","19":"purchasable","20":"product-type-simple"},"acf":[],"_links":{"self":[{"href":"https:\/\/www.libraria-occitana.org\/en\/wp-json\/wp\/v2\/product\/28435","targetHints":{"allow":["GET"]}}],"collection":[{"href":"https:\/\/www.libraria-occitana.org\/en\/wp-json\/wp\/v2\/product"}],"about":[{"href":"https:\/\/www.libraria-occitana.org\/en\/wp-json\/wp\/v2\/types\/product"}],"wp:featuredmedia":[{"embeddable":true,"href":"https:\/\/www.libraria-occitana.org\/en\/wp-json\/wp\/v2\/media\/28433"}],"wp:attachment":[{"href":"https:\/\/www.libraria-occitana.org\/en\/wp-json\/wp\/v2\/media?parent=28435"}],"wp:term":[{"taxonomy":"product_brand","embeddable":true,"href":"https:\/\/www.libraria-occitana.org\/en\/wp-json\/wp\/v2\/product_brand?post=28435"},{"taxonomy":"product_cat","embeddable":true,"href":"https:\/\/www.libraria-occitana.org\/en\/wp-json\/wp\/v2\/product_cat?post=28435"},{"taxonomy":"product_tag","embeddable":true,"href":"https:\/\/www.libraria-occitana.org\/en\/wp-json\/wp\/v2\/product_tag?post=28435"}],"curies":[{"name":"wp","href":"https:\/\/api.w.org\/{rel}","templated":true}]}}