{"id":28447,"date":"2016-04-01T13:42:06","date_gmt":"2016-04-01T12:42:06","guid":{"rendered":"http:\/\/www.libraria-occitana.org\/all-products\/les-plus-belles-forets-du-limousin-et-dauvergne?lang=en"},"modified":"2026-04-29T01:51:17","modified_gmt":"2026-04-28T23:51:17","slug":"les-plus-belles-forets-du-limousin-et-dauvergne","status":"publish","type":"product","link":"https:\/\/www.libraria-occitana.org\/en\/product\/les-plus-belles-forets-du-limousin-et-dauvergne\/","title":{"rendered":"Les plus belles for\u00eats du Limousin et d&#8217;Auvergne"},"content":{"rendered":"<p><strong>Quelle beaut\u00e9, quelle gr\u00e2ce, quelle l\u00e9g\u00e8ret\u00e9 ces for\u00eats d&#8217;Auvergne et du Limousin !<\/strong><\/p>\n<p>Cet ouvrage regroupe les plus belles photographies, la plupart in\u00e9dites, des for\u00eats d\u2019Auvergne et du Limousin. Il permet aussi de mieux conna\u00eetre les photographes &#8211; amateurs ou plus confirm\u00e9s &#8211; qui arpentent cette r\u00e9gion.<br \/>\nDepuis fort longtemps, l\u2019homme pr\u00e9side au destin des for\u00eats en \u00e9liminant certaines essences d\u2019arbres ou en introduisant, \u00e0 dessein, celles sur lesquelles il fonde l\u2019espoir d\u2019un profit. La nature s\u2019en trouve influenc\u00e9e sans pour autant perdre sa beaut\u00e9. C\u2019est pourquoi, il y a une forme de l\u00e9g\u00e8ret\u00e9 et de gr\u00e2ce \u00e0 observer les plus beaux massifs forestiers d\u2019Auvergne et du Limousin : Tron\u00e7ais, Livradois-Forez, Sancy-Combrailles, Ch\u00e2taigneraie cantalienne, Chabri\u00e8res, Haute-Vienne, Creuse&#8230;<\/p>\n<p>L\u2019auteur : Claudy Combe, ing\u00e9nieur forestier travaillant depuis plus de 20 ans dans un parc naturel r\u00e9gional.<br \/>\nLes photographes : Philippe Aboulin, Jean-Fran\u00e7ois Amelot, Beno\u00eet Barr\u00e8s, Philippe Bousseaud, Remi Flament, Fabrice Cahez, Cyril Coudert, For\u00eat Follies, Patrick Morand, Luc Olivier, Mus\u00e9e de la ch\u00e2taigne de Montjoux, Didier P\u00e9pin, Christophe Ru\u00e9, Kristel Schneider et Fabrice Vincent ; exalt\u00e9s par la beaut\u00e9 des for\u00eats.<\/p>\n","protected":false},"excerpt":{"rendered":"<p>Quelle beaut\u00e9, quelle gr\u00e2ce, quelle l\u00e9g\u00e8ret\u00e9 ces for\u00eats d&#8217;Auvergne et du Limousin ! Cet ouvrage regroupe les plus belles photographies, la plupart in\u00e9dites, des for\u00eats d\u2019Auvergne et du Limousin. Il permet aussi de mieux conna\u00eetre les photographes &#8211; amateurs ou plus confirm\u00e9s &#8211; qui arpentent cette r\u00e9gion. Depuis fort longtemps, l\u2019homme pr\u00e9side au destin des [&hellip;]<\/p>\n","protected":false},"featured_media":28445,"template":"","meta":{"_acf_changed":false,"_genesis_hide_title":false,"_genesis_hide_breadcrumbs":false,"_genesis_hide_singular_image":false,"_genesis_hide_footer_widgets":false,"_genesis_custom_body_class":"","_genesis_custom_post_class":"","_genesis_layout":""},"product_brand":[],"product_cat":[7132,7200,7196],"product_tag":[],"class_list":{"0":"post-28447","1":"product","2":"type-product","3":"status-publish","4":"has-post-thumbnail","6":"product_cat-books","7":"product_cat-nature-gardening-en","8":"product_cat-nature-tourism-en","9":"pa_auteur-combe-claudy-en","10":"pa_editeur-page-centrale-en","11":"pa_illustrateur-collectiu-illustrateur-en","12":"pa_langue-francais-en","13":"entry","15":"first","16":"instock","17":"shipping-taxable","18":"purchasable","19":"product-type-simple"},"acf":[],"_links":{"self":[{"href":"https:\/\/www.libraria-occitana.org\/en\/wp-json\/wp\/v2\/product\/28447","targetHints":{"allow":["GET"]}}],"collection":[{"href":"https:\/\/www.libraria-occitana.org\/en\/wp-json\/wp\/v2\/product"}],"about":[{"href":"https:\/\/www.libraria-occitana.org\/en\/wp-json\/wp\/v2\/types\/product"}],"wp:featuredmedia":[{"embeddable":true,"href":"https:\/\/www.libraria-occitana.org\/en\/wp-json\/wp\/v2\/media\/28445"}],"wp:attachment":[{"href":"https:\/\/www.libraria-occitana.org\/en\/wp-json\/wp\/v2\/media?parent=28447"}],"wp:term":[{"taxonomy":"product_brand","embeddable":true,"href":"https:\/\/www.libraria-occitana.org\/en\/wp-json\/wp\/v2\/product_brand?post=28447"},{"taxonomy":"product_cat","embeddable":true,"href":"https:\/\/www.libraria-occitana.org\/en\/wp-json\/wp\/v2\/product_cat?post=28447"},{"taxonomy":"product_tag","embeddable":true,"href":"https:\/\/www.libraria-occitana.org\/en\/wp-json\/wp\/v2\/product_tag?post=28447"}],"curies":[{"name":"wp","href":"https:\/\/api.w.org\/{rel}","templated":true}]}}