{"id":28502,"date":"2005-01-01T15:56:06","date_gmt":"2005-01-01T14:56:06","guid":{"rendered":"http:\/\/www.libraria-occitana.org\/all-products\/chants-danses-et-paysages?lang=en"},"modified":"2024-07-05T00:08:03","modified_gmt":"2024-07-04T22:08:03","slug":"chants-danses-et-paysages","status":"publish","type":"product","link":"https:\/\/www.libraria-occitana.org\/en\/product\/chants-danses-et-paysages\/","title":{"rendered":"Chants, danses et paysages"},"content":{"rendered":"<p><strong>Titres :<\/strong><br \/>\n1. Marche de Brive \/ Chantons gaiement pour passer le temps \/ Nicolas (g\u00e9n\u00e9rique, vues de la ville de Limoges) 3&#8217;03&#8221;<br \/>\n2. Lo Pico Talou (polka piqu\u00e9e) 1&#8217;00&#8221;<br \/>\n3. Lo Crouzado (bourr\u00e9e) 1&#8217;59&#8221;<br \/>\n4. La Gigouillette (gigue) 0&#8217;55&#8221;<br \/>\n5. Bourr\u00e9e de Brigueil (bourr\u00e9e) 1&#8217;35&#8221;<br \/>\n6. L\u2019aigo de Rocho (scottish-marche) 1&#8217;41&#8221;<br \/>\n7. La Ballade (valse) 1&#8217;42&#8221;<br \/>\n8. Lou coutillou vert (danse trad) 1&#8217;12&#8221;<br \/>\n9. La guimbarde (danse du b\u00e2ton) 0&#8217;58&#8221;<br \/>\n10. Lou Manuguet (menuet paysan) 2&#8217;09&#8221;<br \/>\n11. Belle berg\u00e8re (chant : B\u00e9atrice Pontieu et \u00c9ric Rougier) 2&#8217;35&#8221;<br \/>\n12. Ma pastourelle (valse) 2&#8217;22&#8221;<br \/>\n13. Lous gar\u00e7ous de lo montagno (bourr\u00e9e) 1&#8217;44&#8221;<br \/>\n14. Lou Turlututu (chant : groupe folklorique) 2&#8217;34&#8221;<br \/>\n15. Au beau pays champ\u00eatre (chant : Robert Peyrot et le groupe folklorique)<br \/>\n16. Le p\u00e9l\u00e9l\u00e9 (valse) 1&#8217;59&#8221;<br \/>\n17. La tournijaire (bourr\u00e9e) 2&#8217;33&#8221;<br \/>\n18. La mourolliado (exposition florale \u00e0 la mairie de Panazol) 1&#8217;14&#8221;<br \/>\n19. Lou Renar e lo Graulo \u2013 Le corbeau et le renard (fable racont\u00e9e par Robert Peyrot)<br \/>\n20. Toino (chant : \u00c9ric Rougier) 2&#8217;31&#8221;<br \/>\n21. Lo Brian\u00e7o (chant : Andr\u00e9 Ducher) 3&#8217;58&#8221;<br \/>\n22. Rossignolet des bois (chant : Ir\u00e8ne Jaulin) 2&#8217;18&#8221;<br \/>\n23. La montagnarde (bourr\u00e9e) 2&#8217;08&#8221;<br \/>\n24. Bal vieux (polka) 1&#8217;46&#8221;<br \/>\n25. Lo gerbo baudo (chant : groupe folklorique) 3&#8217;34&#8221;<br \/>\n26. Le P\u00e8re Fran\u00e7ois (g\u00e9n\u00e9rique de fin, vues des jardins de l&#8217;\u00c9v\u00each\u00e9 de Limoges) 1&#8217;39&#8221;<\/p>\n","protected":false},"excerpt":{"rendered":"<p>Titres : 1. Marche de Brive \/ Chantons gaiement pour passer le temps \/ Nicolas (g\u00e9n\u00e9rique, vues de la ville de Limoges) 3&#8217;03&#8221; 2. Lo Pico Talou (polka piqu\u00e9e) 1&#8217;00&#8221; 3. Lo Crouzado (bourr\u00e9e) 1&#8217;59&#8221; 4. La Gigouillette (gigue) 0&#8217;55&#8221; 5. Bourr\u00e9e de Brigueil (bourr\u00e9e) 1&#8217;35&#8221; 6. L\u2019aigo de Rocho (scottish-marche) 1&#8217;41&#8221; 7. La Ballade [&hellip;]<\/p>\n","protected":false},"featured_media":28500,"template":"","meta":{"_acf_changed":false,"_genesis_hide_title":false,"_genesis_hide_breadcrumbs":false,"_genesis_hide_singular_image":false,"_genesis_hide_footer_widgets":false,"_genesis_custom_body_class":"","_genesis_custom_post_class":"","_genesis_layout":""},"product_brand":[],"product_cat":[7247,7249],"product_tag":[],"class_list":{"0":"post-28502","1":"product","2":"type-product","3":"status-publish","4":"has-post-thumbnail","6":"product_cat-music-literature-en","7":"product_cat-videos-3-en","8":"pa_auteur-leglantino-do-lemouzi-en","9":"pa_editeur-tito-video-en","10":"pa_langue-francais-en","11":"pa_langue-occitan-en","12":"pa_langue-occitan-lemosin-en","13":"entry","15":"first","16":"outofstock","17":"shipping-taxable","18":"purchasable","19":"product-type-simple"},"acf":[],"_links":{"self":[{"href":"https:\/\/www.libraria-occitana.org\/en\/wp-json\/wp\/v2\/product\/28502","targetHints":{"allow":["GET"]}}],"collection":[{"href":"https:\/\/www.libraria-occitana.org\/en\/wp-json\/wp\/v2\/product"}],"about":[{"href":"https:\/\/www.libraria-occitana.org\/en\/wp-json\/wp\/v2\/types\/product"}],"wp:featuredmedia":[{"embeddable":true,"href":"https:\/\/www.libraria-occitana.org\/en\/wp-json\/wp\/v2\/media\/28500"}],"wp:attachment":[{"href":"https:\/\/www.libraria-occitana.org\/en\/wp-json\/wp\/v2\/media?parent=28502"}],"wp:term":[{"taxonomy":"product_brand","embeddable":true,"href":"https:\/\/www.libraria-occitana.org\/en\/wp-json\/wp\/v2\/product_brand?post=28502"},{"taxonomy":"product_cat","embeddable":true,"href":"https:\/\/www.libraria-occitana.org\/en\/wp-json\/wp\/v2\/product_cat?post=28502"},{"taxonomy":"product_tag","embeddable":true,"href":"https:\/\/www.libraria-occitana.org\/en\/wp-json\/wp\/v2\/product_tag?post=28502"}],"curies":[{"name":"wp","href":"https:\/\/api.w.org\/{rel}","templated":true}]}}