{"id":28529,"date":"1986-09-01T19:24:21","date_gmt":"1986-09-01T17:24:21","guid":{"rendered":"http:\/\/www.libraria-occitana.org\/all-products\/contes-de-joan-de-faia?lang=en"},"modified":"2026-04-18T03:26:51","modified_gmt":"2026-04-18T01:26:51","slug":"contes-de-joan-de-faia","status":"publish","type":"product","link":"https:\/\/www.libraria-occitana.org\/en\/product\/contes-de-joan-de-faia\/","title":{"rendered":"Contes de Joan de F\u00e0ia"},"content":{"rendered":"<p>Un classique du Rib\u00e9racois. Ce ne sont pas des contes \u00e0 proprement parler mais d\u2019\u00e9tonnantes chroniques paysannes. Un humour qui ne ridiculise jamais, un r\u00e9alisme discret font de ce livre un document agr\u00e9able et pr\u00e9cieux sur le \u00ab biais de viure \u00bb d\u2019un pays.<\/p>\n","protected":false},"excerpt":{"rendered":"<p>Un classique du Rib\u00e9racois. Ce ne sont pas des contes \u00e0 proprement parler mais d\u2019\u00e9tonnantes chroniques paysannes. Un humour qui ne ridiculise jamais, un r\u00e9alisme discret font de ce livre un document agr\u00e9able et pr\u00e9cieux sur le \u00ab biais de viure \u00bb d\u2019un pays.<\/p>\n","protected":false},"featured_media":28527,"template":"","meta":{"_acf_changed":false,"_genesis_hide_title":false,"_genesis_hide_breadcrumbs":false,"_genesis_hide_singular_image":false,"_genesis_hide_footer_widgets":false,"_genesis_custom_body_class":"","_genesis_custom_post_class":"","_genesis_layout":""},"product_brand":[],"product_cat":[7132,7174,7176],"product_tag":[],"class_list":{"0":"post-28529","1":"product","2":"type-product","3":"status-publish","4":"has-post-thumbnail","6":"product_cat-books","7":"product_cat-literature-en","8":"product_cat-tales-fables-en","9":"pa_auteur-dusolier-emili-en","10":"pa_editeur-ieo-perigord-novelum-en","11":"pa_langue-occitan-en","12":"pa_langue-occitan-lemosin-en","13":"entry","15":"first","16":"instock","17":"shipping-taxable","18":"purchasable","19":"product-type-simple"},"acf":[],"_links":{"self":[{"href":"https:\/\/www.libraria-occitana.org\/en\/wp-json\/wp\/v2\/product\/28529","targetHints":{"allow":["GET"]}}],"collection":[{"href":"https:\/\/www.libraria-occitana.org\/en\/wp-json\/wp\/v2\/product"}],"about":[{"href":"https:\/\/www.libraria-occitana.org\/en\/wp-json\/wp\/v2\/types\/product"}],"wp:featuredmedia":[{"embeddable":true,"href":"https:\/\/www.libraria-occitana.org\/en\/wp-json\/wp\/v2\/media\/28527"}],"wp:attachment":[{"href":"https:\/\/www.libraria-occitana.org\/en\/wp-json\/wp\/v2\/media?parent=28529"}],"wp:term":[{"taxonomy":"product_brand","embeddable":true,"href":"https:\/\/www.libraria-occitana.org\/en\/wp-json\/wp\/v2\/product_brand?post=28529"},{"taxonomy":"product_cat","embeddable":true,"href":"https:\/\/www.libraria-occitana.org\/en\/wp-json\/wp\/v2\/product_cat?post=28529"},{"taxonomy":"product_tag","embeddable":true,"href":"https:\/\/www.libraria-occitana.org\/en\/wp-json\/wp\/v2\/product_tag?post=28529"}],"curies":[{"name":"wp","href":"https:\/\/api.w.org\/{rel}","templated":true}]}}