{"id":28578,"date":"2020-07-20T09:40:47","date_gmt":"2020-07-20T07:40:47","guid":{"rendered":"http:\/\/www.libraria-occitana.org\/all-products\/chants-occitans-du-perigord-et-dailleurs-libre-cd?lang=en"},"modified":"2026-04-29T01:11:21","modified_gmt":"2026-04-28T23:11:21","slug":"chants-occitans-du-perigord-et-dailleurs-libre-cd","status":"publish","type":"product","link":"https:\/\/www.libraria-occitana.org\/en\/product\/chants-occitans-du-perigord-et-dailleurs-libre-cd\/","title":{"rendered":"Chants occitans du P\u00e9rigord et d&#8217;ailleurs (libre + CD)"},"content":{"rendered":"<p>Ce livret regroupe vingt chansons traditionnelles occitanes principalement du P\u00e9rigord. Nous avons choisi d&#8217;y ajouter quatre chansons provenant d&#8217;autres r\u00e9gions d&#8217;Occitanie. Ces chants populaires sont tir\u00e9s de recueils d\u00e9j\u00e0 publi\u00e9s, d&#8217;autres proviennent de collectages, sans compter ceux dont il est bien difficile de d\u00e9terminer l&#8217;origine exacte, car ce sont, justement, des chants populaires. Qui peut dire d&#8217;o\u00f9 il conna\u00eet le Turlutut\u00fa ?<br \/>\nIl est aussi le fruit du travail des Zinzonaires, et nous donnons ici les chansons, avec paroles et partitions, telles que ce groupe de chant les a interpr\u00e9t\u00e9es.<\/p>\n<p>Avec partitions et traduction fran\u00e7aise.<\/p>\n<p><strong>Titres :<\/strong><br \/>\nLa pita Joana dau Rei<br \/>\nLa Margu\u00ed<br \/>\nQui portar\u00e1 dinnar au boier ?<br \/>\nDija, Joanton<br \/>\nQuand lo pastor<br \/>\nLas filhas de Marzac<br \/>\nLo tendilhon<br \/>\nQuo es quilhs goiats<br \/>\nLa Dondena<br \/>\nLo Turlutut\u00fa<br \/>\nQuant v\u00f2s ganhar<br \/>\nMa Liseta<br \/>\nLa I\u00f3-i\u00f3<br \/>\nN&#8217;i a gaire qu&#8217;ai auvit<br \/>\nLa terra es freja<br \/>\nDoman es lo prumi\u00e8r de mai<br \/>\nVeic\u00ed lo j\u00f2li mes de mai<br \/>\nLo cur de ma mia<br \/>\nLa passion<br \/>\nDonatz daus u\u00f2us<\/p>\n","protected":false},"excerpt":{"rendered":"<p>Ce livret regroupe vingt chansons traditionnelles occitanes principalement du P\u00e9rigord. Nous avons choisi d&#8217;y ajouter quatre chansons provenant d&#8217;autres r\u00e9gions d&#8217;Occitanie. Ces chants populaires sont tir\u00e9s de recueils d\u00e9j\u00e0 publi\u00e9s, d&#8217;autres proviennent de collectages, sans compter ceux dont il est bien difficile de d\u00e9terminer l&#8217;origine exacte, car ce sont, justement, des chants populaires. Qui peut [&hellip;]<\/p>\n","protected":false},"featured_media":28576,"template":"","meta":{"_acf_changed":false,"_genesis_hide_title":false,"_genesis_hide_breadcrumbs":false,"_genesis_hide_singular_image":false,"_genesis_hide_footer_widgets":false,"_genesis_custom_body_class":"","_genesis_custom_post_class":"","_genesis_layout":""},"product_brand":[],"product_cat":[7132,7190,7192],"product_tag":[],"class_list":{"0":"post-28578","1":"product","2":"type-product","3":"status-publish","4":"has-post-thumbnail","6":"product_cat-books","7":"product_cat-music-dances-en","8":"product_cat-scores-lyrics-en","9":"pa_auteur-ros-esteve-en","10":"pa_editeur-ieo-perigord-novelum-en","11":"pa_illustrateur-los-zinzonaires-en","12":"pa_langue-occitan-lemosin-en","13":"pa_langue-occitan-francais-en","14":"entry","16":"first","17":"instock","18":"shipping-taxable","19":"purchasable","20":"product-type-simple"},"acf":[],"_links":{"self":[{"href":"https:\/\/www.libraria-occitana.org\/en\/wp-json\/wp\/v2\/product\/28578","targetHints":{"allow":["GET"]}}],"collection":[{"href":"https:\/\/www.libraria-occitana.org\/en\/wp-json\/wp\/v2\/product"}],"about":[{"href":"https:\/\/www.libraria-occitana.org\/en\/wp-json\/wp\/v2\/types\/product"}],"wp:featuredmedia":[{"embeddable":true,"href":"https:\/\/www.libraria-occitana.org\/en\/wp-json\/wp\/v2\/media\/28576"}],"wp:attachment":[{"href":"https:\/\/www.libraria-occitana.org\/en\/wp-json\/wp\/v2\/media?parent=28578"}],"wp:term":[{"taxonomy":"product_brand","embeddable":true,"href":"https:\/\/www.libraria-occitana.org\/en\/wp-json\/wp\/v2\/product_brand?post=28578"},{"taxonomy":"product_cat","embeddable":true,"href":"https:\/\/www.libraria-occitana.org\/en\/wp-json\/wp\/v2\/product_cat?post=28578"},{"taxonomy":"product_tag","embeddable":true,"href":"https:\/\/www.libraria-occitana.org\/en\/wp-json\/wp\/v2\/product_tag?post=28578"}],"curies":[{"name":"wp","href":"https:\/\/api.w.org\/{rel}","templated":true}]}}