{"id":28593,"date":"2016-06-17T18:23:46","date_gmt":"2016-06-17T17:23:46","guid":{"rendered":"http:\/\/www.libraria-occitana.org\/all-products\/les-saints-du-limousin-croire-et-montrer?lang=en"},"modified":"2026-04-09T06:31:19","modified_gmt":"2026-04-09T04:31:19","slug":"les-saints-du-limousin-croire-et-montrer","status":"publish","type":"product","link":"https:\/\/www.libraria-occitana.org\/en\/product\/les-saints-du-limousin-croire-et-montrer\/","title":{"rendered":"Les saints du Limousin : Croire et montrer"},"content":{"rendered":"<p>L\u2019attachement des Limousins \u00e0 leurs saints et \u00e0 leurs reliques fait de la r\u00e9gion un territoire \u00e0 la religiosit\u00e9 sp\u00e9cifique, encore tr\u00e8s pr\u00e9gnante aujourd\u2019hui. La manifestation la plus originale de ce ph\u00e9nom\u00e8ne sont les Ostensions septennales. Celles-ci ne peuvent \u00eatre dissoci\u00e9es du culte rendu \u00e0 ces saints personnages \u00e0 travers les si\u00e8cles. Par leur pr\u00e9sence, leurs fondations, leurs miracles, par les r\u00e9cits de leurs vies et leur mise en image, l\u2019\u00e9vang\u00e9lisateur Martial, la martyre Val\u00e9rie, les ermites L\u00e9onard ou Psalmet, les fondateurs Pardoux ou \u00c9loi, et leurs nombreux semblables, ont tous contribu\u00e9 \u00e0 fa\u00e7onner l\u2019identit\u00e9 cultuelle et culturelle du Limousin.<\/p>\n","protected":false},"excerpt":{"rendered":"<p>L\u2019attachement des Limousins \u00e0 leurs saints et \u00e0 leurs reliques fait de la r\u00e9gion un territoire \u00e0 la religiosit\u00e9 sp\u00e9cifique, encore tr\u00e8s pr\u00e9gnante aujourd\u2019hui. La manifestation la plus originale de ce ph\u00e9nom\u00e8ne sont les Ostensions septennales. Celles-ci ne peuvent \u00eatre dissoci\u00e9es du culte rendu \u00e0 ces saints personnages \u00e0 travers les si\u00e8cles. Par leur pr\u00e9sence, [&hellip;]<\/p>\n","protected":false},"featured_media":28591,"template":"","meta":{"_acf_changed":false,"_genesis_hide_title":false,"_genesis_hide_breadcrumbs":false,"_genesis_hide_singular_image":false,"_genesis_hide_footer_widgets":false,"_genesis_custom_body_class":"","_genesis_custom_post_class":"","_genesis_layout":""},"product_brand":[],"product_cat":[7132,7204],"product_tag":[],"class_list":{"0":"post-28593","1":"product","2":"type-product","3":"status-publish","4":"has-post-thumbnail","6":"product_cat-books","7":"product_cat-religion-spirituality-en","8":"pa_auteur-masmonteil-jean-christophe-en","9":"pa_editeur-rencontre-avec-le-patrimoine-religieux-en","10":"pa_langue-francais-en","11":"entry","13":"first","14":"instock","15":"shipping-taxable","16":"purchasable","17":"product-type-simple"},"acf":[],"_links":{"self":[{"href":"https:\/\/www.libraria-occitana.org\/en\/wp-json\/wp\/v2\/product\/28593","targetHints":{"allow":["GET"]}}],"collection":[{"href":"https:\/\/www.libraria-occitana.org\/en\/wp-json\/wp\/v2\/product"}],"about":[{"href":"https:\/\/www.libraria-occitana.org\/en\/wp-json\/wp\/v2\/types\/product"}],"wp:featuredmedia":[{"embeddable":true,"href":"https:\/\/www.libraria-occitana.org\/en\/wp-json\/wp\/v2\/media\/28591"}],"wp:attachment":[{"href":"https:\/\/www.libraria-occitana.org\/en\/wp-json\/wp\/v2\/media?parent=28593"}],"wp:term":[{"taxonomy":"product_brand","embeddable":true,"href":"https:\/\/www.libraria-occitana.org\/en\/wp-json\/wp\/v2\/product_brand?post=28593"},{"taxonomy":"product_cat","embeddable":true,"href":"https:\/\/www.libraria-occitana.org\/en\/wp-json\/wp\/v2\/product_cat?post=28593"},{"taxonomy":"product_tag","embeddable":true,"href":"https:\/\/www.libraria-occitana.org\/en\/wp-json\/wp\/v2\/product_tag?post=28593"}],"curies":[{"name":"wp","href":"https:\/\/api.w.org\/{rel}","templated":true}]}}