{"id":28638,"date":"2014-10-01T16:49:20","date_gmt":"2014-10-01T15:49:20","guid":{"rendered":"http:\/\/www.libraria-occitana.org\/all-products\/le-loup-amoureux?lang=en"},"modified":"2026-04-15T22:06:11","modified_gmt":"2026-04-15T20:06:11","slug":"le-loup-amoureux","status":"publish","type":"product","link":"https:\/\/www.libraria-occitana.org\/en\/product\/le-loup-amoureux\/","title":{"rendered":"Le loup amoureux"},"content":{"rendered":"<blockquote>\n<p>Et si on m\u2019appelle \u00ab Loup \u00bb<br \/>\nNe m\u2019en sens pas d\u00e9shonor\u00e9<br \/>\nNi que sur moi les bergers crient<br \/>\nNi d\u2019\u00eatre par eux pourchass\u00e9 ;<br \/>\nJ\u2019aime bien mieux bois et buissons<br \/>\nQue ne fais de palais ni maison,<br \/>\nEt joyeusement j\u2019irai vers elle<br \/>\nParmi le gel, le vent, la neige.<\/p>\n<\/blockquote>\n<p>\u00ab Peire Vidal (1150 ?- 1210 ?) \u00e9tait fils d\u2019un \u00ab pelissier \u00bb, un fourreur de Toulouse, mais toutes les anecdotes qui on trait \u00e0 son existence nous disent qu\u2019il fr\u00e9quenta plut\u00f4t les cours, les chevaliers et surtout leurs dames. Homme du Sud-Ouest il a beaucoup voyag\u00e9. On le trouve \u00e0 Marseille, en Italie, en Espagne, \u00e0 Chypre et m\u00eame en Hongrie, mais la Provence, la <em>Proensa<\/em> est sa terre d\u2019\u00e9lection : cette terre \u00ab entre le Rh\u00f4ne et Vence\/enclose entre mer et Durance. \u00bb<br \/>\n\u00ab [\u2026] Peire Vidal, c\u2019est la vitalit\u00e9 du d\u00e9sir jointe \u00e0 l\u2019extravagance du comportement et il nous touche toujours, comme un fr\u00e8re peut-\u00eatre, homme comme nous imparfait, vantard fantasque et imp\u00e9nitent chasseur, ayant toujours en t\u00eate la qu\u00eate et la conqu\u00eate du bonheur.\u00a0\u00bb<\/p>\n<p style=\"text-align: right;\">Extraits de la pr\u00e9face de Francis Combes<\/p>\n<p>Pr\u00e9sentation et traduction de Francis Combes. \u00c9dition bilingue occitan-fran\u00e7ais.<\/p>\n","protected":false},"excerpt":{"rendered":"<p>Et si on m\u2019appelle \u00ab Loup \u00bb Ne m\u2019en sens pas d\u00e9shonor\u00e9 Ni que sur moi les bergers crient Ni d\u2019\u00eatre par eux pourchass\u00e9 ; J\u2019aime bien mieux bois et buissons Que ne fais de palais ni maison, Et joyeusement j\u2019irai vers elle Parmi le gel, le vent, la neige. \u00ab Peire Vidal (1150 ?- [&hellip;]<\/p>\n","protected":false},"featured_media":28636,"template":"","meta":{"_acf_changed":false,"_genesis_hide_title":false,"_genesis_hide_breadcrumbs":false,"_genesis_hide_singular_image":false,"_genesis_hide_footer_widgets":false,"_genesis_custom_body_class":"","_genesis_custom_post_class":"","_genesis_layout":""},"product_brand":[],"product_cat":[7132,7174,7180],"product_tag":[],"class_list":{"0":"post-28638","1":"product","2":"type-product","3":"status-publish","4":"has-post-thumbnail","6":"product_cat-books","7":"product_cat-literature-en","8":"product_cat-poetry-en","9":"pa_auteur-vidal-peire-en","10":"pa_editeur-federop-en","11":"pa_illustrateur-combes-francis-en","12":"pa_langue-occitan-medievau-en","13":"pa_langue-occitan-francais-en","14":"entry","16":"first","17":"instock","18":"shipping-taxable","19":"purchasable","20":"product-type-simple"},"acf":[],"_links":{"self":[{"href":"https:\/\/www.libraria-occitana.org\/en\/wp-json\/wp\/v2\/product\/28638","targetHints":{"allow":["GET"]}}],"collection":[{"href":"https:\/\/www.libraria-occitana.org\/en\/wp-json\/wp\/v2\/product"}],"about":[{"href":"https:\/\/www.libraria-occitana.org\/en\/wp-json\/wp\/v2\/types\/product"}],"wp:featuredmedia":[{"embeddable":true,"href":"https:\/\/www.libraria-occitana.org\/en\/wp-json\/wp\/v2\/media\/28636"}],"wp:attachment":[{"href":"https:\/\/www.libraria-occitana.org\/en\/wp-json\/wp\/v2\/media?parent=28638"}],"wp:term":[{"taxonomy":"product_brand","embeddable":true,"href":"https:\/\/www.libraria-occitana.org\/en\/wp-json\/wp\/v2\/product_brand?post=28638"},{"taxonomy":"product_cat","embeddable":true,"href":"https:\/\/www.libraria-occitana.org\/en\/wp-json\/wp\/v2\/product_cat?post=28638"},{"taxonomy":"product_tag","embeddable":true,"href":"https:\/\/www.libraria-occitana.org\/en\/wp-json\/wp\/v2\/product_tag?post=28638"}],"curies":[{"name":"wp","href":"https:\/\/api.w.org\/{rel}","templated":true}]}}