{"id":28647,"date":"2013-09-01T17:21:28","date_gmt":"2013-09-01T16:21:28","guid":{"rendered":"http:\/\/www.libraria-occitana.org\/all-products\/lestranh?lang=en"},"modified":"2026-04-26T00:01:06","modified_gmt":"2026-04-25T22:01:06","slug":"lestranh","status":"publish","type":"product","link":"https:\/\/www.libraria-occitana.org\/en\/product\/lestranh\/","title":{"rendered":"L&#8217;estranh"},"content":{"rendered":"<p><em>L&#8217;\u00e9tranger<\/em> est le premier roman d&#8217;Albert Camus (1913-1960), prix Nobel de litt\u00e9rature. Il est propos\u00e9 pour la premi\u00e8re fois en traduction gasconne, \u00e0 l&#8217;occasion du centenaire de la naissance de l&#8217;auteur.<\/p>\n","protected":false},"excerpt":{"rendered":"<p>L&#8217;\u00e9tranger est le premier roman d&#8217;Albert Camus (1913-1960), prix Nobel de litt\u00e9rature. Il est propos\u00e9 pour la premi\u00e8re fois en traduction gasconne, \u00e0 l&#8217;occasion du centenaire de la naissance de l&#8217;auteur.<\/p>\n","protected":false},"featured_media":28645,"template":"","meta":{"_acf_changed":false,"_genesis_hide_title":false,"_genesis_hide_breadcrumbs":false,"_genesis_hide_singular_image":false,"_genesis_hide_footer_widgets":false,"_genesis_custom_body_class":"","_genesis_custom_post_class":"","_genesis_layout":""},"product_brand":[],"product_cat":[7132,7174,7182],"product_tag":[],"class_list":{"0":"post-28647","1":"product","2":"type-product","3":"status-publish","4":"has-post-thumbnail","6":"product_cat-books","7":"product_cat-literature-en","8":"product_cat-novels-short-stories-en","9":"pa_auteur-camus-albert-en","10":"pa_editeur-reclams-en","11":"pa_illustrateur-gonzales-eric-2-en","12":"pa_langue-occitan-en","13":"pa_langue-occitan-gascon-en","14":"entry","16":"first","17":"instock","18":"shipping-taxable","19":"purchasable","20":"product-type-simple"},"acf":[],"_links":{"self":[{"href":"https:\/\/www.libraria-occitana.org\/en\/wp-json\/wp\/v2\/product\/28647","targetHints":{"allow":["GET"]}}],"collection":[{"href":"https:\/\/www.libraria-occitana.org\/en\/wp-json\/wp\/v2\/product"}],"about":[{"href":"https:\/\/www.libraria-occitana.org\/en\/wp-json\/wp\/v2\/types\/product"}],"wp:featuredmedia":[{"embeddable":true,"href":"https:\/\/www.libraria-occitana.org\/en\/wp-json\/wp\/v2\/media\/28645"}],"wp:attachment":[{"href":"https:\/\/www.libraria-occitana.org\/en\/wp-json\/wp\/v2\/media?parent=28647"}],"wp:term":[{"taxonomy":"product_brand","embeddable":true,"href":"https:\/\/www.libraria-occitana.org\/en\/wp-json\/wp\/v2\/product_brand?post=28647"},{"taxonomy":"product_cat","embeddable":true,"href":"https:\/\/www.libraria-occitana.org\/en\/wp-json\/wp\/v2\/product_cat?post=28647"},{"taxonomy":"product_tag","embeddable":true,"href":"https:\/\/www.libraria-occitana.org\/en\/wp-json\/wp\/v2\/product_tag?post=28647"}],"curies":[{"name":"wp","href":"https:\/\/api.w.org\/{rel}","templated":true}]}}