{"id":28653,"date":"2015-04-01T17:35:25","date_gmt":"2015-04-01T16:35:25","guid":{"rendered":"http:\/\/www.libraria-occitana.org\/all-products\/au-nom-de-la-langue-au-nom-de-la-lenga?lang=en"},"modified":"2026-04-14T23:11:07","modified_gmt":"2026-04-14T21:11:07","slug":"au-nom-de-la-langue-au-nom-de-la-lenga","status":"publish","type":"product","link":"https:\/\/www.libraria-occitana.org\/en\/product\/au-nom-de-la-langue-au-nom-de-la-lenga\/","title":{"rendered":"Au nom de la langue &#8211; Au nom de la lenga"},"content":{"rendered":"<p><strong>[oc]<\/strong><br \/>\nAqueste essai que&#8217;ns pausa duas questions essenciaus sus la gu\u00e8rra deu nom e de la grafia de la lenga d&#8217;\u00d2c en Bearn e Gasconha. Quau ei la relacion enter lo nom de la lenga e la soa utilizacion orau e escriuta ? Per quinas rasons e i vad d&#8217;aspres conflictes per \u00e7\u00f2de la causida deu son nom e de la soa grafia quan la lenga gascona ei, uei lo dia, a tot de bon, en dang\u00e8r de morir ?<\/p>\n<p><strong>[fr]<\/strong><br \/>\nCet essai nous pose deux questions essentielles sur la guerre des noms et graphies de la langue d&#8217;oc, sous ses formes b\u00e9arnaise et gasconne : Quelle est la relation entre le nom de la langue et son utilisation ? Pour quelles raisons naissent des conflits acerbes concernant son nom et sa graphie, alors que la langue gasconne est, aujourd&#8217;hui, r\u00e9ellement en danger de mort ?<\/p>\n","protected":false},"excerpt":{"rendered":"<p>[oc] Aqueste essai que&#8217;ns pausa duas questions essenciaus sus la gu\u00e8rra deu nom e de la grafia de la lenga d&#8217;\u00d2c en Bearn e Gasconha. Quau ei la relacion enter lo nom de la lenga e la soa utilizacion orau e escriuta ? Per quinas rasons e i vad d&#8217;aspres conflictes per \u00e7\u00f2de la causida [&hellip;]<\/p>\n","protected":false},"featured_media":28651,"template":"","meta":{"_acf_changed":false,"_genesis_hide_title":false,"_genesis_hide_breadcrumbs":false,"_genesis_hide_singular_image":false,"_genesis_hide_footer_widgets":false,"_genesis_custom_body_class":"","_genesis_custom_post_class":"","_genesis_layout":""},"product_brand":[],"product_cat":[7132,7202],"product_tag":[],"class_list":{"0":"post-28653","1":"product","2":"type-product","3":"status-publish","4":"has-post-thumbnail","6":"product_cat-books","7":"product_cat-politics-sociology-current-affairs-en","8":"pa_auteur-javaloyes-sergi-en","9":"pa_editeur-reclams-en","10":"pa_illustrateur-gonzales-eric-2-en","11":"pa_langue-occitan-gascon-en","12":"pa_langue-occitan-francais-en","13":"entry","15":"first","16":"instock","17":"shipping-taxable","18":"purchasable","19":"product-type-simple"},"acf":[],"_links":{"self":[{"href":"https:\/\/www.libraria-occitana.org\/en\/wp-json\/wp\/v2\/product\/28653","targetHints":{"allow":["GET"]}}],"collection":[{"href":"https:\/\/www.libraria-occitana.org\/en\/wp-json\/wp\/v2\/product"}],"about":[{"href":"https:\/\/www.libraria-occitana.org\/en\/wp-json\/wp\/v2\/types\/product"}],"wp:featuredmedia":[{"embeddable":true,"href":"https:\/\/www.libraria-occitana.org\/en\/wp-json\/wp\/v2\/media\/28651"}],"wp:attachment":[{"href":"https:\/\/www.libraria-occitana.org\/en\/wp-json\/wp\/v2\/media?parent=28653"}],"wp:term":[{"taxonomy":"product_brand","embeddable":true,"href":"https:\/\/www.libraria-occitana.org\/en\/wp-json\/wp\/v2\/product_brand?post=28653"},{"taxonomy":"product_cat","embeddable":true,"href":"https:\/\/www.libraria-occitana.org\/en\/wp-json\/wp\/v2\/product_cat?post=28653"},{"taxonomy":"product_tag","embeddable":true,"href":"https:\/\/www.libraria-occitana.org\/en\/wp-json\/wp\/v2\/product_tag?post=28653"}],"curies":[{"name":"wp","href":"https:\/\/api.w.org\/{rel}","templated":true}]}}