{"id":28671,"date":"2016-01-01T18:32:28","date_gmt":"2016-01-01T17:32:28","guid":{"rendered":"http:\/\/www.libraria-occitana.org\/all-products\/quand-martin-nadaud-maniait-la-truelle?lang=en"},"modified":"2026-04-29T06:51:56","modified_gmt":"2026-04-29T04:51:56","slug":"quand-martin-nadaud-maniait-la-truelle","status":"publish","type":"product","link":"https:\/\/www.libraria-occitana.org\/en\/product\/quand-martin-nadaud-maniait-la-truelle\/","title":{"rendered":"Quand Martin Nadaud maniait la truelle&#8230;"},"content":{"rendered":"<p>Durant plusieurs si\u00e8cles, un grand nombre d\u2019hommes de nos campagnes limousines ont pratiqu\u00e9 une migration sp\u00e9cifique qui en a fait des paysans-b\u00e2tisseurs. Cette sp\u00e9cialisation les a conduits \u00e0 la ma\u00eetrise des plus beaux savoir-faire sur les chantiers de construction et aux plus hauts postes de responsabilit\u00e9 dans les entreprises de France et hors de nos fronti\u00e8res.<br \/>\nLe milieu du XIXe si\u00e8cle a \u00e9t\u00e9 une p\u00e9riode charni\u00e8re dans l\u2019\u00e9volution des conditions de vie des migrants et les contributions propos\u00e9es dans cet ouvrage sur les deux d\u00e9cennies 1830-1850 &#8211; Les ann\u00e9es o\u00f9 \u00ab Martin Nadaud maniait la truelle \u00bb &#8211; d\u00e9voilent le difficile parcours d\u2019int\u00e9gration de ceux que Maurice Aguilhon a qualifi\u00e9 de \u00ab premier mod\u00e8le du travailleur immigr\u00e9 \u00bb.<br \/>\nPierre Urien &#8211; inspir\u00e9 par <em>Les m\u00e9moires de L\u00e9onard<\/em> &#8211; qui retrace le parcours de Martin Nadaud principalement sur Paris et Jean-Luc de Ochandiano &#8211; passionn\u00e9 par les questions migratoires et plus particuli\u00e8rement celles des ma\u00e7ons limousins sur Lyon -, font d\u00e9couvrir les deux d\u00e9cennies annonciatrices des profondes transformations de la seconde moiti\u00e9 du XIXe si\u00e8cle. Vous \u00eates invit\u00e9s \u00e0 suivre les b\u00e2tisseurs limousins de leur village natal aux chantiers de migration et \u00e0 confronter leurs conditions de vie et de travail.<\/p>\n","protected":false},"excerpt":{"rendered":"<p>Durant plusieurs si\u00e8cles, un grand nombre d\u2019hommes de nos campagnes limousines ont pratiqu\u00e9 une migration sp\u00e9cifique qui en a fait des paysans-b\u00e2tisseurs. Cette sp\u00e9cialisation les a conduits \u00e0 la ma\u00eetrise des plus beaux savoir-faire sur les chantiers de construction et aux plus hauts postes de responsabilit\u00e9 dans les entreprises de France et hors de nos [&hellip;]<\/p>\n","protected":false},"featured_media":28669,"template":"","meta":{"_acf_changed":false,"_genesis_hide_title":false,"_genesis_hide_breadcrumbs":false,"_genesis_hide_singular_image":false,"_genesis_hide_footer_widgets":false,"_genesis_custom_body_class":"","_genesis_custom_post_class":"","_genesis_layout":""},"product_brand":[],"product_cat":[7132,7148,7158],"product_tag":[],"class_list":{"0":"post-28671","1":"product","2":"type-product","3":"status-publish","4":"has-post-thumbnail","6":"product_cat-books","7":"product_cat-history-geography-en","8":"product_cat-modern-and-contemporary-history-en","9":"pa_auteur-urien-pierre-en","10":"pa_editeur-les-macons-de-la-creuse-fr-en","11":"pa_langue-francais-en","12":"entry","14":"first","15":"instock","16":"shipping-taxable","17":"purchasable","18":"product-type-simple"},"acf":[],"_links":{"self":[{"href":"https:\/\/www.libraria-occitana.org\/en\/wp-json\/wp\/v2\/product\/28671","targetHints":{"allow":["GET"]}}],"collection":[{"href":"https:\/\/www.libraria-occitana.org\/en\/wp-json\/wp\/v2\/product"}],"about":[{"href":"https:\/\/www.libraria-occitana.org\/en\/wp-json\/wp\/v2\/types\/product"}],"wp:featuredmedia":[{"embeddable":true,"href":"https:\/\/www.libraria-occitana.org\/en\/wp-json\/wp\/v2\/media\/28669"}],"wp:attachment":[{"href":"https:\/\/www.libraria-occitana.org\/en\/wp-json\/wp\/v2\/media?parent=28671"}],"wp:term":[{"taxonomy":"product_brand","embeddable":true,"href":"https:\/\/www.libraria-occitana.org\/en\/wp-json\/wp\/v2\/product_brand?post=28671"},{"taxonomy":"product_cat","embeddable":true,"href":"https:\/\/www.libraria-occitana.org\/en\/wp-json\/wp\/v2\/product_cat?post=28671"},{"taxonomy":"product_tag","embeddable":true,"href":"https:\/\/www.libraria-occitana.org\/en\/wp-json\/wp\/v2\/product_tag?post=28671"}],"curies":[{"name":"wp","href":"https:\/\/api.w.org\/{rel}","templated":true}]}}