{"id":28726,"date":"2022-04-12T12:48:45","date_gmt":"2022-04-12T10:48:45","guid":{"rendered":"http:\/\/www.libraria-occitana.org\/all-products\/fontaines-a-devotions-et-bonnes-fontaines-du-limousin-haute-vienne?lang=en"},"modified":"2026-04-29T10:32:24","modified_gmt":"2026-04-29T08:32:24","slug":"fontaines-a-devotions-et-bonnes-fontaines-du-limousin-haute-vienne","status":"publish","type":"product","link":"https:\/\/www.libraria-occitana.org\/en\/product\/fontaines-a-devotions-et-bonnes-fontaines-du-limousin-haute-vienne\/","title":{"rendered":"Fontaines \u00e0 d\u00e9votions et bonnes fontaines du Limousin (Haute-Vienne)"},"content":{"rendered":"<p>Les fontaines \u00e0 d\u00e9votions, fontaines sacr\u00e9es, fontaines miraculeuses, les appellations diff\u00e9rent selon les provinces, ont pendant tr\u00e8s longtemps, accompagn\u00e9 l&#8217;homme tout au long de sa vie en lui apportant le r\u00e9confort dans les moments difficiles et des fois, peut-\u00eatre, la gu\u00e9rison de ses maux. Ces fontaines, selon les r\u00e9gions \u00e9taient plus ou moins nombreuses. La plupart \u00e9taient d\u00e9j\u00e0 connues au temps des Gaulois, elles \u00e9taient sacralis\u00e9es par les druides ce qui leur donnait des pouvoirs gu\u00e9risseurs et divinatoires.<br \/>\nPuis, au fur et \u00e0 mesure de l&#8217;avanc\u00e9e du christianisme, les saints remplac\u00e8rent les divinit\u00e9s pa\u00efennes et la plupart des fontaines furent d\u00e9di\u00e9es \u00e0 un saint et un oratoire ou une chapelle construits \u00e0 proximit\u00e9. De nos jours, et notamment en Limousin, plusieurs fontaines continuent d&#8217;\u00eatre visit\u00e9es pour leurs pouvoirs gu\u00e9risseurs tel les fontaines Saint-Eutrope de Courbefy ou les \u00ab bonnes fontaines \u00bb\u00a0de Cussac et encore beaucoup d&#8217;autres \u00e0 d\u00e9couvrir.<br \/>\nL&#8217;ouvrage recense les sources et fontaines de la Haute-Vienne telles qu&#8217;on les trouve actuellement au XXIe si\u00e8cle avec leurs rituels et les maux qu&#8217;elles sont cens\u00e9es gu\u00e9rir, ainsi que quelques fontaines anciennes et disparues de nos jours.<\/p>\n","protected":false},"excerpt":{"rendered":"<p>Les fontaines \u00e0 d\u00e9votions, fontaines sacr\u00e9es, fontaines miraculeuses, les appellations diff\u00e9rent selon les provinces, ont pendant tr\u00e8s longtemps, accompagn\u00e9 l&#8217;homme tout au long de sa vie en lui apportant le r\u00e9confort dans les moments difficiles et des fois, peut-\u00eatre, la gu\u00e9rison de ses maux. Ces fontaines, selon les r\u00e9gions \u00e9taient plus ou moins nombreuses. La [&hellip;]<\/p>\n","protected":false},"featured_media":56885,"template":"","meta":{"_acf_changed":false,"_genesis_hide_title":false,"_genesis_hide_breadcrumbs":false,"_genesis_hide_singular_image":false,"_genesis_hide_footer_widgets":false,"_genesis_custom_body_class":"","_genesis_custom_post_class":"","_genesis_layout":""},"product_brand":[],"product_cat":[7132,7208,7206],"product_tag":[],"class_list":{"0":"post-28726","1":"product","2":"type-product","3":"status-publish","4":"has-post-thumbnail","6":"product_cat-books","7":"product_cat-customs-rites-and-beliefs-en","8":"product_cat-traditions-heritage-en","9":"pa_auteur-michelet-marie-en","10":"pa_editeur-editions-des-regionalismes-en","11":"pa_langue-francais-en","12":"entry","14":"first","15":"instock","16":"shipping-taxable","17":"purchasable","18":"product-type-simple"},"acf":[],"_links":{"self":[{"href":"https:\/\/www.libraria-occitana.org\/en\/wp-json\/wp\/v2\/product\/28726","targetHints":{"allow":["GET"]}}],"collection":[{"href":"https:\/\/www.libraria-occitana.org\/en\/wp-json\/wp\/v2\/product"}],"about":[{"href":"https:\/\/www.libraria-occitana.org\/en\/wp-json\/wp\/v2\/types\/product"}],"wp:featuredmedia":[{"embeddable":true,"href":"https:\/\/www.libraria-occitana.org\/en\/wp-json\/wp\/v2\/media\/56885"}],"wp:attachment":[{"href":"https:\/\/www.libraria-occitana.org\/en\/wp-json\/wp\/v2\/media?parent=28726"}],"wp:term":[{"taxonomy":"product_brand","embeddable":true,"href":"https:\/\/www.libraria-occitana.org\/en\/wp-json\/wp\/v2\/product_brand?post=28726"},{"taxonomy":"product_cat","embeddable":true,"href":"https:\/\/www.libraria-occitana.org\/en\/wp-json\/wp\/v2\/product_cat?post=28726"},{"taxonomy":"product_tag","embeddable":true,"href":"https:\/\/www.libraria-occitana.org\/en\/wp-json\/wp\/v2\/product_tag?post=28726"}],"curies":[{"name":"wp","href":"https:\/\/api.w.org\/{rel}","templated":true}]}}