{"id":28732,"date":"2016-03-12T11:50:06","date_gmt":"2016-03-12T10:50:06","guid":{"rendered":"http:\/\/www.libraria-occitana.org\/all-products\/le-folklore-limousin?lang=en"},"modified":"2026-04-19T21:01:42","modified_gmt":"2026-04-19T19:01:42","slug":"le-folklore-limousin","status":"publish","type":"product","link":"https:\/\/www.libraria-occitana.org\/en\/product\/le-folklore-limousin\/","title":{"rendered":"Le folklore limousin"},"content":{"rendered":"<p>Le terme de folklore est un mot que la langue fran\u00e7aise a emprunt\u00e9 \u00e0 l\u2019anglais et qui d\u00e9signe aujourd\u2019hui les traditions et les usages populaires. C\u2019est la science qui nous permet de savoir comment vivaient les grands-parents de nos grands-parents : Comment ils se mariaient, comment ils accueillaient leur premier enfant, comment ils travaillaient, comment ils mourraient\u2026 C\u2019est gr\u00e2ce \u00e0 ces \u00ab folkloristes \u00bb de la fin du XIXe et du d\u00e9but du XXe si\u00e8cle que ces traditions, essentiellement orales, ont \u00e9t\u00e9 port\u00e9es \u00e0 l\u2019\u00e9crit et ont pu survivre jusqu\u2019\u00e0 nous. En effet, l\u2019exode rural, la mondialisation et l\u2019uniformisation culturelle font que l\u2019on vit maintenant de la m\u00eame fa\u00e7on dans toute la France et m\u00eame dans toute l\u2019Europe. Il n\u2019y a plus beaucoup de traditions r\u00e9gionales. La France avait encore une culture plurielle il y a 100 ans, mais elle a oubli\u00e9 des pans entiers de ce patrimoine.<\/p>\n","protected":false},"excerpt":{"rendered":"<p>Le terme de folklore est un mot que la langue fran\u00e7aise a emprunt\u00e9 \u00e0 l\u2019anglais et qui d\u00e9signe aujourd\u2019hui les traditions et les usages populaires. C\u2019est la science qui nous permet de savoir comment vivaient les grands-parents de nos grands-parents : Comment ils se mariaient, comment ils accueillaient leur premier enfant, comment ils travaillaient, comment [&hellip;]<\/p>\n","protected":false},"featured_media":28730,"template":"","meta":{"_acf_changed":false,"_genesis_hide_title":false,"_genesis_hide_breadcrumbs":false,"_genesis_hide_singular_image":false,"_genesis_hide_footer_widgets":false,"_genesis_custom_body_class":"","_genesis_custom_post_class":"","_genesis_layout":""},"product_brand":[],"product_cat":[7132,7208,7206],"product_tag":[],"class_list":{"0":"post-28732","1":"product","2":"type-product","3":"status-publish","4":"has-post-thumbnail","6":"product_cat-books","7":"product_cat-customs-rites-and-beliefs-en","8":"product_cat-traditions-heritage-en","9":"pa_auteur-plantadis-johannes-en","10":"pa_editeur-cpe-en","11":"pa_langue-francais-en","12":"entry","14":"first","15":"outofstock","16":"shipping-taxable","17":"purchasable","18":"product-type-simple"},"acf":[],"_links":{"self":[{"href":"https:\/\/www.libraria-occitana.org\/en\/wp-json\/wp\/v2\/product\/28732","targetHints":{"allow":["GET"]}}],"collection":[{"href":"https:\/\/www.libraria-occitana.org\/en\/wp-json\/wp\/v2\/product"}],"about":[{"href":"https:\/\/www.libraria-occitana.org\/en\/wp-json\/wp\/v2\/types\/product"}],"wp:featuredmedia":[{"embeddable":true,"href":"https:\/\/www.libraria-occitana.org\/en\/wp-json\/wp\/v2\/media\/28730"}],"wp:attachment":[{"href":"https:\/\/www.libraria-occitana.org\/en\/wp-json\/wp\/v2\/media?parent=28732"}],"wp:term":[{"taxonomy":"product_brand","embeddable":true,"href":"https:\/\/www.libraria-occitana.org\/en\/wp-json\/wp\/v2\/product_brand?post=28732"},{"taxonomy":"product_cat","embeddable":true,"href":"https:\/\/www.libraria-occitana.org\/en\/wp-json\/wp\/v2\/product_cat?post=28732"},{"taxonomy":"product_tag","embeddable":true,"href":"https:\/\/www.libraria-occitana.org\/en\/wp-json\/wp\/v2\/product_tag?post=28732"}],"curies":[{"name":"wp","href":"https:\/\/api.w.org\/{rel}","templated":true}]}}