{"id":28757,"date":"2016-05-12T15:34:18","date_gmt":"2016-05-12T13:34:18","guid":{"rendered":"http:\/\/www.libraria-occitana.org\/all-products\/cinc?lang=en"},"modified":"2026-04-16T04:02:00","modified_gmt":"2026-04-16T02:02:00","slug":"cinc","status":"publish","type":"product","link":"https:\/\/www.libraria-occitana.org\/en\/product\/cinc\/","title":{"rendered":"Cinc"},"content":{"rendered":"<p><strong>[oc]<\/strong><br \/>\nDu Bart\u00e0s canta en \u00f2c e en arabe las piadas ancianas e recentas daissadas per l\u2019ist\u00f2ria al pus prigond del Lengad\u00f2c mediterranenc, t\u00e8rras de mescladisses culturals. De can\u00e7ons que parlan del monde d\u2019aqu\u00ed, dels plasers e dels patiments de la vida, entre cronica sociala e poesia libert\u00e0ria. Una musica que balha vida e carn al \u00ab continent mediterranenc \u00bb, dusca al Sahar\u00e0 ont bufa lo vent caud d\u2019Africa color de blues. Cinc voses que fan gisclar de paraulas intimas e coloradas, ritmadas per las percussions e maridadas a la calor del cuatro, de l\u2019oud, de l\u2019acordeon e del violon oriental. Entre influ\u00e9ncias d\u2019aqu\u00ed e metissatges naturals d\u2019aquelas t\u00e8rras de Lengad\u00f2c, una musica per escotar e se bolegar !<\/p>\n<p><strong>[fr]<\/strong><br \/>\nDu Bart\u00e0s chante en occitan et en arabe les traces anciennes ou r\u00e9centes laiss\u00e9es par l\u2019histoire au creux de leur Languedoc m\u00e9diterran\u00e9en et m\u00e9tiss\u00e9. \u00c0 travers des chansons narrant les vies de \u00ab gueules \u00bb du pays, ils \u00e9voquent les fatalit\u00e9s et les plaisirs de l\u2019existence, navigant entre chronique sociale et po\u00e9sie libertaire.<br \/>\nLeur musique donne vie au \u00ab continent M\u00e9diterran\u00e9e \u00bb, lorgnant jusqu\u2019au Sahara o\u00f9 souffle un vent d\u2019Afrique teint\u00e9 de blues. Le ch\u0153ur puissant de cinq voix alterne avec des prises de parole intimes et color\u00e9es, au rythme de percussions mari\u00e9es au timbre chaleureux du cuatro, du oud, de l\u2019accord\u00e9on et du violon oriental.<br \/>\nQuand la musique se muscle, leurs percussions m\u00eal\u00e9es sont l\u00e0 pour rappeler nos pieds coll\u00e9s au sol, les influences terriennes et le m\u00e9tissage naturel du Languedoc.<br \/>\nUne musique \u00e0 \u00e9couter jusqu\u2019\u00e0 la danse !<\/p>\n<p><strong>Titres :<\/strong><br \/>\n1. Truca-morron 3&#8217;44&#8221;<br \/>\n2. La mar te pren 6&#8217;06&#8221;<br \/>\n3. Distilacion 4&#8217;31&#8221;<br \/>\n4. Chimbombom 5&#8217;45&#8221;<br \/>\n5. Jib Al-Guellal 4&#8217;21&#8221;<br \/>\n6. C\u00f2p d&#8217;ala 5&#8217;35&#8221;<br \/>\n7. Los lops 3&#8217;51&#8221;<br \/>\n8. La dal brigand de Cavanac 4&#8217;46&#8221;<br \/>\n9. La fringala 3&#8217;23&#8221;<br \/>\n10. St Joan la Grana ! 4&#8217;57&#8221;<br \/>\n11. Son de gosses 2&#8217;43&#8221;<br \/>\n12. Rasigas 4&#8217;15&#8221;<br \/>\n13. Camba-de-f\u00e8r 4&#8217;45&#8221;<br \/>\n14. La vila s&#8217;escant\u00eds 4&#8217;12&#8221;<\/p>\n","protected":false},"excerpt":{"rendered":"<p>[oc] Du Bart\u00e0s canta en \u00f2c e en arabe las piadas ancianas e recentas daissadas per l\u2019ist\u00f2ria al pus prigond del Lengad\u00f2c mediterranenc, t\u00e8rras de mescladisses culturals. De can\u00e7ons que parlan del monde d\u2019aqu\u00ed, dels plasers e dels patiments de la vida, entre cronica sociala e poesia libert\u00e0ria. Una musica que balha vida e carn [&hellip;]<\/p>\n","protected":false},"featured_media":28755,"template":"","meta":{"_acf_changed":false,"_genesis_hide_title":false,"_genesis_hide_breadcrumbs":false,"_genesis_hide_singular_image":false,"_genesis_hide_footer_widgets":false,"_genesis_custom_body_class":"","_genesis_custom_post_class":"","_genesis_layout":""},"product_brand":[],"product_cat":[7228,7216],"product_tag":[],"class_list":{"0":"post-28757","1":"product","2":"type-product","3":"status-publish","4":"has-post-thumbnail","6":"product_cat-modern-folk-en","7":"product_cat-music-en","8":"pa_auteur-du-bartas-en","9":"pa_editeur-sirventes-en","10":"pa_langue-autras-lingas-en","11":"pa_langue-occitan-en","12":"pa_langue-occitan-lengadocian-en","13":"entry","15":"first","16":"outofstock","17":"shipping-taxable","18":"purchasable","19":"product-type-simple"},"acf":[],"_links":{"self":[{"href":"https:\/\/www.libraria-occitana.org\/en\/wp-json\/wp\/v2\/product\/28757","targetHints":{"allow":["GET"]}}],"collection":[{"href":"https:\/\/www.libraria-occitana.org\/en\/wp-json\/wp\/v2\/product"}],"about":[{"href":"https:\/\/www.libraria-occitana.org\/en\/wp-json\/wp\/v2\/types\/product"}],"wp:featuredmedia":[{"embeddable":true,"href":"https:\/\/www.libraria-occitana.org\/en\/wp-json\/wp\/v2\/media\/28755"}],"wp:attachment":[{"href":"https:\/\/www.libraria-occitana.org\/en\/wp-json\/wp\/v2\/media?parent=28757"}],"wp:term":[{"taxonomy":"product_brand","embeddable":true,"href":"https:\/\/www.libraria-occitana.org\/en\/wp-json\/wp\/v2\/product_brand?post=28757"},{"taxonomy":"product_cat","embeddable":true,"href":"https:\/\/www.libraria-occitana.org\/en\/wp-json\/wp\/v2\/product_cat?post=28757"},{"taxonomy":"product_tag","embeddable":true,"href":"https:\/\/www.libraria-occitana.org\/en\/wp-json\/wp\/v2\/product_tag?post=28757"}],"curies":[{"name":"wp","href":"https:\/\/api.w.org\/{rel}","templated":true}]}}