{"id":28801,"date":"2016-01-12T18:12:48","date_gmt":"2016-01-12T17:12:48","guid":{"rendered":"http:\/\/www.libraria-occitana.org\/all-products\/les-miserables-du-limousin?lang=en"},"modified":"2026-04-29T00:56:30","modified_gmt":"2026-04-28T22:56:30","slug":"les-miserables-du-limousin","status":"publish","type":"product","link":"https:\/\/www.libraria-occitana.org\/en\/product\/les-miserables-du-limousin\/","title":{"rendered":"Les Mis\u00e9rables du Limousin"},"content":{"rendered":"<p>Fin des ann\u00e9es 1840. Musilhac, au sud de la Haute-Vienne, non loin de Saint-Yrieix-la-Perche&#8230; Jeannille Dessaleys, jeune fille innocente, travaille avec son p\u00e8re dans les carri\u00e8res de kaolin pour le compte d&#8217;un fabricant de porcelaine, \u00c9tienne Poilev\u00e9. Celui-ci, m\u00fb par les d\u00e9sirs les plus troubles, la fait enlever par son homme de main, Michelou, un ancien n\u00e9grier. Jeannille \u00e9chappera-t-elle au complot maniganc\u00e9 par ce sinistre personnage ? Le kidnappeur n&#8217;est-il pas doubl\u00e9 dans ce rapt par un de ses proches ?<br \/>\nCe m\u00eame Poilev\u00e9 est manipul\u00e9 par un trio infernal, les Crochard, agents \u00e0 la solde des j\u00e9suites. Quel secret se cache derri\u00e8re ce deuxi\u00e8me complot ? Nous allons voir ici deux abb\u00e9s et des bigotes \u00e0 la man\u0153uvre, agissant dans l&#8217;ombre&#8230; Le p\u00e8re de Jeannille part sur les traces de ces malfaisants, aid\u00e9 par un peintre parisien, qui a fait le portrait de Jeannille. Parviendront-ils \u00e0 la retrouver ?<br \/>\nCe roman-feuilleton a paru dans les colonnes du journal <em>Le Rapide<\/em> entre juillet et septembre 1887. Retrouv\u00e9 r\u00e9cemment, il n&#8217;avait \u00e9t\u00e9 publi\u00e9 que cette m\u00eame ann\u00e9e 1887, avant de sombrer dans l&#8217;oubli. Il m\u00e9rite une red\u00e9couverte.<\/p>\n","protected":false},"excerpt":{"rendered":"<p>Fin des ann\u00e9es 1840. Musilhac, au sud de la Haute-Vienne, non loin de Saint-Yrieix-la-Perche&#8230; Jeannille Dessaleys, jeune fille innocente, travaille avec son p\u00e8re dans les carri\u00e8res de kaolin pour le compte d&#8217;un fabricant de porcelaine, \u00c9tienne Poilev\u00e9. Celui-ci, m\u00fb par les d\u00e9sirs les plus troubles, la fait enlever par son homme de main, Michelou, un [&hellip;]<\/p>\n","protected":false},"featured_media":28799,"template":"","meta":{"_acf_changed":false,"_genesis_hide_title":false,"_genesis_hide_breadcrumbs":false,"_genesis_hide_singular_image":false,"_genesis_hide_footer_widgets":false,"_genesis_custom_body_class":"","_genesis_custom_post_class":"","_genesis_layout":""},"product_brand":[],"product_cat":[7132,7174,7182],"product_tag":[],"class_list":{"0":"post-28801","1":"product","2":"type-product","3":"status-publish","4":"has-post-thumbnail","6":"product_cat-books","7":"product_cat-literature-en","8":"product_cat-novels-short-stories-en","9":"pa_auteur-leymarie-camille-en","10":"pa_editeur-les-ardents-editeurs-en","11":"pa_langue-francais-en","12":"entry","14":"first","15":"instock","16":"shipping-taxable","17":"purchasable","18":"product-type-simple"},"acf":[],"_links":{"self":[{"href":"https:\/\/www.libraria-occitana.org\/en\/wp-json\/wp\/v2\/product\/28801","targetHints":{"allow":["GET"]}}],"collection":[{"href":"https:\/\/www.libraria-occitana.org\/en\/wp-json\/wp\/v2\/product"}],"about":[{"href":"https:\/\/www.libraria-occitana.org\/en\/wp-json\/wp\/v2\/types\/product"}],"wp:featuredmedia":[{"embeddable":true,"href":"https:\/\/www.libraria-occitana.org\/en\/wp-json\/wp\/v2\/media\/28799"}],"wp:attachment":[{"href":"https:\/\/www.libraria-occitana.org\/en\/wp-json\/wp\/v2\/media?parent=28801"}],"wp:term":[{"taxonomy":"product_brand","embeddable":true,"href":"https:\/\/www.libraria-occitana.org\/en\/wp-json\/wp\/v2\/product_brand?post=28801"},{"taxonomy":"product_cat","embeddable":true,"href":"https:\/\/www.libraria-occitana.org\/en\/wp-json\/wp\/v2\/product_cat?post=28801"},{"taxonomy":"product_tag","embeddable":true,"href":"https:\/\/www.libraria-occitana.org\/en\/wp-json\/wp\/v2\/product_tag?post=28801"}],"curies":[{"name":"wp","href":"https:\/\/api.w.org\/{rel}","templated":true}]}}