{"id":28807,"date":"2016-06-12T18:18:08","date_gmt":"2016-06-12T17:18:08","guid":{"rendered":"http:\/\/www.libraria-occitana.org\/all-products\/je-decouvre-la-cuisine-du-limousin?lang=en"},"modified":"2026-04-29T10:15:49","modified_gmt":"2026-04-29T08:15:49","slug":"je-decouvre-la-cuisine-du-limousin","status":"publish","type":"product","link":"https:\/\/www.libraria-occitana.org\/en\/product\/je-decouvre-la-cuisine-du-limousin\/","title":{"rendered":"Je d\u00e9couvre la cuisine du Limousin"},"content":{"rendered":"<p>Voici un guide pratique illustr\u00e9 pour tout savoir de la cuisine du Limousin en 56 pages !<br \/>\nDes recettes typiques, mises au go\u00fbt du jour, accompagn\u00e9es des conseils de chefs et d&#8217;anecdotes sur les traditions qui les accompagnent.<br \/>\nPour se r\u00e9galer dans le Limousin, rien de mieux que cet ouvrage, pour devenir un sp\u00e9cialiste de la cuisine locale.<\/p>\n","protected":false},"excerpt":{"rendered":"<p>Voici un guide pratique illustr\u00e9 pour tout savoir de la cuisine du Limousin en 56 pages ! Des recettes typiques, mises au go\u00fbt du jour, accompagn\u00e9es des conseils de chefs et d&#8217;anecdotes sur les traditions qui les accompagnent. Pour se r\u00e9galer dans le Limousin, rien de mieux que cet ouvrage, pour devenir un sp\u00e9cialiste de [&hellip;]<\/p>\n","protected":false},"featured_media":28805,"template":"","meta":{"_acf_changed":false,"_genesis_hide_title":false,"_genesis_hide_breadcrumbs":false,"_genesis_hide_singular_image":false,"_genesis_hide_footer_widgets":false,"_genesis_custom_body_class":"","_genesis_custom_post_class":"","_genesis_layout":""},"product_brand":[],"product_cat":[7132,7210,7206],"product_tag":[],"class_list":{"0":"post-28807","1":"product","2":"type-product","3":"status-publish","4":"has-post-thumbnail","6":"product_cat-books","7":"product_cat-cooking-cuisine-en","8":"product_cat-traditions-heritage-en","9":"pa_editeur-geste-en","10":"pa_langue-francais-en","11":"entry","13":"first","14":"instock","15":"shipping-taxable","16":"purchasable","17":"product-type-simple"},"acf":[],"_links":{"self":[{"href":"https:\/\/www.libraria-occitana.org\/en\/wp-json\/wp\/v2\/product\/28807","targetHints":{"allow":["GET"]}}],"collection":[{"href":"https:\/\/www.libraria-occitana.org\/en\/wp-json\/wp\/v2\/product"}],"about":[{"href":"https:\/\/www.libraria-occitana.org\/en\/wp-json\/wp\/v2\/types\/product"}],"wp:featuredmedia":[{"embeddable":true,"href":"https:\/\/www.libraria-occitana.org\/en\/wp-json\/wp\/v2\/media\/28805"}],"wp:attachment":[{"href":"https:\/\/www.libraria-occitana.org\/en\/wp-json\/wp\/v2\/media?parent=28807"}],"wp:term":[{"taxonomy":"product_brand","embeddable":true,"href":"https:\/\/www.libraria-occitana.org\/en\/wp-json\/wp\/v2\/product_brand?post=28807"},{"taxonomy":"product_cat","embeddable":true,"href":"https:\/\/www.libraria-occitana.org\/en\/wp-json\/wp\/v2\/product_cat?post=28807"},{"taxonomy":"product_tag","embeddable":true,"href":"https:\/\/www.libraria-occitana.org\/en\/wp-json\/wp\/v2\/product_tag?post=28807"}],"curies":[{"name":"wp","href":"https:\/\/api.w.org\/{rel}","templated":true}]}}