{"id":28819,"date":"2025-06-26T19:41:43","date_gmt":"2025-06-26T17:41:43","guid":{"rendered":"http:\/\/www.libraria-occitana.org\/all-products\/marcelle-delpastre-a-fleur-de-lame?lang=en"},"modified":"2026-04-17T22:56:21","modified_gmt":"2026-04-17T20:56:21","slug":"marcelle-delpastre-a-fleur-de-lame","status":"publish","type":"product","link":"https:\/\/www.libraria-occitana.org\/en\/product\/marcelle-delpastre-a-fleur-de-lame\/","title":{"rendered":"Marcelle Delpastre \u00e0 fleur de l&#8217;\u00e2me"},"content":{"rendered":"<p><span style=\"color: #000000;\">R\u00e9\u00e9dition 2025<\/span><\/p>\n<p>N\u00e9e et morte \u00e0 Germont, commune de Chamberet en Corr\u00e8ze o\u00f9 elle a toujours v\u00e9cu, Marcelle Delpastre (1925-1998), est un auteur majeur de la litt\u00e9rature occitane contemporaine. En occitan comme en fran\u00e7ais, elle s\u2019est illustr\u00e9e dans tous les genres : po\u00e9sie, contes, m\u00e9moires, ethnographie, etc.<\/p>\n<p>Dans ces pages, ob\u00e9issant au genre biographique, il s\u2019agit d\u2019approcher une personnalit\u00e9 originale, paysanne et po\u00e8te, et d\u2019en permettre la connaissance \u00e0 un large public. Et au-del\u00e0 de la Marcelle de l\u2019\u0153uvre litt\u00e9raire, de celle des sept tomes de ses M\u00e9moires, amplement cit\u00e9es, dans son occitan limousin d\u2019origine et traduites en fran\u00e7ais, ce qui \u00e9vite la glose et l\u2019interpr\u00e9tation, au prix de la v\u00e9rit\u00e9 et d\u2019une v\u00e9rit\u00e9 assum\u00e9e par elle-m\u00eame.<\/p>\n<p>Elles s\u2019enrichissent d\u2019un reportage photographique in\u00e9dit, v\u00e9ritable portrait en images r\u00e9alis\u00e9 chez elle \u00e0 la fin des ann\u00e9es Soixante-dix par le photographe Charles Camberoque.<\/p>\n","protected":false},"excerpt":{"rendered":"<p>R\u00e9\u00e9dition 2025 N\u00e9e et morte \u00e0 Germont, commune de Chamberet en Corr\u00e8ze o\u00f9 elle a toujours v\u00e9cu, Marcelle Delpastre (1925-1998), est un auteur majeur de la litt\u00e9rature occitane contemporaine. En occitan comme en fran\u00e7ais, elle s\u2019est illustr\u00e9e dans tous les genres : po\u00e9sie, contes, m\u00e9moires, ethnographie, etc. Dans ces pages, ob\u00e9issant au genre biographique, il [&hellip;]<\/p>\n","protected":false},"featured_media":28817,"template":"","meta":{"_acf_changed":false,"_genesis_hide_title":false,"_genesis_hide_breadcrumbs":false,"_genesis_hide_singular_image":false,"_genesis_hide_footer_widgets":false,"_genesis_custom_body_class":"","_genesis_custom_post_class":"","_genesis_layout":""},"product_brand":[],"product_cat":[7188,7132,7174],"product_tag":[],"class_list":{"0":"post-28819","1":"product","2":"type-product","3":"status-publish","4":"has-post-thumbnail","6":"product_cat-arts-studies-en","7":"product_cat-books","8":"product_cat-literature-en","9":"pa_auteur-stenta-miquela-en","10":"pa_editeur-vent-terral-en","11":"pa_illustrateur-camberoque-charles-en","12":"pa_langue-francais-en","13":"entry","15":"first","16":"instock","17":"shipping-taxable","18":"purchasable","19":"product-type-simple"},"acf":[],"_links":{"self":[{"href":"https:\/\/www.libraria-occitana.org\/en\/wp-json\/wp\/v2\/product\/28819","targetHints":{"allow":["GET"]}}],"collection":[{"href":"https:\/\/www.libraria-occitana.org\/en\/wp-json\/wp\/v2\/product"}],"about":[{"href":"https:\/\/www.libraria-occitana.org\/en\/wp-json\/wp\/v2\/types\/product"}],"wp:featuredmedia":[{"embeddable":true,"href":"https:\/\/www.libraria-occitana.org\/en\/wp-json\/wp\/v2\/media\/28817"}],"wp:attachment":[{"href":"https:\/\/www.libraria-occitana.org\/en\/wp-json\/wp\/v2\/media?parent=28819"}],"wp:term":[{"taxonomy":"product_brand","embeddable":true,"href":"https:\/\/www.libraria-occitana.org\/en\/wp-json\/wp\/v2\/product_brand?post=28819"},{"taxonomy":"product_cat","embeddable":true,"href":"https:\/\/www.libraria-occitana.org\/en\/wp-json\/wp\/v2\/product_cat?post=28819"},{"taxonomy":"product_tag","embeddable":true,"href":"https:\/\/www.libraria-occitana.org\/en\/wp-json\/wp\/v2\/product_tag?post=28819"}],"curies":[{"name":"wp","href":"https:\/\/api.w.org\/{rel}","templated":true}]}}