{"id":28845,"date":"1997-04-07T14:22:45","date_gmt":"1997-04-07T12:22:45","guid":{"rendered":"http:\/\/www.libraria-occitana.org\/all-products\/le-coq-et-loc-apologue?lang=en"},"modified":"2026-04-16T21:31:11","modified_gmt":"2026-04-16T19:31:11","slug":"le-coq-et-loc-apologue","status":"publish","type":"product","link":"https:\/\/www.libraria-occitana.org\/en\/product\/le-coq-et-loc-apologue\/","title":{"rendered":"Le Coq et l&#8217;Oc : Apologue"},"content":{"rendered":"<p>Un apologue moqueur sur une incoh\u00e9rence bien fran\u00e7aise consistant \u00e0 se pr\u00e9valoir de la plus haute conscience historique, tout en ramenant l&#8217;histoire d&#8217;un pays \u00e0 celle d&#8217;une capitale&#8230;<\/p>\n","protected":false},"excerpt":{"rendered":"<p>Un apologue moqueur sur une incoh\u00e9rence bien fran\u00e7aise consistant \u00e0 se pr\u00e9valoir de la plus haute conscience historique, tout en ramenant l&#8217;histoire d&#8217;un pays \u00e0 celle d&#8217;une capitale&#8230;<\/p>\n","protected":false},"featured_media":28843,"template":"","meta":{"_acf_changed":false,"_genesis_hide_title":false,"_genesis_hide_breadcrumbs":false,"_genesis_hide_singular_image":false,"_genesis_hide_footer_widgets":false,"_genesis_custom_body_class":"","_genesis_custom_post_class":"","_genesis_layout":""},"product_brand":[],"product_cat":[7132,7202],"product_tag":[],"class_list":{"0":"post-28845","1":"product","2":"type-product","3":"status-publish","4":"has-post-thumbnail","6":"product_cat-books","7":"product_cat-politics-sociology-current-affairs-en","8":"pa_editeur-actes-sud-en","9":"pa_illustrateur-lafont-robert-en","10":"pa_langue-francais-en","11":"entry","13":"first","14":"instock","15":"shipping-taxable","16":"purchasable","17":"product-type-simple"},"acf":[],"_links":{"self":[{"href":"https:\/\/www.libraria-occitana.org\/en\/wp-json\/wp\/v2\/product\/28845","targetHints":{"allow":["GET"]}}],"collection":[{"href":"https:\/\/www.libraria-occitana.org\/en\/wp-json\/wp\/v2\/product"}],"about":[{"href":"https:\/\/www.libraria-occitana.org\/en\/wp-json\/wp\/v2\/types\/product"}],"wp:featuredmedia":[{"embeddable":true,"href":"https:\/\/www.libraria-occitana.org\/en\/wp-json\/wp\/v2\/media\/28843"}],"wp:attachment":[{"href":"https:\/\/www.libraria-occitana.org\/en\/wp-json\/wp\/v2\/media?parent=28845"}],"wp:term":[{"taxonomy":"product_brand","embeddable":true,"href":"https:\/\/www.libraria-occitana.org\/en\/wp-json\/wp\/v2\/product_brand?post=28845"},{"taxonomy":"product_cat","embeddable":true,"href":"https:\/\/www.libraria-occitana.org\/en\/wp-json\/wp\/v2\/product_cat?post=28845"},{"taxonomy":"product_tag","embeddable":true,"href":"https:\/\/www.libraria-occitana.org\/en\/wp-json\/wp\/v2\/product_tag?post=28845"}],"curies":[{"name":"wp","href":"https:\/\/api.w.org\/{rel}","templated":true}]}}