{"id":28856,"date":"2009-02-07T13:42:29","date_gmt":"2009-02-07T12:42:29","guid":{"rendered":"http:\/\/www.libraria-occitana.org\/all-products\/peire-godolin-oeuvres-completes-edition-commentee-et-traduction-integrale?lang=en"},"modified":"2026-04-02T21:01:28","modified_gmt":"2026-04-02T19:01:28","slug":"peire-godolin-oeuvres-completes-edition-commentee-et-traduction-integrale","status":"publish","type":"product","link":"https:\/\/www.libraria-occitana.org\/en\/product\/peire-godolin-oeuvres-completes-edition-commentee-et-traduction-integrale\/","title":{"rendered":"P\u00e8ire Godolin : \u0152uvres compl\u00e8tes, \u00c9dition comment\u00e9e et traduction int\u00e9grale"},"content":{"rendered":"<p>Godolin est le plus important des po\u00e8tes toulousains et des po\u00e8tes du Sud \u00e0 une \u00e9poque o\u00f9 Toulouse, capitale des \u00e9tats de Languedoc, est la \u00ab seconde ville du premier royaume d&#8217;Europe \u00bb. Des ann\u00e9es 1600 jusqu&#8217;\u00e0 sa mort en 1649, de la fin de l&#8217;humanisme au d\u00e9but de la provincialisation, Godolin ne cesse de chanter et de repr\u00e9senter l&#8217;image complexe et multiple d&#8217;une soci\u00e9t\u00e9 toulousaine, occitane, fran\u00e7aise, en totale mutation. Sa passion du double mot, son jeu du portrait saisi sur le vif, ses peintures de sc\u00e8nes amoureuses, grotesques ou teint\u00e9es d&#8217;\u00e9rotisme, peignent l&#8217;homme sans fard. \u00c0 la fois empli d&#8217;illusions et d\u00e9niais\u00e9, d\u00e9sesp\u00e9r\u00e9 et joyeux, il entrem\u00eale fantaisie et r\u00eaverie dans un verbe unique, capable d&#8217;\u00e9voquer avec intensit\u00e9 des sc\u00e8nes bachiques ou des no\u00ebls pastoraux. Qu&#8217;apporte cette derni\u00e8re \u00e9dition ? Elle souhaite donner \u00e0 un large public l&#8217;\u0153uvre totale de P\u00e8ire Godolin dans une graphie stabilis\u00e9e, accompagn\u00e9e pour la premi\u00e8re fois d&#8217;une traduction po\u00e9tique. Elle permet de d\u00e9couvrir un auteur immense, passeur de l&#8217;\u00e2me occitane, mais tout autant maillon entre Montaigne et Moli\u00e8re dans une Europe baroque que l&#8217;historiographie fran\u00e7aise a voulu trop longtemps masquer. La po\u00e9sie l\u00e9g\u00e8re et profonde de Godolin est d&#8217;une inventivit\u00e9 fulgurante. Elle s&#8217;adresse <em>A Tots<\/em> , v\u00e9ritable miroir d&#8217;une soci\u00e9t\u00e9 qui, entre amour et passions, d\u00e9tresses sociales et amiti\u00e9, cherche sa propre v\u00e9rit\u00e9. Plus que jamais, il \u00e9tait temps que Godolin redevienne actuel.<\/p>\n","protected":false},"excerpt":{"rendered":"<p>Godolin est le plus important des po\u00e8tes toulousains et des po\u00e8tes du Sud \u00e0 une \u00e9poque o\u00f9 Toulouse, capitale des \u00e9tats de Languedoc, est la \u00ab seconde ville du premier royaume d&#8217;Europe \u00bb. Des ann\u00e9es 1600 jusqu&#8217;\u00e0 sa mort en 1649, de la fin de l&#8217;humanisme au d\u00e9but de la provincialisation, Godolin ne cesse de [&hellip;]<\/p>\n","protected":false},"featured_media":28854,"template":"","meta":{"_acf_changed":false,"_genesis_hide_title":false,"_genesis_hide_breadcrumbs":false,"_genesis_hide_singular_image":false,"_genesis_hide_footer_widgets":false,"_genesis_custom_body_class":"","_genesis_custom_post_class":"","_genesis_layout":""},"product_brand":[],"product_cat":[7132,7174,7188],"product_tag":[],"class_list":{"0":"post-28856","1":"product","2":"type-product","3":"status-publish","4":"has-post-thumbnail","6":"product_cat-books","7":"product_cat-literature-en","8":"product_cat-arts-studies-en","9":"pa_auteur-escude-pierre-en","10":"pa_editeur-privat-en","11":"pa_langue-francais-en","12":"entry","14":"first","15":"outofstock","16":"shipping-taxable","17":"purchasable","18":"product-type-simple"},"acf":[],"_links":{"self":[{"href":"https:\/\/www.libraria-occitana.org\/en\/wp-json\/wp\/v2\/product\/28856","targetHints":{"allow":["GET"]}}],"collection":[{"href":"https:\/\/www.libraria-occitana.org\/en\/wp-json\/wp\/v2\/product"}],"about":[{"href":"https:\/\/www.libraria-occitana.org\/en\/wp-json\/wp\/v2\/types\/product"}],"wp:featuredmedia":[{"embeddable":true,"href":"https:\/\/www.libraria-occitana.org\/en\/wp-json\/wp\/v2\/media\/28854"}],"wp:attachment":[{"href":"https:\/\/www.libraria-occitana.org\/en\/wp-json\/wp\/v2\/media?parent=28856"}],"wp:term":[{"taxonomy":"product_brand","embeddable":true,"href":"https:\/\/www.libraria-occitana.org\/en\/wp-json\/wp\/v2\/product_brand?post=28856"},{"taxonomy":"product_cat","embeddable":true,"href":"https:\/\/www.libraria-occitana.org\/en\/wp-json\/wp\/v2\/product_cat?post=28856"},{"taxonomy":"product_tag","embeddable":true,"href":"https:\/\/www.libraria-occitana.org\/en\/wp-json\/wp\/v2\/product_tag?post=28856"}],"curies":[{"name":"wp","href":"https:\/\/api.w.org\/{rel}","templated":true}]}}