{"id":28879,"date":"2013-08-07T16:08:16","date_gmt":"2013-08-07T15:08:16","guid":{"rendered":"http:\/\/www.libraria-occitana.org\/all-products\/histoire-sociale-des-langues-de-france?lang=en"},"modified":"2026-04-29T10:28:40","modified_gmt":"2026-04-29T08:28:40","slug":"histoire-sociale-des-langues-de-france","status":"publish","type":"product","link":"https:\/\/www.libraria-occitana.org\/en\/product\/histoire-sociale-des-langues-de-france\/","title":{"rendered":"Histoire sociale des langues de France"},"content":{"rendered":"<p>La France d\u00e9couvre son plurilinguisme. On parle en effet sur son territoire plusieurs dizaines de langues autres que le fran\u00e7ais. Une nouvelle perception de cette r\u00e9alit\u00e9 linguistique \u00e9merge aux niveaux politique, administratif et public depuis une quinzaine d&#8217;ann\u00e9es. La recherche sur les langues de France et sur les langues en France a simultan\u00e9ment beaucoup progress\u00e9. Mais il manquait un \u00e9tat des lieux g\u00e9n\u00e9ral et une synth\u00e8se. Alors que plusieurs histoires sociales de langues ont \u00e9t\u00e9 publi\u00e9es, celle-ci est la premi\u00e8re pour l&#8217;ensemble des langues parl\u00e9es dans un pays, la France.<\/p>\n<p>Cet ouvrage traite de l&#8217;histoire de la communication d&#8217;un grand nombre de langues ou vari\u00e9t\u00e9s qui, \u00e0 diff\u00e9rents moments, sont entr\u00e9es en contact avec le fran\u00e7ais. Il prend en compte aussi bien les langues r\u00e9gionales ou minoritaires autochtones que celles de l&#8217;Outre-mer et celles de l&#8217;immigration ancienne ou r\u00e9cente, sans oublier la langue des signes fran\u00e7aise.<\/p>\n<p>Il ne s&#8217;adresse pas seulement aux sp\u00e9cialistes des sciences du langage et de la communication, mais aussi \u00e0 un large public qui aspire aujourd&#8217;hui \u00e0 mieux conna\u00eetre l&#8217;histoire et la situation actuelle des langues de France, dont il est souvent question dans l&#8217;actualit\u00e9. Tous d\u00e9couvriront ici les concepts et les donn\u00e9es qui s&#8217;imposent pour mieux comprendre l&#8217;\u00e9volution des formes de la communication en ces diverses langues de France.<\/p>\n<p>Le projet a \u00e9t\u00e9 men\u00e9 \u00e0 bien \u00e0 l&#8217;initiative du collectif HSLF qui regroupe neuf universitaires et chercheurs de diff\u00e9rents horizons. Soixante-dix auteurs fran\u00e7ais et \u00e9trangers ont \u00e9t\u00e9 sollicit\u00e9s pour d\u00e9crire et analyser les relations sociales qui se sont \u00e9tablies au fil des si\u00e8cles entre le fran\u00e7ais et les autres langues, mais aussi entre celles-ci et le monde externe.<\/p>\n<p>L&#8217;<em>Histoire sociale des langues de France<\/em> apporte une masse consid\u00e9rable d&#8217;informations sur un aspect m\u00e9connu de la soci\u00e9t\u00e9 fran\u00e7aise. Cette histoire novatrice, de nature encyclop\u00e9dique, est appel\u00e9e \u00e0 constituer un ouvrage de r\u00e9f\u00e9rence.<\/p>\n<p>Le collectif HSLF r\u00e9unit Carmen Al\u00e9n Garabato (Montpellier), Klaus Bochmann (Leipzig), Henri Boyer (Montpellier), Fa\u00f1ch Broudic (Brest), Dominique Caubet (Paris), Marie-Christine Haza\u00ebl-Massieux (Aix-Marseille), Georg Kremnitz (Vienne), Fran\u00e7ois Pic (Toulouse), Jean Sibille (Toulouse).<\/p>\n","protected":false},"excerpt":{"rendered":"<p>La France d\u00e9couvre son plurilinguisme. On parle en effet sur son territoire plusieurs dizaines de langues autres que le fran\u00e7ais. Une nouvelle perception de cette r\u00e9alit\u00e9 linguistique \u00e9merge aux niveaux politique, administratif et public depuis une quinzaine d&#8217;ann\u00e9es. La recherche sur les langues de France et sur les langues en France a simultan\u00e9ment beaucoup progress\u00e9. [&hellip;]<\/p>\n","protected":false},"featured_media":28877,"template":"","meta":{"_acf_changed":false,"_genesis_hide_title":false,"_genesis_hide_breadcrumbs":false,"_genesis_hide_singular_image":false,"_genesis_hide_footer_widgets":false,"_genesis_custom_body_class":"","_genesis_custom_post_class":"","_genesis_layout":""},"product_brand":[],"product_cat":[7132,7202],"product_tag":[],"class_list":{"0":"post-28879","1":"product","2":"type-product","3":"status-publish","4":"has-post-thumbnail","6":"product_cat-books","7":"product_cat-politics-sociology-current-affairs-en","8":"pa_auteur-broudic-fanch-en","9":"pa_auteur-collectiu-hslf-en","10":"pa_auteur-kremnitz-georg-en","11":"pa_editeur-pu-rennes-en","12":"pa_langue-francais-en","13":"entry","15":"first","16":"outofstock","17":"shipping-taxable","18":"purchasable","19":"product-type-simple"},"acf":[],"_links":{"self":[{"href":"https:\/\/www.libraria-occitana.org\/en\/wp-json\/wp\/v2\/product\/28879","targetHints":{"allow":["GET"]}}],"collection":[{"href":"https:\/\/www.libraria-occitana.org\/en\/wp-json\/wp\/v2\/product"}],"about":[{"href":"https:\/\/www.libraria-occitana.org\/en\/wp-json\/wp\/v2\/types\/product"}],"wp:featuredmedia":[{"embeddable":true,"href":"https:\/\/www.libraria-occitana.org\/en\/wp-json\/wp\/v2\/media\/28877"}],"wp:attachment":[{"href":"https:\/\/www.libraria-occitana.org\/en\/wp-json\/wp\/v2\/media?parent=28879"}],"wp:term":[{"taxonomy":"product_brand","embeddable":true,"href":"https:\/\/www.libraria-occitana.org\/en\/wp-json\/wp\/v2\/product_brand?post=28879"},{"taxonomy":"product_cat","embeddable":true,"href":"https:\/\/www.libraria-occitana.org\/en\/wp-json\/wp\/v2\/product_cat?post=28879"},{"taxonomy":"product_tag","embeddable":true,"href":"https:\/\/www.libraria-occitana.org\/en\/wp-json\/wp\/v2\/product_tag?post=28879"}],"curies":[{"name":"wp","href":"https:\/\/api.w.org\/{rel}","templated":true}]}}