{"id":28917,"date":"2015-08-07T19:01:25","date_gmt":"2015-08-07T17:01:25","guid":{"rendered":"http:\/\/www.libraria-occitana.org\/all-products\/se-canta-que-cante-recueil-de-chants-occitans?lang=en"},"modified":"2026-04-29T01:16:33","modified_gmt":"2026-04-28T23:16:33","slug":"se-canta-que-cante-recueil-de-chants-occitans","status":"publish","type":"product","link":"https:\/\/www.libraria-occitana.org\/en\/product\/se-canta-que-cante-recueil-de-chants-occitans\/","title":{"rendered":"Se canta que cante : Recueil de chants occitans"},"content":{"rendered":"<p>R\u00e9\u00e9dition revue et augment\u00e9e !<br \/>\nPour quiconque aime chanter, seul ou en groupe, pour son plaisir personnel ou dans un but p\u00e9dagogique, ce livre rassemble 154 chansons traditionnelles occitanes, recueillies par l&#8217;association CORDAE \/ La Talvera dans les d\u00e9partements du Tarn, de l&#8217;Aveyron, du Tarn-et-Garonne, du Lot, de la Haute-Garonne, de l&#8217;Aude, de l&#8217;H\u00e9rault et du Cantal.<br \/>\nChaque chanson y est accompagn\u00e9e d&#8217;une traduction et d&#8217;une partition musicale reproduisant le plus fid\u00e8lement possible les interpr\u00e9tations enregistr\u00e9es.<br \/>\nVous aurez \u00e9galement la possibilit\u00e9 d\u2019\u00e9couter ces chansons dans leur version originale sur le centre de documentation en ligne de l&#8217;association : <a href=\"http:\/\/cordae-talvera-documentation.kentika.fr\/\">http:\/\/cordae-talvera-documentation.kentika.fr\/<\/a><\/p>\n","protected":false},"excerpt":{"rendered":"<p>R\u00e9\u00e9dition revue et augment\u00e9e ! Pour quiconque aime chanter, seul ou en groupe, pour son plaisir personnel ou dans un but p\u00e9dagogique, ce livre rassemble 154 chansons traditionnelles occitanes, recueillies par l&#8217;association CORDAE \/ La Talvera dans les d\u00e9partements du Tarn, de l&#8217;Aveyron, du Tarn-et-Garonne, du Lot, de la Haute-Garonne, de l&#8217;Aude, de l&#8217;H\u00e9rault et [&hellip;]<\/p>\n","protected":false},"featured_media":28915,"template":"","meta":{"_acf_changed":false,"_genesis_hide_title":false,"_genesis_hide_breadcrumbs":false,"_genesis_hide_singular_image":false,"_genesis_hide_footer_widgets":false,"_genesis_custom_body_class":"","_genesis_custom_post_class":"","_genesis_layout":""},"product_brand":[],"product_cat":[7132,7190,7192],"product_tag":[],"class_list":{"0":"post-28917","1":"product","2":"type-product","3":"status-publish","4":"has-post-thumbnail","6":"product_cat-books","7":"product_cat-music-dances-en","8":"product_cat-scores-lyrics-en","9":"pa_auteur-cordae-la-talvera-fr-en","10":"pa_editeur-cordae-la-talvera-en","11":"pa_langue-occitan-lengadocian-en","12":"pa_langue-occitan-francais-en","13":"entry","15":"first","16":"instock","17":"shipping-taxable","18":"purchasable","19":"product-type-simple"},"acf":[],"_links":{"self":[{"href":"https:\/\/www.libraria-occitana.org\/en\/wp-json\/wp\/v2\/product\/28917","targetHints":{"allow":["GET"]}}],"collection":[{"href":"https:\/\/www.libraria-occitana.org\/en\/wp-json\/wp\/v2\/product"}],"about":[{"href":"https:\/\/www.libraria-occitana.org\/en\/wp-json\/wp\/v2\/types\/product"}],"wp:featuredmedia":[{"embeddable":true,"href":"https:\/\/www.libraria-occitana.org\/en\/wp-json\/wp\/v2\/media\/28915"}],"wp:attachment":[{"href":"https:\/\/www.libraria-occitana.org\/en\/wp-json\/wp\/v2\/media?parent=28917"}],"wp:term":[{"taxonomy":"product_brand","embeddable":true,"href":"https:\/\/www.libraria-occitana.org\/en\/wp-json\/wp\/v2\/product_brand?post=28917"},{"taxonomy":"product_cat","embeddable":true,"href":"https:\/\/www.libraria-occitana.org\/en\/wp-json\/wp\/v2\/product_cat?post=28917"},{"taxonomy":"product_tag","embeddable":true,"href":"https:\/\/www.libraria-occitana.org\/en\/wp-json\/wp\/v2\/product_tag?post=28917"}],"curies":[{"name":"wp","href":"https:\/\/api.w.org\/{rel}","templated":true}]}}