{"id":28929,"date":"2013-12-07T18:29:22","date_gmt":"2013-12-07T17:29:22","guid":{"rendered":"http:\/\/www.libraria-occitana.org\/all-products\/cancons-del-cap-del-pont?lang=en"},"modified":"2026-04-14T04:11:57","modified_gmt":"2026-04-14T02:11:57","slug":"cancons-del-cap-del-pont","status":"publish","type":"product","link":"https:\/\/www.libraria-occitana.org\/en\/product\/cancons-del-cap-del-pont\/","title":{"rendered":"Can\u00e7ons del Cap del Pont"},"content":{"rendered":"<p>22 chansons recueillies dans l&#8217;Albigeois par Gabriel Soulages (fin XIXe s.).<\/p>\n<p><strong>Titres :<\/strong><br \/>\n1. Lo n\u00f2stre ase 3&#8217;23<br \/>\n2. L&#8217;an\u00e8la d&#8217;\u00f2r 3&#8217;10<br \/>\n3. La n\u00f2via vergonhosa 2&#8217;53<br \/>\n4. Las prunas 2&#8217;02<br \/>\n5. La craba blanca 2&#8217;26<br \/>\n6. La fi\u00e8ira de la Bessi\u00e8ira 2&#8217;23<br \/>\n7. Je suis un pauvre conscrit 2&#8217;42<br \/>\n8. Rencontr\u00e8ri ma mia 2&#8217;20<br \/>\n9. Quand Isabeleta va al jardin 3&#8217;07<br \/>\n10. Fot\u00e8tz-me lo camp, canalha 2&#8217;14<br \/>\n11. La femna batuda 2&#8217;15<br \/>\n12. Del temps de la noblessa 2&#8217;16<br \/>\n13. Borr\u00e8ias : Lo pont d&#8217;Entraigas \/ Montava la marmita 2&#8217;17<br \/>\n14. La filha d&#8217;un paisan 3&#8217;58<br \/>\n15. La sirventa de l&#8217;avocat 2&#8217;03<br \/>\n16. L&#8217;arbre del Parad\u00eds 3&#8217;01<br \/>\n17. Ieu n&#8217;ai un \u00f2me pichon 2&#8217;26<br \/>\n18. De bon matin me soi levat 2&#8217;22<br \/>\n19. La femna del fabre 3&#8217;55<br \/>\n20. Bonjour la belle Jeanneton 2&#8217;33<br \/>\n21. Los fringaires 2&#8217;12<br \/>\n22. Quant v\u00f2ls ganhar 2&#8217;24<\/p>\n<p><a title=\"Can\u00e7ons del Cap del Pont\" href=\"http:\/\/www.libraria-occitana.org\/all-products\/cancons-del-cap-del-pont-2\"><em>Can\u00e7ons del Cap del Pont<\/em> : le livre (paroles et partitions)<\/a><\/p>\n","protected":false},"excerpt":{"rendered":"<p>22 chansons recueillies dans l&#8217;Albigeois par Gabriel Soulages (fin XIXe s.). Titres : 1. Lo n\u00f2stre ase 3&#8217;23 2. L&#8217;an\u00e8la d&#8217;\u00f2r 3&#8217;10 3. La n\u00f2via vergonhosa 2&#8217;53 4. Las prunas 2&#8217;02 5. La craba blanca 2&#8217;26 6. La fi\u00e8ira de la Bessi\u00e8ira 2&#8217;23 7. Je suis un pauvre conscrit 2&#8217;42 8. Rencontr\u00e8ri ma mia 2&#8217;20 [&hellip;]<\/p>\n","protected":false},"featured_media":28923,"template":"","meta":{"_acf_changed":false,"_genesis_hide_title":false,"_genesis_hide_breadcrumbs":false,"_genesis_hide_singular_image":false,"_genesis_hide_footer_widgets":false,"_genesis_custom_body_class":"","_genesis_custom_post_class":"","_genesis_layout":""},"product_brand":[],"product_cat":[7228,7216],"product_tag":[],"class_list":{"0":"post-28929","1":"product","2":"type-product","3":"status-publish","4":"has-post-thumbnail","6":"product_cat-modern-folk-en","7":"product_cat-music-en","8":"pa_auteur-la-talvera-en","9":"pa_editeur-cordae-la-talvera-en","10":"pa_langue-occitan-en","11":"pa_langue-occitan-lengadocian-en","12":"entry","14":"first","15":"instock","16":"shipping-taxable","17":"purchasable","18":"product-type-simple"},"acf":[],"_links":{"self":[{"href":"https:\/\/www.libraria-occitana.org\/en\/wp-json\/wp\/v2\/product\/28929","targetHints":{"allow":["GET"]}}],"collection":[{"href":"https:\/\/www.libraria-occitana.org\/en\/wp-json\/wp\/v2\/product"}],"about":[{"href":"https:\/\/www.libraria-occitana.org\/en\/wp-json\/wp\/v2\/types\/product"}],"wp:featuredmedia":[{"embeddable":true,"href":"https:\/\/www.libraria-occitana.org\/en\/wp-json\/wp\/v2\/media\/28923"}],"wp:attachment":[{"href":"https:\/\/www.libraria-occitana.org\/en\/wp-json\/wp\/v2\/media?parent=28929"}],"wp:term":[{"taxonomy":"product_brand","embeddable":true,"href":"https:\/\/www.libraria-occitana.org\/en\/wp-json\/wp\/v2\/product_brand?post=28929"},{"taxonomy":"product_cat","embeddable":true,"href":"https:\/\/www.libraria-occitana.org\/en\/wp-json\/wp\/v2\/product_cat?post=28929"},{"taxonomy":"product_tag","embeddable":true,"href":"https:\/\/www.libraria-occitana.org\/en\/wp-json\/wp\/v2\/product_tag?post=28929"}],"curies":[{"name":"wp","href":"https:\/\/api.w.org\/{rel}","templated":true}]}}