{"id":28943,"date":"2013-09-08T10:35:14","date_gmt":"2013-09-08T08:35:14","guid":{"rendered":"http:\/\/www.libraria-occitana.org\/all-products\/voix-traditionnelle-daujourdhui-alberte-forestier-libreton-cd?lang=en"},"modified":"2026-04-25T04:41:34","modified_gmt":"2026-04-25T02:41:34","slug":"voix-traditionnelle-daujourdhui-alberte-forestier-libreton-cd","status":"publish","type":"product","link":"https:\/\/www.libraria-occitana.org\/en\/product\/voix-traditionnelle-daujourdhui-alberte-forestier-libreton-cd\/","title":{"rendered":"Voix traditionnelle d&#8217;aujourd&#8217;hui : Alberte Forestier (libreton + CD)"},"content":{"rendered":"<p>Hommage vivant \u00e0 Alberte Forestier, paysanne, conteuse et chanteuse de Figeac.<br \/>\nApr\u00e8s plusieurs ann\u00e9es d&#8217;activit\u00e9s tant de proximit\u00e9 que de sc\u00e8nes festivali\u00e8res, cet ouvrage vous propose une s\u00e9lection du r\u00e9pertoire tant\u00f4t chant\u00e9, tant\u00f4t cont\u00e9 d&#8217;une femme hors du commun et embl\u00e9matique par la force et la simplicit\u00e9 du ton et la vivacit\u00e9 de la parole.<br \/>\nSur le CD, elle est accompagn\u00e9e par Xavier Vidal (violon, accord\u00e9ons). Vous trouverez paroles et traductions dans le livret.<\/p>\n<p><strong>Titres :<\/strong><br \/>\n1. Filhas d&#8217;a Vilan\u00f2va<br \/>\n2. Farai un bat\u00e8u<br \/>\n3. Vesinatge (r\u00e9cit &#8211; en fran\u00e7ais)<br \/>\n4. Las filhetas del Pais Bas<br \/>\n5. Para lo lop<br \/>\n6. L&#8217;amolaire<br \/>\n7. L&#8217;estamaire<br \/>\n8. Turlututu<br \/>\n9. Les hirondelles (r\u00e9cit &#8211; en fran\u00e7ais)<br \/>\n10. En passant par le bois<br \/>\n11. La calhe<br \/>\n12. Sauta un pauc<br \/>\n13. La filha d&#8217;un paure \u00f2me<br \/>\n14. Les cigales (r\u00e9cit &#8211; en fran\u00e7ais)<br \/>\n15. La cigala e la formic (conte)<br \/>\n16. Lo miralh\u00a0(conte)<br \/>\n17. Jol pont d&#8217;a Mirab\u00e8l<br \/>\n18. Bourr\u00e9e du Capucin (instrumental)<br \/>\n19. Bourr\u00e9e Pam Pam (instrumental)<br \/>\n20. La vielh\u00f2ta e lo perdigal (conte)<br \/>\n21. Mazurka d&#8217;Aynac (instrumental)<br \/>\n22. Valse de Lus\u00e8rp (instrumental)<br \/>\n23. Lo merchandon<\/p>\n","protected":false},"excerpt":{"rendered":"<p>Hommage vivant \u00e0 Alberte Forestier, paysanne, conteuse et chanteuse de Figeac. Apr\u00e8s plusieurs ann\u00e9es d&#8217;activit\u00e9s tant de proximit\u00e9 que de sc\u00e8nes festivali\u00e8res, cet ouvrage vous propose une s\u00e9lection du r\u00e9pertoire tant\u00f4t chant\u00e9, tant\u00f4t cont\u00e9 d&#8217;une femme hors du commun et embl\u00e9matique par la force et la simplicit\u00e9 du ton et la vivacit\u00e9 de la parole. [&hellip;]<\/p>\n","protected":false},"featured_media":28940,"template":"","meta":{"_acf_changed":false,"_genesis_hide_title":false,"_genesis_hide_breadcrumbs":false,"_genesis_hide_singular_image":false,"_genesis_hide_footer_widgets":false,"_genesis_custom_body_class":"","_genesis_custom_post_class":"","_genesis_layout":""},"product_brand":[],"product_cat":[7132,7190,7192],"product_tag":[],"class_list":{"0":"post-28943","1":"product","2":"type-product","3":"status-publish","4":"has-post-thumbnail","6":"product_cat-books","7":"product_cat-music-dances-en","8":"product_cat-scores-lyrics-en","9":"pa_auteur-vidal-xavier-en","10":"pa_editeur-la-granja-soulomes-en","11":"pa_langue-occitan-lengadocian-en","12":"pa_langue-occitan-francais-en","13":"entry","15":"first","16":"outofstock","17":"shipping-taxable","18":"purchasable","19":"product-type-simple"},"acf":[],"_links":{"self":[{"href":"https:\/\/www.libraria-occitana.org\/en\/wp-json\/wp\/v2\/product\/28943","targetHints":{"allow":["GET"]}}],"collection":[{"href":"https:\/\/www.libraria-occitana.org\/en\/wp-json\/wp\/v2\/product"}],"about":[{"href":"https:\/\/www.libraria-occitana.org\/en\/wp-json\/wp\/v2\/types\/product"}],"wp:featuredmedia":[{"embeddable":true,"href":"https:\/\/www.libraria-occitana.org\/en\/wp-json\/wp\/v2\/media\/28940"}],"wp:attachment":[{"href":"https:\/\/www.libraria-occitana.org\/en\/wp-json\/wp\/v2\/media?parent=28943"}],"wp:term":[{"taxonomy":"product_brand","embeddable":true,"href":"https:\/\/www.libraria-occitana.org\/en\/wp-json\/wp\/v2\/product_brand?post=28943"},{"taxonomy":"product_cat","embeddable":true,"href":"https:\/\/www.libraria-occitana.org\/en\/wp-json\/wp\/v2\/product_cat?post=28943"},{"taxonomy":"product_tag","embeddable":true,"href":"https:\/\/www.libraria-occitana.org\/en\/wp-json\/wp\/v2\/product_tag?post=28943"}],"curies":[{"name":"wp","href":"https:\/\/api.w.org\/{rel}","templated":true}]}}