{"id":28955,"date":"2009-06-08T12:06:48","date_gmt":"2009-06-08T11:06:48","guid":{"rendered":"http:\/\/www.libraria-occitana.org\/all-products\/les-migrants-limousins-du-batiment-au-tournant-des-xixe-et-xxe-siecles?lang=en"},"modified":"2026-04-16T05:26:21","modified_gmt":"2026-04-16T03:26:21","slug":"les-migrants-limousins-du-batiment-au-tournant-des-xixe-et-xxe-siecles","status":"publish","type":"product","link":"https:\/\/www.libraria-occitana.org\/en\/product\/les-migrants-limousins-du-batiment-au-tournant-des-xixe-et-xxe-siecles\/","title":{"rendered":"Les migrants limousins du b\u00e2timent au tournant des XIXe et XXe si\u00e8cles"},"content":{"rendered":"<p>En 1896, un anonyme signant \u00ab Le Solitaire \u00bb \u00e9crit \u00ab Les souvenirs d\u2019un ma\u00e7on de la Creuse \u00bb, en feuilleton, dans un journal catholique limousin.<br \/>\nL\u2019\u00e9nigme entra\u00eene les chercheurs \u00e0 Paris, Lyon, Limoges et dans la Combraille marchoise. Les recherches permettent d\u2019appr\u00e9hender le r\u00f4le de l\u2019\u00c9glise en direction de la migration au tournant des XIXe et XXe si\u00e8cles, de suivre la vie des hommes des communes creusoises de Lupersat, Mautes et Sermur, de leur village natal aux grands chantiers de l\u2019\u00e9poque et de d\u00e9couvrir leur h\u00e9ritage b\u00e2ti dans la Combraille marchoise.<br \/>\nChaque co-auteur, avec sa sp\u00e9cialisation, ses connaissances et ses passions, s\u2019est aimablement pr\u00eat\u00e9 \u00e0 l\u2019exercice de la recherche individuelle et de la confrontation des id\u00e9es et ils vous invitent tous, par le texte et par l\u2019image, \u00e0 prendre connaissance de leurs travaux et \u00e0 appr\u00e9cier le \u00ab Pays du Solitaire \u00bb.<\/p>\n<p>Co-\u00e9crit par Jean-Marie Allard, Alain Carof, Jean-Luc de Ochandiano, Alain Faure, Jean Martin, Roland Nicoux et Louis P\u00e9rouas.<\/p>\n","protected":false},"excerpt":{"rendered":"<p>En 1896, un anonyme signant \u00ab Le Solitaire \u00bb \u00e9crit \u00ab Les souvenirs d\u2019un ma\u00e7on de la Creuse \u00bb, en feuilleton, dans un journal catholique limousin. L\u2019\u00e9nigme entra\u00eene les chercheurs \u00e0 Paris, Lyon, Limoges et dans la Combraille marchoise. Les recherches permettent d\u2019appr\u00e9hender le r\u00f4le de l\u2019\u00c9glise en direction de la migration au tournant des [&hellip;]<\/p>\n","protected":false},"featured_media":28953,"template":"","meta":{"_acf_changed":false,"_genesis_hide_title":false,"_genesis_hide_breadcrumbs":false,"_genesis_hide_singular_image":false,"_genesis_hide_footer_widgets":false,"_genesis_custom_body_class":"","_genesis_custom_post_class":"","_genesis_layout":""},"product_brand":[],"product_cat":[7132,7148,7158],"product_tag":[],"class_list":{"0":"post-28955","1":"product","2":"type-product","3":"status-publish","4":"has-post-thumbnail","6":"product_cat-books","7":"product_cat-history-geography-en","8":"product_cat-modern-and-contemporary-history-en","9":"pa_auteur-collectiu-en-2","10":"pa_editeur-les-macons-de-la-creuse-fr-en","11":"pa_langue-francais-en","12":"entry","14":"first","15":"outofstock","16":"shipping-taxable","17":"purchasable","18":"product-type-simple"},"acf":[],"_links":{"self":[{"href":"https:\/\/www.libraria-occitana.org\/en\/wp-json\/wp\/v2\/product\/28955","targetHints":{"allow":["GET"]}}],"collection":[{"href":"https:\/\/www.libraria-occitana.org\/en\/wp-json\/wp\/v2\/product"}],"about":[{"href":"https:\/\/www.libraria-occitana.org\/en\/wp-json\/wp\/v2\/types\/product"}],"wp:featuredmedia":[{"embeddable":true,"href":"https:\/\/www.libraria-occitana.org\/en\/wp-json\/wp\/v2\/media\/28953"}],"wp:attachment":[{"href":"https:\/\/www.libraria-occitana.org\/en\/wp-json\/wp\/v2\/media?parent=28955"}],"wp:term":[{"taxonomy":"product_brand","embeddable":true,"href":"https:\/\/www.libraria-occitana.org\/en\/wp-json\/wp\/v2\/product_brand?post=28955"},{"taxonomy":"product_cat","embeddable":true,"href":"https:\/\/www.libraria-occitana.org\/en\/wp-json\/wp\/v2\/product_cat?post=28955"},{"taxonomy":"product_tag","embeddable":true,"href":"https:\/\/www.libraria-occitana.org\/en\/wp-json\/wp\/v2\/product_tag?post=28955"}],"curies":[{"name":"wp","href":"https:\/\/api.w.org\/{rel}","templated":true}]}}