{"id":28961,"date":"2003-09-08T14:28:29","date_gmt":"2003-09-08T12:28:29","guid":{"rendered":"http:\/\/www.libraria-occitana.org\/all-products\/theophile-alexandre-steinlen-1859-1923-regard-sur-les-ouvriers-du-batiment?lang=en"},"modified":"2026-04-09T02:36:09","modified_gmt":"2026-04-09T00:36:09","slug":"theophile-alexandre-steinlen-1859-1923-regard-sur-les-ouvriers-du-batiment","status":"publish","type":"product","link":"https:\/\/www.libraria-occitana.org\/en\/product\/theophile-alexandre-steinlen-1859-1923-regard-sur-les-ouvriers-du-batiment\/","title":{"rendered":"Th\u00e9ophile-Alexandre Steinlen (1859-1923) : Regard sur les ouvriers du b\u00e2timent"},"content":{"rendered":"<p>L\u2019\u0153uvre de T.A. Steinlen est consid\u00e9rable et d\u2019une grande sensibilit\u00e9. Dessinateur besogneux et perfectionniste, il a t\u00e9moign\u00e9 un profond attachement \u00e0 toute la vie de son \u00e9poque et nous donne une \u0153uvre d\u2019une grande diversit\u00e9. Il affirme une grande admiration pour le monde ouvrier comme le montre son carnet de dessins, <em>La maison en construction, 1904<\/em>\u2026<\/p>\n<p>L\u2019ouvrage est illustr\u00e9 par plus de 120 \u0153uvres de Steinlen.<br \/>\n\u00c9dition r\u00e9alis\u00e9e pour l\u2019exposition d&#8217;octobre 2003 \u00e0 janvier 2004 au Mus\u00e9e de Gu\u00e9ret.<\/p>\n","protected":false},"excerpt":{"rendered":"<p>L\u2019\u0153uvre de T.A. Steinlen est consid\u00e9rable et d\u2019une grande sensibilit\u00e9. Dessinateur besogneux et perfectionniste, il a t\u00e9moign\u00e9 un profond attachement \u00e0 toute la vie de son \u00e9poque et nous donne une \u0153uvre d\u2019une grande diversit\u00e9. Il affirme une grande admiration pour le monde ouvrier comme le montre son carnet de dessins, La maison en construction, [&hellip;]<\/p>\n","protected":false},"featured_media":28959,"template":"","meta":{"_acf_changed":false,"_genesis_hide_title":false,"_genesis_hide_breadcrumbs":false,"_genesis_hide_singular_image":false,"_genesis_hide_footer_widgets":false,"_genesis_custom_body_class":"","_genesis_custom_post_class":"","_genesis_layout":""},"product_brand":[],"product_cat":[7134,7132],"product_tag":[],"class_list":{"0":"post-28961","1":"product","2":"type-product","3":"status-publish","4":"has-post-thumbnail","6":"product_cat-arts-en","7":"product_cat-books","8":"pa_auteur-collectiu-en-2","9":"pa_editeur-les-macons-de-la-creuse-fr-en","10":"pa_langue-francais-en","11":"entry","13":"first","14":"instock","15":"shipping-taxable","16":"purchasable","17":"product-type-simple"},"acf":[],"_links":{"self":[{"href":"https:\/\/www.libraria-occitana.org\/en\/wp-json\/wp\/v2\/product\/28961","targetHints":{"allow":["GET"]}}],"collection":[{"href":"https:\/\/www.libraria-occitana.org\/en\/wp-json\/wp\/v2\/product"}],"about":[{"href":"https:\/\/www.libraria-occitana.org\/en\/wp-json\/wp\/v2\/types\/product"}],"wp:featuredmedia":[{"embeddable":true,"href":"https:\/\/www.libraria-occitana.org\/en\/wp-json\/wp\/v2\/media\/28959"}],"wp:attachment":[{"href":"https:\/\/www.libraria-occitana.org\/en\/wp-json\/wp\/v2\/media?parent=28961"}],"wp:term":[{"taxonomy":"product_brand","embeddable":true,"href":"https:\/\/www.libraria-occitana.org\/en\/wp-json\/wp\/v2\/product_brand?post=28961"},{"taxonomy":"product_cat","embeddable":true,"href":"https:\/\/www.libraria-occitana.org\/en\/wp-json\/wp\/v2\/product_cat?post=28961"},{"taxonomy":"product_tag","embeddable":true,"href":"https:\/\/www.libraria-occitana.org\/en\/wp-json\/wp\/v2\/product_tag?post=28961"}],"curies":[{"name":"wp","href":"https:\/\/api.w.org\/{rel}","templated":true}]}}