{"id":28973,"date":"2016-08-20T15:31:25","date_gmt":"2016-08-20T13:31:25","guid":{"rendered":"http:\/\/www.libraria-occitana.org\/all-products\/paraulas-de-paisans-paroles-de-paysans-en-lemosin-19?lang=en"},"modified":"2026-04-25T05:16:43","modified_gmt":"2026-04-25T03:16:43","slug":"paraulas-de-paisans-paroles-de-paysans-en-lemosin-20","status":"publish","type":"product","link":"https:\/\/www.libraria-occitana.org\/en\/product\/paraulas-de-paisans-paroles-de-paysans-en-lemosin-20\/","title":{"rendered":"Paraulas de paisans &#8211; Paroles de paysans (En Lemosin 20)"},"content":{"rendered":"<p><strong>\u00ab Per far las planchas, ieu metia ma \u2019gulhada au bot. E ben, las i anavan totas solas ! La blancha e la blonda\u2026 L\u2019eran bien bravas quelas vachas\u2026 \u00bb<\/strong><\/p>\n<p>\u00c0 Firbeix, au c\u0153ur du P\u00e9rigord-Limousin, ils sont encore nombreux ceux \u00e0 se souvenir de l\u2019\u00e9poque o\u00f9 leurs jeunes ann\u00e9es de vie paysanne se d\u00e9roulaient au rythme lent du pas des vaches. Mais ici comme ailleurs, soixante ann\u00e9es de r\u00e9volutions agricoles ont d\u00e9finitivement rel\u00e9gu\u00e9 loin dans le pass\u00e9 ces images d\u2019une civilisation vieille pourtant de tant de si\u00e8cles.<\/p>\n<p>En l\u2019espace de deux g\u00e9n\u00e9rations, c\u2019est tout un monde qui a \u00e9t\u00e9 chamboul\u00e9. Entre les t\u00e9moignages de femmes de paysans et celui d\u2019anciens syndicalistes agricoles, entre le constat des anciens et les interrogations d\u2019agriculteurs en activit\u00e9, on per\u00e7oit que l\u2019\u00e9volution des techniques n\u2019a pas mis fin \u00e0 l\u2019essentiel questionnement sur le devenir d\u2019une agriculture \u00e0 taille humaine. <\/p>\n","protected":false},"excerpt":{"rendered":"<p>\u00ab Per far las planchas, ieu metia ma \u2019gulhada au bot. E ben, las i anavan totas solas ! La blancha e la blonda\u2026 L\u2019eran bien bravas quelas vachas\u2026 \u00bb \u00c0 Firbeix, au c\u0153ur du P\u00e9rigord-Limousin, ils sont encore nombreux ceux \u00e0 se souvenir de l\u2019\u00e9poque o\u00f9 leurs jeunes ann\u00e9es de vie paysanne se d\u00e9roulaient [&hellip;]<\/p>\n","protected":false},"featured_media":28971,"template":"","meta":{"_acf_changed":false,"_genesis_hide_title":false,"_genesis_hide_breadcrumbs":false,"_genesis_hide_singular_image":false,"_genesis_hide_footer_widgets":false,"_genesis_custom_body_class":"","_genesis_custom_post_class":"","_genesis_layout":""},"product_brand":[],"product_cat":[7241,7249],"product_tag":[],"class_list":{"0":"post-28973","1":"product","2":"type-product","3":"status-publish","4":"has-post-thumbnail","6":"product_cat-documentary-en","7":"product_cat-videos-3-en","8":"pa_auteur-ieo-lemosin-fr-en","9":"pa_editeur-ieo-lemosin-en-2","10":"pa_langue-occitan-lemosin-en","11":"pa_langue-occitan-francais-en","12":"entry","14":"first","15":"outofstock","16":"shipping-taxable","17":"purchasable","18":"product-type-simple"},"acf":[],"_links":{"self":[{"href":"https:\/\/www.libraria-occitana.org\/en\/wp-json\/wp\/v2\/product\/28973","targetHints":{"allow":["GET"]}}],"collection":[{"href":"https:\/\/www.libraria-occitana.org\/en\/wp-json\/wp\/v2\/product"}],"about":[{"href":"https:\/\/www.libraria-occitana.org\/en\/wp-json\/wp\/v2\/types\/product"}],"wp:featuredmedia":[{"embeddable":true,"href":"https:\/\/www.libraria-occitana.org\/en\/wp-json\/wp\/v2\/media\/28971"}],"wp:attachment":[{"href":"https:\/\/www.libraria-occitana.org\/en\/wp-json\/wp\/v2\/media?parent=28973"}],"wp:term":[{"taxonomy":"product_brand","embeddable":true,"href":"https:\/\/www.libraria-occitana.org\/en\/wp-json\/wp\/v2\/product_brand?post=28973"},{"taxonomy":"product_cat","embeddable":true,"href":"https:\/\/www.libraria-occitana.org\/en\/wp-json\/wp\/v2\/product_cat?post=28973"},{"taxonomy":"product_tag","embeddable":true,"href":"https:\/\/www.libraria-occitana.org\/en\/wp-json\/wp\/v2\/product_tag?post=28973"}],"curies":[{"name":"wp","href":"https:\/\/api.w.org\/{rel}","templated":true}]}}