{"id":29133,"date":"2006-03-05T14:34:05","date_gmt":"2006-03-05T13:34:05","guid":{"rendered":"http:\/\/www.libraria-occitana.org\/all-products\/co-milhor-de-marti?lang=en"},"modified":"2026-04-29T05:51:20","modified_gmt":"2026-04-29T03:51:20","slug":"co-milhor-de-marti","status":"publish","type":"product","link":"https:\/\/www.libraria-occitana.org\/en\/product\/co-milhor-de-marti\/","title":{"rendered":"\u00c7\u00f2 milhor de Marti"},"content":{"rendered":"<p><strong>Marti :<\/strong> chant<br \/>\n<strong>Gerard Pansanel :<\/strong> guitares, mandoline, samples, voix, arrangements et direction<br \/>\n<strong>Pierre Peyras :<\/strong> contrebasse, guitare basse, voix<br \/>\n<strong>Lionel Suarez :<\/strong> accord\u00e9on, accordina<br \/>\n<strong>Michel Marre :<\/strong> trompette, bugle, tuba<br \/>\n<strong>Patrice H\u00e9ral :<\/strong> percussions<br \/>\n<strong>Fethi Tabet :<\/strong> oud, voix (03)<\/p>\n<p>\u00ab Juin 1969 : l&#8217;occident vague en mini-jupe, il pleut du napalm au Vietnam, Dylan proteste aux Am\u00e9riques, Franco est couronn\u00e9 \u201cmeilleur p\u00eacheur de saumon d\u2019Espagne\u201d, le mur prend Racine \u00e0 Berlin, il fait un temps affreux \u00e0 Prague, Tintin n\u2019en finit pas de marcher sur la lune\u2026<br \/>\nNous devons accepter l\u2019inacceptable : le Che serait vraiment mort en Bolivie voil\u00e0 trois ans.<br \/>\nComme Emiliano Zapata, reviendra-t-il un jour mont\u00e9 sur un cheval blanc?<br \/>\n\u201cUn d\u00eda, volver\u00e1s<br \/>\nAl pie del Ande<br \/>\nPresente estar\u00e1s.\u201d<\/p>\n<p>Juin 1969 : la France carbure \u00e0 l\u2019ordinaire : Tierc\u00e9, De Fun\u00e8s, Line Renaud, Michel Debr\u00e9, Giscard d\u2019Estaing, Georges Marchais.<br \/>\nLa T\u00e9l\u00e9, partout est en noir et blanc.<br \/>\nJuin 69, anniversaire! Il y a un an exactement, le mois de Mai 68 nous explosait dans les mains (arr\u00eat sur image : victoire bis des Versaillais, grand d\u00e9fil\u00e9 d\u2019action de gr\u00e2ce, les douairi\u00e8res du XVIe main dans la main avec leurs concierges et leurs ministres, \u00e7a d\u00e9gouline par milliers sur les Champs-Elys\u00e9es\u2026 Malraux qu\u2019est-ce que tu foutais l\u00e0 ?)<br \/>\nLanguedoc m\u00e9diterran\u00e9en, 1er Juin 1969. A l\u2019entr\u00e9e de Carcassonne nous avons peint en grandes lettres bleues : \u201c68-69, un an d\u00e9j\u00e0. Nous ne regrettons rien, continuons ensemble !\u201d<br \/>\nUne main anonyme a ajout\u00e9 : \u201cD\u2019accord, soyons r\u00e9alistes : demandons l\u2019impossible !\u201d<br \/>\nEh bien, allons-y. Ne comptons plus sur les autres. Virons au Sud, soyons le Sud retrouv\u00e9.<br \/>\nAllons-y. Cuirassons-nous des mots du printemps explos\u00e9 : Autonomie, autogestion, Occitanie. Regardons loin et droit devant, retrouvons notre m\u00e9moire, qu\u2019elle nous fasse la courte \u00e9chelle, et s\u2019il le faut, inventons-nous des souvenirs !<br \/>\nAllons-y. Gommons les murs sous les affiches, bourrons le macadam de tracts, ne<br \/>\nlaissons rien au silence.<br \/>\nEt vous, musiciens, joglars de tour de table et de conviviales soir\u00e9es, fini le temps de l\u2019intime.<br \/>\nVa falloir-vite, vite, armer des chansons comme des canonni\u00e8res pour les lancer dans les rues !\u00a0\u00bb<br \/>\n(\u2026)<\/p>\n<p><strong>Titres :<\/strong><br \/>\n1. Monta vida 3&#8217;01&#8221;<br \/>\n2. Ieu m&#8217;en vau 4&#8217;01&#8221;<br \/>\n3. Tu mon vilatge 5&#8217;12&#8221;<br \/>\n4. Perque m&#8217;an pas dit 2&#8217;59&#8221;<br \/>\n5. Los commandos de la nueit 3&#8217;28&#8221;<br \/>\n6. Montsegur 3&#8217;05&#8221;<br \/>\n7. Un pais que v\u00f2l viure 3&#8217;15&#8221;<br \/>\n8. Galileo 4&#8217;43&#8221;<br \/>\n9. Papet 3&#8217;25&#8221;<br \/>\n10. Sirventesc 2&#8217;35&#8221;<br \/>\n11. Cristino 4&#8217;25&#8221;<br \/>\n12. Nos cal cantar Joan 3&#8217;42&#8221;<br \/>\n13. Carnaval 2&#8217;21&#8221;<br \/>\n14. Lo conscrit 4&#8217;51&#8221;<br \/>\n15. Los bateus 3&#8217;50&#8221;<br \/>\n16. De vent et de poussi\u00e8re 9&#8217;24&#8221;<\/p>\n","protected":false},"excerpt":{"rendered":"<p>Marti : chant Gerard Pansanel : guitares, mandoline, samples, voix, arrangements et direction Pierre Peyras : contrebasse, guitare basse, voix Lionel Suarez : accord\u00e9on, accordina Michel Marre : trompette, bugle, tuba Patrice H\u00e9ral : percussions Fethi Tabet : oud, voix (03) \u00ab Juin 1969 : l&#8217;occident vague en mini-jupe, il pleut du napalm au Vietnam, [&hellip;]<\/p>\n","protected":false},"featured_media":29131,"template":"","meta":{"_acf_changed":false,"_genesis_hide_title":false,"_genesis_hide_breadcrumbs":false,"_genesis_hide_singular_image":false,"_genesis_hide_footer_widgets":false,"_genesis_custom_body_class":"","_genesis_custom_post_class":"","_genesis_layout":""},"product_brand":[],"product_cat":[7216,7218],"product_tag":[],"class_list":{"0":"post-29133","1":"product","2":"type-product","3":"status-publish","4":"has-post-thumbnail","6":"product_cat-music-en","7":"product_cat-voice-en","8":"pa_auteur-collectiu-en-2","9":"pa_auteur-marti-claude-en","10":"pa_editeur-al-sur-en","11":"pa_langue-occitan-en","12":"pa_langue-occitan-lengadocian-en","13":"entry","15":"first","16":"outofstock","17":"shipping-taxable","18":"purchasable","19":"product-type-simple"},"acf":[],"_links":{"self":[{"href":"https:\/\/www.libraria-occitana.org\/en\/wp-json\/wp\/v2\/product\/29133","targetHints":{"allow":["GET"]}}],"collection":[{"href":"https:\/\/www.libraria-occitana.org\/en\/wp-json\/wp\/v2\/product"}],"about":[{"href":"https:\/\/www.libraria-occitana.org\/en\/wp-json\/wp\/v2\/types\/product"}],"wp:featuredmedia":[{"embeddable":true,"href":"https:\/\/www.libraria-occitana.org\/en\/wp-json\/wp\/v2\/media\/29131"}],"wp:attachment":[{"href":"https:\/\/www.libraria-occitana.org\/en\/wp-json\/wp\/v2\/media?parent=29133"}],"wp:term":[{"taxonomy":"product_brand","embeddable":true,"href":"https:\/\/www.libraria-occitana.org\/en\/wp-json\/wp\/v2\/product_brand?post=29133"},{"taxonomy":"product_cat","embeddable":true,"href":"https:\/\/www.libraria-occitana.org\/en\/wp-json\/wp\/v2\/product_cat?post=29133"},{"taxonomy":"product_tag","embeddable":true,"href":"https:\/\/www.libraria-occitana.org\/en\/wp-json\/wp\/v2\/product_tag?post=29133"}],"curies":[{"name":"wp","href":"https:\/\/api.w.org\/{rel}","templated":true}]}}