{"id":29145,"date":"2016-07-05T18:21:43","date_gmt":"2016-07-05T16:21:43","guid":{"rendered":"http:\/\/www.libraria-occitana.org\/all-products\/una-sopa-de-calhau-libre-cd?lang=en"},"modified":"2026-04-29T05:56:21","modified_gmt":"2026-04-29T03:56:21","slug":"una-sopa-de-calhau-libre-cd","status":"publish","type":"product","link":"https:\/\/www.libraria-occitana.org\/en\/product\/una-sopa-de-calhau-libre-cd\/","title":{"rendered":"Una sopa de calhau (libre + CD)"},"content":{"rendered":"<p>Un peu \u00e0 l&#8217;\u00e9cart se trouve la maison de la poule. Le loup tape \u00e0 la porte, toc, toc, toc.<br \/>\n\u2013 Qui est-ce ? demande la poule.<br \/>\n\u2013 C&#8217;est le loup, r\u00e9pond-t-il.<br \/>\nLa poule s&#8217;affole :<br \/>\n\u2013 Le loup !<\/p>\n<p>Une petite histoire adapt\u00e9e d&#8217;un conte traditionnel que l&#8217;on retrouve sous diff\u00e9rentes formes dans plusieurs contes europ\u00e9ens, asiatiques et am\u00e9ricains.<\/p>\n<p>Cycles 2 &amp; 3.<br \/>\nLivret p\u00e9dagogique\u00a0<a href=\"http:\/\/capoc.crdp-aquitaine.fr\/articles.php?lng=en&amp;pg=450&amp;mnuid=304&amp;tconfig=0\">sur le site du CAP\u2019\u00d2C<\/a>.<\/p>\n","protected":false},"excerpt":{"rendered":"<p>Un peu \u00e0 l&#8217;\u00e9cart se trouve la maison de la poule. Le loup tape \u00e0 la porte, toc, toc, toc. \u2013 Qui est-ce ? demande la poule. \u2013 C&#8217;est le loup, r\u00e9pond-t-il. La poule s&#8217;affole : \u2013 Le loup ! Une petite histoire adapt\u00e9e d&#8217;un conte traditionnel que l&#8217;on retrouve sous diff\u00e9rentes formes dans plusieurs [&hellip;]<\/p>\n","protected":false},"featured_media":29143,"template":"","meta":{"_acf_changed":false,"_genesis_hide_title":false,"_genesis_hide_breadcrumbs":false,"_genesis_hide_singular_image":false,"_genesis_hide_footer_widgets":false,"_genesis_custom_body_class":"","_genesis_custom_post_class":"","_genesis_layout":""},"product_brand":[],"product_cat":[7132,7170,7164],"product_tag":[],"class_list":{"0":"post-29145","1":"product","2":"type-product","3":"status-publish","4":"has-post-thumbnail","6":"product_cat-books","7":"product_cat-juvenile-en","8":"product_cat-juvenile-and-teen-comics-humour-en","9":"pa_auteur-capoc-en","10":"pa_editeur-canope-editions-en","11":"pa_illustrateur-rogier-francoise-en","12":"pa_langue-occitan-lemosin-en","13":"pa_langue-occitan-francais-en","14":"entry","16":"first","17":"outofstock","18":"shipping-taxable","19":"purchasable","20":"product-type-simple"},"acf":[],"_links":{"self":[{"href":"https:\/\/www.libraria-occitana.org\/en\/wp-json\/wp\/v2\/product\/29145","targetHints":{"allow":["GET"]}}],"collection":[{"href":"https:\/\/www.libraria-occitana.org\/en\/wp-json\/wp\/v2\/product"}],"about":[{"href":"https:\/\/www.libraria-occitana.org\/en\/wp-json\/wp\/v2\/types\/product"}],"wp:featuredmedia":[{"embeddable":true,"href":"https:\/\/www.libraria-occitana.org\/en\/wp-json\/wp\/v2\/media\/29143"}],"wp:attachment":[{"href":"https:\/\/www.libraria-occitana.org\/en\/wp-json\/wp\/v2\/media?parent=29145"}],"wp:term":[{"taxonomy":"product_brand","embeddable":true,"href":"https:\/\/www.libraria-occitana.org\/en\/wp-json\/wp\/v2\/product_brand?post=29145"},{"taxonomy":"product_cat","embeddable":true,"href":"https:\/\/www.libraria-occitana.org\/en\/wp-json\/wp\/v2\/product_cat?post=29145"},{"taxonomy":"product_tag","embeddable":true,"href":"https:\/\/www.libraria-occitana.org\/en\/wp-json\/wp\/v2\/product_tag?post=29145"}],"curies":[{"name":"wp","href":"https:\/\/api.w.org\/{rel}","templated":true}]}}