{"id":29210,"date":"2016-07-01T18:21:25","date_gmt":"2016-07-01T17:21:25","guid":{"rendered":"http:\/\/www.libraria-occitana.org\/all-products\/les-eaux-marchandes-de-la-haute-a-la-basse-dordogne-lepopee-des-gabariers?lang=en"},"modified":"2026-04-25T00:46:50","modified_gmt":"2026-04-24T22:46:50","slug":"les-eaux-marchandes-de-la-haute-a-la-basse-dordogne-lepopee-des-gabariers","status":"publish","type":"product","link":"https:\/\/www.libraria-occitana.org\/en\/product\/les-eaux-marchandes-de-la-haute-a-la-basse-dordogne-lepopee-des-gabariers\/","title":{"rendered":"Les eaux marchandes : De la Haute \u00e0 la Basse Dordogne, l&#8217;\u00e9pop\u00e9e des gabariers"},"content":{"rendered":"<p>Quand les eaux de leur rivi\u00e8re \u00e9taient suffisamment grosses pour charrier, de Spontour \u00e0 Libourne en passant par Argentat, toutes les richesses des pays riverains : bois fendus pour faire tonneaux ou piquets de vigne, cuir, ch\u00e2taignes, fromages, charbon\u2026, quand donc on les jugeait \u00ab marchandes \u00bb, alors les bateliers s\u2019\u00e9lan\u00e7aient dans le flot tumultueux de la Dordogne, sur leurs embarcations solides mais \u00e9ph\u00e9m\u00e8res, bravant malpas et rochers pour gagner leur vie. C\u2019est ce que nous explique l\u2019historien Fr\u00e9d\u00e9ric Pesteil.<\/p>\n<p>C\u2019est ce que nous raconte aussi, dans son fabuleux \u00ab Voyage \u00e0 l\u2019\u00e9poque de la navigation sur la Haute Dordogne \u00bb vers 1900, l\u2019un des derniers gabariers du pays, Jean-Baptiste Blaudy.<br \/>\nMais c\u2019est \u00e9galement ce que nous r\u00e9v\u00e8lent les illustrations d\u00e9licates, pr\u00e9cises et lumineuses d\u2019Antoine Quaresma.<br \/>\nConfrontant nouveaux documents d\u2019archives, manuscrit in\u00e9dit, clich\u00e9s anciens, images, ces <em>Eaux marchandes<\/em> vous feront revivre et comprendre la fantastique \u00e9pop\u00e9e des valeureux gabariers de jadis.<\/p>\n<p>Conception et coordination Marie-France Houdart.<\/p>\n","protected":false},"excerpt":{"rendered":"<p>Quand les eaux de leur rivi\u00e8re \u00e9taient suffisamment grosses pour charrier, de Spontour \u00e0 Libourne en passant par Argentat, toutes les richesses des pays riverains : bois fendus pour faire tonneaux ou piquets de vigne, cuir, ch\u00e2taignes, fromages, charbon\u2026, quand donc on les jugeait \u00ab marchandes \u00bb, alors les bateliers s\u2019\u00e9lan\u00e7aient dans le flot tumultueux [&hellip;]<\/p>\n","protected":false},"featured_media":29054,"template":"","meta":{"_acf_changed":false,"_genesis_hide_title":false,"_genesis_hide_breadcrumbs":false,"_genesis_hide_singular_image":false,"_genesis_hide_footer_widgets":false,"_genesis_custom_body_class":"","_genesis_custom_post_class":"","_genesis_layout":""},"product_brand":[],"product_cat":[7132,7148,7158],"product_tag":[],"class_list":{"0":"post-29210","1":"product","2":"type-product","3":"status-publish","4":"has-post-thumbnail","6":"product_cat-books","7":"product_cat-history-geography-en","8":"product_cat-modern-and-contemporary-history-en","9":"pa_auteur-blaudy-jean-baptiste-en","10":"pa_auteur-pesteil-frederic-en","11":"pa_editeur-maiade-en","12":"pa_illustrateur-quaresma-antoine-en","13":"pa_langue-francais-en","14":"entry","16":"first","17":"instock","18":"shipping-taxable","19":"purchasable","20":"product-type-simple"},"acf":[],"_links":{"self":[{"href":"https:\/\/www.libraria-occitana.org\/en\/wp-json\/wp\/v2\/product\/29210","targetHints":{"allow":["GET"]}}],"collection":[{"href":"https:\/\/www.libraria-occitana.org\/en\/wp-json\/wp\/v2\/product"}],"about":[{"href":"https:\/\/www.libraria-occitana.org\/en\/wp-json\/wp\/v2\/types\/product"}],"wp:featuredmedia":[{"embeddable":true,"href":"https:\/\/www.libraria-occitana.org\/en\/wp-json\/wp\/v2\/media\/29054"}],"wp:attachment":[{"href":"https:\/\/www.libraria-occitana.org\/en\/wp-json\/wp\/v2\/media?parent=29210"}],"wp:term":[{"taxonomy":"product_brand","embeddable":true,"href":"https:\/\/www.libraria-occitana.org\/en\/wp-json\/wp\/v2\/product_brand?post=29210"},{"taxonomy":"product_cat","embeddable":true,"href":"https:\/\/www.libraria-occitana.org\/en\/wp-json\/wp\/v2\/product_cat?post=29210"},{"taxonomy":"product_tag","embeddable":true,"href":"https:\/\/www.libraria-occitana.org\/en\/wp-json\/wp\/v2\/product_tag?post=29210"}],"curies":[{"name":"wp","href":"https:\/\/api.w.org\/{rel}","templated":true}]}}