{"id":29214,"date":"2015-07-12T15:00:53","date_gmt":"2015-07-12T14:00:53","guid":{"rendered":"http:\/\/www.libraria-occitana.org\/all-products\/la-grava-sul-camin-levangeli-de-bertomieu?lang=en"},"modified":"2026-04-18T22:41:26","modified_gmt":"2026-04-18T20:41:26","slug":"la-grava-sul-camin-levangeli-de-bertomieu","status":"publish","type":"product","link":"https:\/\/www.libraria-occitana.org\/en\/product\/la-grava-sul-camin-levangeli-de-bertomieu\/","title":{"rendered":"La grava sul camin &#8211; L&#8217;Evang\u00e8li de Bertomieu"},"content":{"rendered":"<p><em>La grava sul camin<\/em> est un roman publi\u00e9 pour la premi\u00e8re fois en 1956. il est inspir\u00e9 de l\u2019histoire personnelle de Joan Bodon, qui a \u00e9t\u00e9 oblig\u00e9 de faire le Service du Travail Obligatoire (STO) en Sil\u00e9sie de 1943 \u00e0 1945.<br \/>\n<em>L\u2019Evang\u00e8li de Bertomieu<\/em> est de la m\u00eame fa\u00e7on inspir\u00e9 de cette exp\u00e9rience. C\u2019est un roman in\u00e9dit de l\u2019\u00e9poque de Joan Bodon, dont il ne demeure que ce manuscrit inachev\u00e9 qui se trouvait parmi ses papiers au moment de sa mort.<\/p>\n<p><strong>Jean Boudou<\/strong>\u00a0(Joan Bodon en occitan)(Crespin, 11\/12\/1920 &#8211; Alg\u00e9rie, 24\/02\/1975), est un des grands \u00e9crivains du monde moderne. Marqu\u00e9 par l\u2018imaginaire du conte, il aborde dans son \u0153uvre des th\u00e8mes universels ou bibliques pour parler de son intimit\u00e9 avec la langue occitane qu\u2019il voit d\u00e9cliner.<\/p>\n","protected":false},"excerpt":{"rendered":"<p>La grava sul camin est un roman publi\u00e9 pour la premi\u00e8re fois en 1956. il est inspir\u00e9 de l\u2019histoire personnelle de Joan Bodon, qui a \u00e9t\u00e9 oblig\u00e9 de faire le Service du Travail Obligatoire (STO) en Sil\u00e9sie de 1943 \u00e0 1945. L\u2019Evang\u00e8li de Bertomieu est de la m\u00eame fa\u00e7on inspir\u00e9 de cette exp\u00e9rience. C\u2019est un [&hellip;]<\/p>\n","protected":false},"featured_media":28772,"template":"","meta":{"_acf_changed":false,"_genesis_hide_title":false,"_genesis_hide_breadcrumbs":false,"_genesis_hide_singular_image":false,"_genesis_hide_footer_widgets":false,"_genesis_custom_body_class":"","_genesis_custom_post_class":"","_genesis_layout":""},"product_brand":[],"product_cat":[7132,7174,7182],"product_tag":[],"class_list":{"0":"post-29214","1":"product","2":"type-product","3":"status-publish","4":"has-post-thumbnail","6":"product_cat-books","7":"product_cat-literature-en","8":"product_cat-novels-short-stories-en","9":"pa_auteur-bodon-joan-en","10":"pa_editeur-ieo-fr-en","11":"pa_langue-occitan-en","12":"pa_langue-occitan-lengadocian-en","13":"entry","15":"first","16":"instock","17":"shipping-taxable","18":"purchasable","19":"product-type-simple"},"acf":[],"_links":{"self":[{"href":"https:\/\/www.libraria-occitana.org\/en\/wp-json\/wp\/v2\/product\/29214","targetHints":{"allow":["GET"]}}],"collection":[{"href":"https:\/\/www.libraria-occitana.org\/en\/wp-json\/wp\/v2\/product"}],"about":[{"href":"https:\/\/www.libraria-occitana.org\/en\/wp-json\/wp\/v2\/types\/product"}],"wp:featuredmedia":[{"embeddable":true,"href":"https:\/\/www.libraria-occitana.org\/en\/wp-json\/wp\/v2\/media\/28772"}],"wp:attachment":[{"href":"https:\/\/www.libraria-occitana.org\/en\/wp-json\/wp\/v2\/media?parent=29214"}],"wp:term":[{"taxonomy":"product_brand","embeddable":true,"href":"https:\/\/www.libraria-occitana.org\/en\/wp-json\/wp\/v2\/product_brand?post=29214"},{"taxonomy":"product_cat","embeddable":true,"href":"https:\/\/www.libraria-occitana.org\/en\/wp-json\/wp\/v2\/product_cat?post=29214"},{"taxonomy":"product_tag","embeddable":true,"href":"https:\/\/www.libraria-occitana.org\/en\/wp-json\/wp\/v2\/product_tag?post=29214"}],"curies":[{"name":"wp","href":"https:\/\/api.w.org\/{rel}","templated":true}]}}