{"id":29216,"date":"2015-02-01T17:03:53","date_gmt":"2015-02-01T16:03:53","guid":{"rendered":"http:\/\/www.libraria-occitana.org\/all-products\/labbaye-de-saint-martial-de-limoges-mille-ans-dhistoire?lang=en"},"modified":"2026-04-29T10:08:01","modified_gmt":"2026-04-29T08:08:01","slug":"labbaye-de-saint-martial-de-limoges-mille-ans-dhistoire","status":"publish","type":"product","link":"https:\/\/www.libraria-occitana.org\/en\/product\/labbaye-de-saint-martial-de-limoges-mille-ans-dhistoire\/","title":{"rendered":"L&#8217;abbaye de Saint-Martial de Limoges : Mille ans d&#8217;histoire"},"content":{"rendered":"<p>Le myst\u00e8re du n\u00e9ant \u00e9clair\u00e9 par l\u2019histoire&#8230; Telle est la recherche de l\u2019auteur, Limousine de c\u0153ur, pour donner vie au souvenir de l\u2019abbaye de Saint-Martial de Limoges, aujourd\u2019hui disparue, alors qu\u2019elle fut, du IXe au XIIIe si\u00e8cle, grande par son pouvoir de la pri\u00e8re, sa puissance politique et \u00ab humanitaire \u00bb, sa cr\u00e9ation musicale, architecturale, litt\u00e9raire et artistique (\u00e9maux, enluminures). Elle d\u00e9clina entre les XIVe et XVIIe si\u00e8cles et disparut \u00e0 la fin du XVIIIe si\u00e8cle.<\/p>\n<p>Il n\u2019en reste aujourd\u2019hui que le souvenir&#8230; et le fonds tr\u00e8s riche des manuscrits conserv\u00e9 \u00e0 la Biblioth\u00e8que nationale de France. Que son \u00ab \u00e2me \u00bb revive et sa gloire soit rappel\u00e9e en hommage \u00e0 saint Martial&#8230;<\/p>\n","protected":false},"excerpt":{"rendered":"<p>Le myst\u00e8re du n\u00e9ant \u00e9clair\u00e9 par l\u2019histoire&#8230; Telle est la recherche de l\u2019auteur, Limousine de c\u0153ur, pour donner vie au souvenir de l\u2019abbaye de Saint-Martial de Limoges, aujourd\u2019hui disparue, alors qu\u2019elle fut, du IXe au XIIIe si\u00e8cle, grande par son pouvoir de la pri\u00e8re, sa puissance politique et \u00ab humanitaire \u00bb, sa cr\u00e9ation musicale, architecturale, [&hellip;]<\/p>\n","protected":false},"featured_media":28641,"template":"","meta":{"_acf_changed":false,"_genesis_hide_title":false,"_genesis_hide_breadcrumbs":false,"_genesis_hide_singular_image":false,"_genesis_hide_footer_widgets":false,"_genesis_custom_body_class":"","_genesis_custom_post_class":"","_genesis_layout":""},"product_brand":[],"product_cat":[7160],"product_tag":[],"class_list":{"0":"post-29216","1":"product","2":"type-product","3":"status-publish","4":"has-post-thumbnail","6":"product_cat-medieval-history-en","7":"pa_auteur-ippolito-marguerite-marie-en","8":"pa_editeur-lharmattan-en","9":"pa_langue-francais-en","10":"entry","12":"first","13":"instock","14":"shipping-taxable","15":"purchasable","16":"product-type-simple"},"acf":[],"_links":{"self":[{"href":"https:\/\/www.libraria-occitana.org\/en\/wp-json\/wp\/v2\/product\/29216","targetHints":{"allow":["GET"]}}],"collection":[{"href":"https:\/\/www.libraria-occitana.org\/en\/wp-json\/wp\/v2\/product"}],"about":[{"href":"https:\/\/www.libraria-occitana.org\/en\/wp-json\/wp\/v2\/types\/product"}],"wp:featuredmedia":[{"embeddable":true,"href":"https:\/\/www.libraria-occitana.org\/en\/wp-json\/wp\/v2\/media\/28641"}],"wp:attachment":[{"href":"https:\/\/www.libraria-occitana.org\/en\/wp-json\/wp\/v2\/media?parent=29216"}],"wp:term":[{"taxonomy":"product_brand","embeddable":true,"href":"https:\/\/www.libraria-occitana.org\/en\/wp-json\/wp\/v2\/product_brand?post=29216"},{"taxonomy":"product_cat","embeddable":true,"href":"https:\/\/www.libraria-occitana.org\/en\/wp-json\/wp\/v2\/product_cat?post=29216"},{"taxonomy":"product_tag","embeddable":true,"href":"https:\/\/www.libraria-occitana.org\/en\/wp-json\/wp\/v2\/product_tag?post=29216"}],"curies":[{"name":"wp","href":"https:\/\/api.w.org\/{rel}","templated":true}]}}