{"id":29343,"date":"1970-12-17T11:25:24","date_gmt":"1970-12-17T10:25:24","guid":{"rendered":"http:\/\/www.libraria-occitana.org\/all-products\/oeuvres-completes-edition-du-centenaire-de-jean-baptiste-cheze-1870-1935?lang=en"},"modified":"2026-04-09T03:16:51","modified_gmt":"2026-04-09T01:16:51","slug":"oeuvres-completes-edition-du-centenaire-de-jean-baptiste-cheze-1870-1935","status":"publish","type":"product","link":"https:\/\/www.libraria-occitana.org\/en\/product\/oeuvres-completes-edition-du-centenaire-de-jean-baptiste-cheze-1870-1935\/","title":{"rendered":"\u0152uvres compl\u00e8tes : \u00c9dition du Centenaire de Jean-Baptiste Ch\u00e8ze (1870-1935)"},"content":{"rendered":"<p><strong>Ensenhador :<\/strong><br \/>\n&#8211; La vie et l&#8217;\u0153uvre du Po\u00e8te limousin J.-B. Ch\u00e8ze par Joseph Nouaillac<br \/>\n&#8211; Mily<br \/>\n&#8211; Una princessa dans la tour&#8230; : Peus sendarels d&#8217;en Patanterna, Escouta, Amour&#8230;, Lou libre de la Princessa<br \/>\n&#8211; Countes e niorlas de Jan-de-la-Luna<br \/>\n&#8211; Tracassou e autras pessotas<\/p>\n","protected":false},"excerpt":{"rendered":"<p>Ensenhador : &#8211; La vie et l&#8217;\u0153uvre du Po\u00e8te limousin J.-B. Ch\u00e8ze par Joseph Nouaillac &#8211; Mily &#8211; Una princessa dans la tour&#8230; : Peus sendarels d&#8217;en Patanterna, Escouta, Amour&#8230;, Lou libre de la Princessa &#8211; Countes e niorlas de Jan-de-la-Luna &#8211; Tracassou e autras pessotas<\/p>\n","protected":false},"featured_media":36871,"template":"","meta":{"_acf_changed":false,"_genesis_hide_title":false,"_genesis_hide_breadcrumbs":false,"_genesis_hide_singular_image":false,"_genesis_hide_footer_widgets":false,"_genesis_custom_body_class":"","_genesis_custom_post_class":"","_genesis_layout":""},"product_brand":[],"product_cat":[7188,7132,7174],"product_tag":[],"class_list":{"0":"post-29343","1":"product","2":"type-product","3":"status-publish","4":"has-post-thumbnail","6":"product_cat-arts-studies-en","7":"product_cat-books","8":"product_cat-literature-en","9":"pa_auteur-cheze-jean-baptiste-en","10":"pa_auteur-collectiu-en-2","11":"pa_editeur-lemouzi-en","12":"pa_langue-occitan-lemosin-en","13":"pa_langue-occitan-francais-en","14":"entry","16":"first","17":"instock","18":"shipping-taxable","19":"purchasable","20":"product-type-simple"},"acf":[],"_links":{"self":[{"href":"https:\/\/www.libraria-occitana.org\/en\/wp-json\/wp\/v2\/product\/29343","targetHints":{"allow":["GET"]}}],"collection":[{"href":"https:\/\/www.libraria-occitana.org\/en\/wp-json\/wp\/v2\/product"}],"about":[{"href":"https:\/\/www.libraria-occitana.org\/en\/wp-json\/wp\/v2\/types\/product"}],"wp:featuredmedia":[{"embeddable":true,"href":"https:\/\/www.libraria-occitana.org\/en\/wp-json\/wp\/v2\/media\/36871"}],"wp:attachment":[{"href":"https:\/\/www.libraria-occitana.org\/en\/wp-json\/wp\/v2\/media?parent=29343"}],"wp:term":[{"taxonomy":"product_brand","embeddable":true,"href":"https:\/\/www.libraria-occitana.org\/en\/wp-json\/wp\/v2\/product_brand?post=29343"},{"taxonomy":"product_cat","embeddable":true,"href":"https:\/\/www.libraria-occitana.org\/en\/wp-json\/wp\/v2\/product_cat?post=29343"},{"taxonomy":"product_tag","embeddable":true,"href":"https:\/\/www.libraria-occitana.org\/en\/wp-json\/wp\/v2\/product_tag?post=29343"}],"curies":[{"name":"wp","href":"https:\/\/api.w.org\/{rel}","templated":true}]}}