{"id":29351,"date":"1999-10-17T12:52:11","date_gmt":"1999-10-17T10:52:11","guid":{"rendered":"http:\/\/www.libraria-occitana.org\/all-products\/oeuvres-poetiques-limousines-et-occitanes-de-jean-mouzat-1905-1986-t-1?lang=en"},"modified":"2026-04-29T03:46:25","modified_gmt":"2026-04-29T01:46:25","slug":"oeuvres-poetiques-limousines-et-occitanes-de-jean-mouzat-1905-1986-t-1","status":"publish","type":"product","link":"https:\/\/www.libraria-occitana.org\/en\/product\/oeuvres-poetiques-limousines-et-occitanes-de-jean-mouzat-1905-1986-t-1\/","title":{"rendered":"\u0152uvres po\u00e9tiques limousines et occitanes de Jean Mouzat (1905-1986) T.1"},"content":{"rendered":"<p><strong>Ensenhador :<\/strong><br \/>\n&#8211; Avant-propos : Jean Mouzat ou la qu\u00eate du Limousin perdu par Robert Joudoux<br \/>\n&#8211; Jean Mouzat (1905-1986) : L&#8217;universitaire et le po\u00e8te par Robert Joudoux<br \/>\n&#8211; Chan\u00e7ons de davant lo jorn (1926)<br \/>\n&#8211; L&#8217;\u00f2rt sur lo Pueg (1934)<br \/>\n&#8211; Color del temps (1938)<br \/>\n&#8211; Dieu metge (1950)<br \/>\n&#8211; Javela (1964)<br \/>\n&#8211; Dieu metge novel : amor novel, metge totjorn (1927-1950)<br \/>\n&#8211; Marinas (1964)<\/p>\n<p><a title=\"\u0152uvres po\u00e9tiques limousines et occitanes de Jean Mouzat (1905-1986) T.2\" href=\"http:\/\/www.libraria-occitana.org\/all-products\/oeuvres-poetiques-limousines-et-occitanes-de-jean-mouzat-1905-1986-t-2\"><em>\u0152uvres po\u00e9tiques limousines et occitanes de Jean Mouzat (1905-1986)<\/em> T.2<\/a><\/p>\n","protected":false},"excerpt":{"rendered":"<p>Ensenhador : &#8211; Avant-propos : Jean Mouzat ou la qu\u00eate du Limousin perdu par Robert Joudoux &#8211; Jean Mouzat (1905-1986) : L&#8217;universitaire et le po\u00e8te par Robert Joudoux &#8211; Chan\u00e7ons de davant lo jorn (1926) &#8211; L&#8217;\u00f2rt sur lo Pueg (1934) &#8211; Color del temps (1938) &#8211; Dieu metge (1950) &#8211; Javela (1964) &#8211; Dieu [&hellip;]<\/p>\n","protected":false},"featured_media":29346,"template":"","meta":{"_acf_changed":false,"_genesis_hide_title":false,"_genesis_hide_breadcrumbs":false,"_genesis_hide_singular_image":false,"_genesis_hide_footer_widgets":false,"_genesis_custom_body_class":"","_genesis_custom_post_class":"","_genesis_layout":""},"product_brand":[],"product_cat":[7132,7174,7180],"product_tag":[],"class_list":{"0":"post-29351","1":"product","2":"type-product","3":"status-publish","4":"has-post-thumbnail","6":"product_cat-books","7":"product_cat-literature-en","8":"product_cat-poetry-en","9":"pa_auteur-joudoux-robert-en","10":"pa_auteur-mouzat-jean-en","11":"pa_editeur-lemouzi-en","12":"pa_langue-occitan-lemosin-en","13":"pa_langue-occitan-francais-en","14":"entry","16":"first","17":"instock","18":"shipping-taxable","19":"purchasable","20":"product-type-simple"},"acf":[],"_links":{"self":[{"href":"https:\/\/www.libraria-occitana.org\/en\/wp-json\/wp\/v2\/product\/29351","targetHints":{"allow":["GET"]}}],"collection":[{"href":"https:\/\/www.libraria-occitana.org\/en\/wp-json\/wp\/v2\/product"}],"about":[{"href":"https:\/\/www.libraria-occitana.org\/en\/wp-json\/wp\/v2\/types\/product"}],"wp:featuredmedia":[{"embeddable":true,"href":"https:\/\/www.libraria-occitana.org\/en\/wp-json\/wp\/v2\/media\/29346"}],"wp:attachment":[{"href":"https:\/\/www.libraria-occitana.org\/en\/wp-json\/wp\/v2\/media?parent=29351"}],"wp:term":[{"taxonomy":"product_brand","embeddable":true,"href":"https:\/\/www.libraria-occitana.org\/en\/wp-json\/wp\/v2\/product_brand?post=29351"},{"taxonomy":"product_cat","embeddable":true,"href":"https:\/\/www.libraria-occitana.org\/en\/wp-json\/wp\/v2\/product_cat?post=29351"},{"taxonomy":"product_tag","embeddable":true,"href":"https:\/\/www.libraria-occitana.org\/en\/wp-json\/wp\/v2\/product_tag?post=29351"}],"curies":[{"name":"wp","href":"https:\/\/api.w.org\/{rel}","templated":true}]}}