{"id":29369,"date":"2015-10-20T18:33:25","date_gmt":"2015-10-20T17:33:25","guid":{"rendered":"http:\/\/www.libraria-occitana.org\/all-products\/gabriel-des-burons-aux-halles?lang=en"},"modified":"2026-04-29T11:10:49","modified_gmt":"2026-04-29T09:10:49","slug":"gabriel-des-burons-aux-halles","status":"publish","type":"product","link":"https:\/\/www.libraria-occitana.org\/en\/product\/gabriel-des-burons-aux-halles\/","title":{"rendered":"Gabriel, des burons&#8230; aux Halles"},"content":{"rendered":"<p>Au XIXe si\u00e8cle, quand tout changea si vite, laissant la terre aux a\u00een\u00e9s, les cadets quitt\u00e8rent en grand nombre leurs p\u00e2turages, leurs vaches, leurs burons pour exercer \u00e0 Paris toutes sortes de petits m\u00e9tiers. Puis, fortune faite, ils revenaient faire construire au pays. Comme le jeune Gabriel, dont vous allez suivre les pas. <\/p>\n<p>Comme tous les migrants, c\u2019\u00e9taient des hommes entre deux mondes, dans un aller-retour permanent entre la terre qui attache et la modernit\u00e9 qui fascine. Mais tous les Parisiens ne sont-ils pas, comme eux, issus de la terre ? Et quand ils ont go\u00fbt\u00e9 \u00e0 l\u2019eau courante sur l\u2019\u00e9vier, ils trouvent bien dur de retourner tirer l\u2019eau \u00e0 la fontaine. Anciens bergers et paysans, ce sont bient\u00f4t les nouveaux bourgeois qui fr\u00e9quenteront les grands magasins, iront \u00e0 l\u2019op\u00e9ra, et apprendront \u00e0 t\u00e9l\u00e9phoner. <\/p>\n<p>Claude Chappe Gautier a toujours v\u00e9cu entre ces deux mondes, dont elle pr\u00e9sente ici, avec beaucoup de sensibilit\u00e9, les deux facettes. Et elle n\u2019oublie pas que ce sont les hommes de la terre qui ont permis aux gens des villes de vivre plus confortablement.<\/p>\n","protected":false},"excerpt":{"rendered":"<p>Au XIXe si\u00e8cle, quand tout changea si vite, laissant la terre aux a\u00een\u00e9s, les cadets quitt\u00e8rent en grand nombre leurs p\u00e2turages, leurs vaches, leurs burons pour exercer \u00e0 Paris toutes sortes de petits m\u00e9tiers. Puis, fortune faite, ils revenaient faire construire au pays. Comme le jeune Gabriel, dont vous allez suivre les pas. Comme tous [&hellip;]<\/p>\n","protected":false},"featured_media":29367,"template":"","meta":{"_acf_changed":false,"_genesis_hide_title":false,"_genesis_hide_breadcrumbs":false,"_genesis_hide_singular_image":false,"_genesis_hide_footer_widgets":false,"_genesis_custom_body_class":"","_genesis_custom_post_class":"","_genesis_layout":""},"product_brand":[],"product_cat":[7132,7148,7158],"product_tag":[],"class_list":{"0":"post-29369","1":"product","2":"type-product","3":"status-publish","4":"has-post-thumbnail","6":"product_cat-books","7":"product_cat-history-geography-en","8":"product_cat-modern-and-contemporary-history-en","9":"pa_auteur-chappe-gauthier-claude-en","10":"pa_editeur-maiade-en","11":"pa_langue-francais-en","12":"entry","14":"first","15":"instock","16":"shipping-taxable","17":"purchasable","18":"product-type-simple"},"acf":[],"_links":{"self":[{"href":"https:\/\/www.libraria-occitana.org\/en\/wp-json\/wp\/v2\/product\/29369","targetHints":{"allow":["GET"]}}],"collection":[{"href":"https:\/\/www.libraria-occitana.org\/en\/wp-json\/wp\/v2\/product"}],"about":[{"href":"https:\/\/www.libraria-occitana.org\/en\/wp-json\/wp\/v2\/types\/product"}],"wp:featuredmedia":[{"embeddable":true,"href":"https:\/\/www.libraria-occitana.org\/en\/wp-json\/wp\/v2\/media\/29367"}],"wp:attachment":[{"href":"https:\/\/www.libraria-occitana.org\/en\/wp-json\/wp\/v2\/media?parent=29369"}],"wp:term":[{"taxonomy":"product_brand","embeddable":true,"href":"https:\/\/www.libraria-occitana.org\/en\/wp-json\/wp\/v2\/product_brand?post=29369"},{"taxonomy":"product_cat","embeddable":true,"href":"https:\/\/www.libraria-occitana.org\/en\/wp-json\/wp\/v2\/product_cat?post=29369"},{"taxonomy":"product_tag","embeddable":true,"href":"https:\/\/www.libraria-occitana.org\/en\/wp-json\/wp\/v2\/product_tag?post=29369"}],"curies":[{"name":"wp","href":"https:\/\/api.w.org\/{rel}","templated":true}]}}