{"id":29407,"date":"2003-01-10T13:01:12","date_gmt":"2003-01-10T12:01:12","guid":{"rendered":"http:\/\/www.libraria-occitana.org\/all-products\/couleur-chabrette?lang=en"},"modified":"2026-04-29T02:31:47","modified_gmt":"2026-04-29T00:31:47","slug":"couleur-chabrette","status":"publish","type":"product","link":"https:\/\/www.libraria-occitana.org\/en\/product\/couleur-chabrette\/","title":{"rendered":"Couleur chabrette"},"content":{"rendered":"<p><strong>Geoffrey Audoin, Aur\u00e9lie D\u00f4me, Adrien Giuge, Nicolas Nanet, Philippe Randonneix, Ang\u00e9lique Simonet, Franck Verniolle :<\/strong> chabrettes <strong>Adrien Besse :<\/strong> chabrette, clarinette <strong>\u00c9tienne Candela, Fr\u00e9d\u00e9ric Chabalier :<\/strong> chabrettes, guitare <strong>Fran\u00e7oise \u00c9tay :<\/strong> accord\u00e9on diatonique <strong>Gilbert Guillaume :<\/strong> fl\u00fbtes <strong>Jonathan Guillaume, Sylvain Lacouchie :<\/strong> chabrettes, fl\u00fbtes <strong>Alexandra Lacouchie :<\/strong> violon <strong>Gilles Laupr\u00eatre, Coline Merle, Marie-Dominique Verniolle :<\/strong> vielle-\u00e0-roue <strong>Antoine Merle :<\/strong> musette bourbonnaise <strong>Magal\u00ed Urroz :<\/strong> accord\u00e9on diatonique, chant <strong>[oc]<\/strong> La musica de Couleur Chabrette\u00a0\u2014 coma las pinturas de J.-J. Sanfourche\u00a0que los chabretaires dau C.N.R. de Lim\u00f2tges e &#8216;na diesena d&#8217;autres musicaires li dedican queu gravament \u2014 es au c\u00f2p plan vielha, de segur, enraijada dins una mem\u00f2ria collectiva sens atge, mas plan j\u00f2una maitot, duberta e sensibla au monde d&#8217;a\u00fcei. <strong>[fr]<\/strong> La musique de Couleur Chabrette \u2014 comme la peinture de J.-J. Sanfourche \u00e0 qui les chabretaires du C.N.R. de Limoges\u00a0et une dizaine d&#8217;autres musiciens d\u00e9dient \u00a0cet enregistrement \u2014 est probablement \u00e0 la fois tr\u00e8s vieille, enracin\u00e9e dans une m\u00e9moire collective sans \u00e2ge, et tr\u00e8s jeune aussi, largement ouverte et sensible au monde d&#8217;aujourd&#8217;hui. <strong>[en]<\/strong> The Chabrette players of the National Regional Conservatoire of Limoges and a dozen or so other musicians dedicate this recording to J.-J. Sanfourche. Like his painting, the music of Couleur Chabrette\u00a0is probably very ancient, rooted in an ageless collective memory, but it is also very youthful, both receptive and sensitive to the world of today. <strong>Titres :<\/strong> 1. \u00ab Lou Missiounari \u00bb &#8211;\u00a0\u00ab Bourr\u00e9e de Trech\u00a0\u00bb &#8211;\u00a0\u00ab L&#8217;as-tu enguera\u00a0\u00bb 2.\u00a0\u00ab Sur la gr\u00e8ve de Paris\u00a0\u00bb &#8211;\u00a0\u00ab C&#8217;est les filles de Praline \u00bb 3. Mazurkas de Michel P\u00e9chadre et Michel Meilhac 4.\u00a0\u00ab Taito\u00a0\u00bb &#8211; Polka d&#8217;Artense 5.\u00a0\u00ab Tout en passant devant le grand moulin\u00a0\u00bb 6.\u00a0\u00ab Si sabiatz dronletas\u00a0\u00bb &#8211;\u00a0\u00ab Les rats \u00bb 7. Sauti\u00e8res 8. \u00ab Valse d&#8217;\u00e9t\u00e9 \u00bb 9. \u00ab Piere la talhava \u00bb &#8211; \u00ab Je viens de la noce \u00bb &#8211; \u00ab T&#8217;avia ben dich que te faria pas de mau \u00bb 10. \u00ab Ribats ribats \u00bb 11. Rondeau et congo 12. Giattes de Andr\u00e9 Lauren\u00e7on, Paul Pruny et Eug\u00e8ne Thomas 13. \u00ab Si z&#8217;avia &#8216;na mia \u00bb &#8211; Scottish de Michel P\u00e9chadre 14. \u00ab Le papillon suit la chandelle \u00bb 15. \u00ab Ton chien, jolie berg\u00e8re \u00bb &#8211; Polka piqu\u00e9e de M. Dardaillon 16. \u00ab Darrier los genebriers \u00bb &#8211; Bourr\u00e9e d&#8217;Alfred Mouret &#8211; Bourr\u00e9e de Pierre Geneix 17. Marche et cantique 18. \u00ab \u00c9pine des sables \u00bb 19. \u00ab Quau te mena \u00bb 20. \u00ab La chan\u00e7on de la Sent Mar\u00e7au \u00bb 21. \u00ab Adieu la ville de Perpignan \u00bb &#8211; \u00ab L&#8217;autre jour me promenant \u00bb 22. \u00ab Lo Chabretaire \u00bb<\/p>\n","protected":false},"excerpt":{"rendered":"<p>Geoffrey Audoin, Aur\u00e9lie D\u00f4me, Adrien Giuge, Nicolas Nanet, Philippe Randonneix, Ang\u00e9lique Simonet, Franck Verniolle : chabrettes Adrien Besse : chabrette, clarinette \u00c9tienne Candela, Fr\u00e9d\u00e9ric Chabalier : chabrettes, guitare Fran\u00e7oise \u00c9tay : accord\u00e9on diatonique Gilbert Guillaume : fl\u00fbtes Jonathan Guillaume, Sylvain Lacouchie : chabrettes, fl\u00fbtes Alexandra Lacouchie : violon Gilles Laupr\u00eatre, Coline Merle, Marie-Dominique Verniolle : [&hellip;]<\/p>\n","protected":false},"featured_media":29405,"template":"","meta":{"_acf_changed":false,"_genesis_hide_title":false,"_genesis_hide_breadcrumbs":false,"_genesis_hide_singular_image":false,"_genesis_hide_footer_widgets":false,"_genesis_custom_body_class":"","_genesis_custom_post_class":"","_genesis_layout":""},"product_brand":[],"product_cat":[7228,7216],"product_tag":[],"class_list":{"0":"post-29407","1":"product","2":"type-product","3":"status-publish","4":"has-post-thumbnail","6":"product_cat-modern-folk-en","7":"product_cat-music-en","8":"pa_auteur-couleur-chabrette-en","9":"pa_editeur-la-trad-bande-en","10":"pa_langue-occitan-en","11":"pa_langue-occitan-lemosin-en","12":"entry","14":"first","15":"outofstock","16":"shipping-taxable","17":"purchasable","18":"product-type-simple"},"acf":[],"_links":{"self":[{"href":"https:\/\/www.libraria-occitana.org\/en\/wp-json\/wp\/v2\/product\/29407","targetHints":{"allow":["GET"]}}],"collection":[{"href":"https:\/\/www.libraria-occitana.org\/en\/wp-json\/wp\/v2\/product"}],"about":[{"href":"https:\/\/www.libraria-occitana.org\/en\/wp-json\/wp\/v2\/types\/product"}],"wp:featuredmedia":[{"embeddable":true,"href":"https:\/\/www.libraria-occitana.org\/en\/wp-json\/wp\/v2\/media\/29405"}],"wp:attachment":[{"href":"https:\/\/www.libraria-occitana.org\/en\/wp-json\/wp\/v2\/media?parent=29407"}],"wp:term":[{"taxonomy":"product_brand","embeddable":true,"href":"https:\/\/www.libraria-occitana.org\/en\/wp-json\/wp\/v2\/product_brand?post=29407"},{"taxonomy":"product_cat","embeddable":true,"href":"https:\/\/www.libraria-occitana.org\/en\/wp-json\/wp\/v2\/product_cat?post=29407"},{"taxonomy":"product_tag","embeddable":true,"href":"https:\/\/www.libraria-occitana.org\/en\/wp-json\/wp\/v2\/product_tag?post=29407"}],"curies":[{"name":"wp","href":"https:\/\/api.w.org\/{rel}","templated":true}]}}