{"id":29417,"date":"2014-07-10T13:38:18","date_gmt":"2014-07-10T12:38:18","guid":{"rendered":"http:\/\/www.libraria-occitana.org\/all-products\/gargamas?lang=en"},"modified":"2026-04-29T02:36:41","modified_gmt":"2026-04-29T00:36:41","slug":"gargamas","status":"publish","type":"product","link":"https:\/\/www.libraria-occitana.org\/en\/product\/gargamas\/","title":{"rendered":"Gargamas"},"content":{"rendered":"<p><strong>Gilles de Becdeli\u00e8vre :<\/strong> accord\u00e9on diatonique, chant<br \/>\n<strong>Antonin Duval :<\/strong> violon, pieds<br \/>\nAvec la participation de :<br \/>\n<strong>Pierre-Fran\u00e7ois Graval<\/strong>, vielle \u00e0 roue (6, 14)<br \/>\n<strong>Antoine Marot<\/strong>, chant (12)<br \/>\n<strong>Philippe Ancelin<\/strong>, violon<br \/>\n<strong>Nicolas Rouzier<\/strong>, chabrette (13, 14)<\/p>\n<p>Gargamas \u00e9tait un g\u00e9ant P\u00e9rigourdin qui mettait un pied sur chaque berge de la Dordogne et urinait dans la rivi\u00e8re \u00e0 chaque envie pressante ! Gargamas c&#8217;est aussi le nom qu&#8217;ont choisi Gilles de Becdeli\u00e8vre et Antonin Duval pour leur duo de musique traditionnelle \u00e0 danser.<br \/>\nLe r\u00e9pertoire est p\u00e9rigourdin pour l&#8217;essentiel, ponctu\u00e9 de quelques emprunts aux voisins limousins. Au menu : bourr\u00e9es, sauti\u00e8res, polkas, scottishs, valses, mazurkas, rondeaux,&#8230; Musiques du pays collect\u00e9es dans les ann\u00e9es quatre-vingt ou issues de recueils de d\u00e9but du si\u00e8cle, Gargamas les interpr\u00e8te avec l\u2019influence des anciens comme des contemporains, recherchant une \u00e9nergie particuli\u00e8re dans ces musiques enracin\u00e9es, une sorte de transe, \u00e0 l\u2019image du blues et plus g\u00e9n\u00e9ralement des musiques \u00e0 bourdon.<\/p>\n<p><strong>Titres :<\/strong><br \/>\n1. Le r\u00e9veil de Gargamas (bourr\u00e9es, Dordogne) 3&#8217;28&#8221;<br \/>\n2. L\u2019Ausel \/ Mon paire e ma maire (polkas, Dordogne) 2&#8217;18&#8221;<br \/>\n3. Oh ! Qu&#8217;elles sont b\u00eates (mazurka, Dordogne) 3&#8217;58&#8221;<br \/>\n4. Ton petit Pierre \/ Que farem de l\u2019ausel (meitorns, Dordogne) 1&#8217;34&#8221;<br \/>\n5. A la Farjanueva (scottish, Haute-Vienne) 3&#8217;31&#8221;<br \/>\n6. Saint-Salvadour \/ Les Auvergnates (valses, Corr\u00e8ze \/ Dordogne) 2&#8217;52&#8221;<br \/>\n7. Las meitivas (chanson, Dordogne) 2&#8217;04&#8221;<br \/>\n8. Lo ressegaire \/ Bourr\u00e9e des alentours de P\u00e9rigueux (bourr\u00e9es, Dordogne) 2&#8217;55&#8221;<br \/>\n9. Les filles de Marzac (chanson, Dordogne) 4&#8217;06&#8221;<br \/>\n10. Ma petita miniarda \/ Vai te far frizar (sauti\u00e8res, Dordogne) 1&#8217;47&#8221;<br \/>\n11. Mazurka et polka de M. Tellier (Dordogne) 3&#8217;54&#8221;<br \/>\n12. Alau dins \u2018queu pais bas \/ Delai Paris (chanson \/ bourr\u00e9e, Corr\u00e8ze) 4&#8217;10&#8221;<br \/>\n13. As pas vengut \/ Fissas-me \/ Sauti\u00e8re d&#8217;Angoisse (sauti\u00e8res, Dordogne et Corr\u00e8ze) 2&#8217;36&#8221;<br \/>\n14. Charivari 0&#8217;58&#8221;<\/p>\n","protected":false},"excerpt":{"rendered":"<p>Gilles de Becdeli\u00e8vre : accord\u00e9on diatonique, chant Antonin Duval : violon, pieds Avec la participation de : Pierre-Fran\u00e7ois Graval, vielle \u00e0 roue (6, 14) Antoine Marot, chant (12) Philippe Ancelin, violon Nicolas Rouzier, chabrette (13, 14) Gargamas \u00e9tait un g\u00e9ant P\u00e9rigourdin qui mettait un pied sur chaque berge de la Dordogne et urinait dans la [&hellip;]<\/p>\n","protected":false},"featured_media":29415,"template":"","meta":{"_acf_changed":false,"_genesis_hide_title":false,"_genesis_hide_breadcrumbs":false,"_genesis_hide_singular_image":false,"_genesis_hide_footer_widgets":false,"_genesis_custom_body_class":"","_genesis_custom_post_class":"","_genesis_layout":""},"product_brand":[],"product_cat":[7228,7216],"product_tag":[],"class_list":{"0":"post-29417","1":"product","2":"type-product","3":"status-publish","4":"has-post-thumbnail","6":"product_cat-modern-folk-en","7":"product_cat-music-en","8":"pa_auteur-gargamas-en","9":"pa_editeur-aepem-en","10":"pa_langue-francais-en","11":"pa_langue-occitan-en","12":"entry","14":"first","15":"instock","16":"shipping-taxable","17":"purchasable","18":"product-type-simple"},"acf":[],"_links":{"self":[{"href":"https:\/\/www.libraria-occitana.org\/en\/wp-json\/wp\/v2\/product\/29417","targetHints":{"allow":["GET"]}}],"collection":[{"href":"https:\/\/www.libraria-occitana.org\/en\/wp-json\/wp\/v2\/product"}],"about":[{"href":"https:\/\/www.libraria-occitana.org\/en\/wp-json\/wp\/v2\/types\/product"}],"wp:featuredmedia":[{"embeddable":true,"href":"https:\/\/www.libraria-occitana.org\/en\/wp-json\/wp\/v2\/media\/29415"}],"wp:attachment":[{"href":"https:\/\/www.libraria-occitana.org\/en\/wp-json\/wp\/v2\/media?parent=29417"}],"wp:term":[{"taxonomy":"product_brand","embeddable":true,"href":"https:\/\/www.libraria-occitana.org\/en\/wp-json\/wp\/v2\/product_brand?post=29417"},{"taxonomy":"product_cat","embeddable":true,"href":"https:\/\/www.libraria-occitana.org\/en\/wp-json\/wp\/v2\/product_cat?post=29417"},{"taxonomy":"product_tag","embeddable":true,"href":"https:\/\/www.libraria-occitana.org\/en\/wp-json\/wp\/v2\/product_tag?post=29417"}],"curies":[{"name":"wp","href":"https:\/\/api.w.org\/{rel}","templated":true}]}}